{"id":11909,"date":"2025-06-29T14:08:58","date_gmt":"2025-06-29T12:08:58","guid":{"rendered":"https:\/\/uj.adatbank.ro\/lexikon\/termek\/kilyen-mozes-3\/"},"modified":"2025-06-29T14:08:58","modified_gmt":"2025-06-29T12:08:58","slug":"kilyen-mozes-3","status":"publish","type":"product","link":"https:\/\/uj.adatbank.ro\/lexikon\/termek\/kilyen-mozes-3\/","title":{"rendered":"KILY\u00c9N M\u00f3zes,"},"content":{"rendered":"<p>Buzah\u00e1za, 1889., \u2020 Cs\u00edkfalva, 1981.: Tiszthelyettes a cs. \u00e9s kir. 62. gyalogezredben. <strong>Kit\u00fcntet\u00e9sei:<\/strong> O1, O2, Kcsk, leg\u00e9nynys\u00e9gi Katonai szolg\u00e1lati jel III. oszt., 1912\u20131913. \u00e9vi. <br \/><strong>Irod.:<\/strong> Berekm\u00e9ri\u2013Nemes<\/br><\/p>\n","protected":false},"excerpt":{"rendered":"<p>Buzah\u00e1za, 1889., \u2020 Cs\u00edkfalva, 1981.: Tiszthelyettes a cs. \u00e9s kir. 62. gyalogezredben. Kit\u00fcntet\u00e9sei: O1, O2, Kcsk, leg\u00e9nynys\u00e9gi Katonai szolg\u00e1lati jel III. oszt., 1912\u20131913. \u00e9vi. Irod.: Berekm\u00e9ri\u2013Nemes<\/p>\n","protected":false},"featured_media":0,"comment_status":"open","ping_status":"closed","template":"","meta":[],"product_brand":[],"product_cat":[137],"product_tag":[],"class_list":{"0":"post-11909","1":"product","2":"type-product","3":"status-publish","5":"product_cat-maros-megyei-eletrajzi-lexikon","7":"first","8":"instock","9":"shipping-taxable","10":"product-type-simple"},"_links":{"self":[{"href":"https:\/\/uj.adatbank.ro\/lexikon\/wp-json\/wp\/v2\/product\/11909","targetHints":{"allow":["GET"]}}],"collection":[{"href":"https:\/\/uj.adatbank.ro\/lexikon\/wp-json\/wp\/v2\/product"}],"about":[{"href":"https:\/\/uj.adatbank.ro\/lexikon\/wp-json\/wp\/v2\/types\/product"}],"replies":[{"embeddable":true,"href":"https:\/\/uj.adatbank.ro\/lexikon\/wp-json\/wp\/v2\/comments?post=11909"}],"wp:attachment":[{"href":"https:\/\/uj.adatbank.ro\/lexikon\/wp-json\/wp\/v2\/media?parent=11909"}],"wp:term":[{"taxonomy":"product_brand","embeddable":true,"href":"https:\/\/uj.adatbank.ro\/lexikon\/wp-json\/wp\/v2\/product_brand?post=11909"},{"taxonomy":"product_cat","embeddable":true,"href":"https:\/\/uj.adatbank.ro\/lexikon\/wp-json\/wp\/v2\/product_cat?post=11909"},{"taxonomy":"product_tag","embeddable":true,"href":"https:\/\/uj.adatbank.ro\/lexikon\/wp-json\/wp\/v2\/product_tag?post=11909"}],"curies":[{"name":"wp","href":"https:\/\/api.w.org\/{rel}","templated":true}]}}