{"id":11910,"date":"2025-06-29T14:09:00","date_gmt":"2025-06-29T12:09:00","guid":{"rendered":"https:\/\/uj.adatbank.ro\/lexikon\/termek\/kilyen-sandor\/"},"modified":"2025-06-29T14:09:00","modified_gmt":"2025-06-29T12:09:00","slug":"kilyen-sandor","status":"publish","type":"product","link":"https:\/\/uj.adatbank.ro\/lexikon\/termek\/kilyen-sandor\/","title":{"rendered":"KILY\u00c9N S\u00e1ndor"},"content":{"rendered":"<p>1896., \u2020 Mv., 1949. nov. 7.: iparos, elektrotechnikus, r\u00e1di\u00f3keresked\u0151. \u2013 Sz\u00e9kelykakasdon \u00e9s Mv.-en v\u00e9gezte iskol\u00e1it. Villany- \u00e9s r\u00e1di\u00f3szerel\u00e9si v\u00e1llalatot nyitott Mv.-en. (1922\u2013). R\u00e1di\u00f3kat \u00e1rult. Az els\u0151 vh.-ban mint l\u00f6vegvezet\u0151 teljes\u00edtett szolg\u00e1latot, s\u00falyosan megsebes\u00fclt. A bronz v. \u00e9rem, a seb. \u00e9rem., a koron\u00e1s vas\u00e9rdemkereszt \u00e9s a K\u00e1roly csapatkereszt kit\u00fcntetettje. A MP tagja, az Iparosegyes\u00fclet v\u00e1lasztm\u00e1nyi tagja volt. \u2014Irod.: \u00d6kr\u00f6s, Sz\u00e9kelyf\u00f6ld \u00ed. k.; Sz\u00e9kelykakasd; Inf. Nagy L\u00e1sl\u00f3 lelk\u00e9szt\u0151l<\/br><\/p>\n","protected":false},"excerpt":{"rendered":"<p>1896., \u2020 Mv., 1949. nov. 7.: iparos, elektrotechnikus, r\u00e1di\u00f3keresked\u0151. \u2013 Sz\u00e9kelykakasdon \u00e9s Mv.-en v\u00e9gezte iskol\u00e1it. Villany- \u00e9s r\u00e1di\u00f3szerel\u00e9si v\u00e1llalatot nyitott Mv.-en. (1922\u2013). R\u00e1di\u00f3kat \u00e1rult. Az els\u0151 vh.-ban mint l\u00f6vegvezet\u0151 teljes\u00edtett szolg\u00e1latot, s\u00falyosan megsebes\u00fclt. A bronz v. \u00e9rem, a seb. \u00e9rem., a koron\u00e1s vas\u00e9rdemkereszt \u00e9s a K\u00e1roly csapatkereszt kit\u00fcntetettje. A MP tagja, az Iparosegyes\u00fclet v\u00e1lasztm\u00e1nyi tagja [&hellip;]<\/p>\n","protected":false},"featured_media":0,"comment_status":"open","ping_status":"closed","template":"","meta":[],"product_brand":[],"product_cat":[137],"product_tag":[],"class_list":{"0":"post-11910","1":"product","2":"type-product","3":"status-publish","5":"product_cat-maros-megyei-eletrajzi-lexikon","7":"first","8":"instock","9":"shipping-taxable","10":"product-type-simple"},"_links":{"self":[{"href":"https:\/\/uj.adatbank.ro\/lexikon\/wp-json\/wp\/v2\/product\/11910","targetHints":{"allow":["GET"]}}],"collection":[{"href":"https:\/\/uj.adatbank.ro\/lexikon\/wp-json\/wp\/v2\/product"}],"about":[{"href":"https:\/\/uj.adatbank.ro\/lexikon\/wp-json\/wp\/v2\/types\/product"}],"replies":[{"embeddable":true,"href":"https:\/\/uj.adatbank.ro\/lexikon\/wp-json\/wp\/v2\/comments?post=11910"}],"wp:attachment":[{"href":"https:\/\/uj.adatbank.ro\/lexikon\/wp-json\/wp\/v2\/media?parent=11910"}],"wp:term":[{"taxonomy":"product_brand","embeddable":true,"href":"https:\/\/uj.adatbank.ro\/lexikon\/wp-json\/wp\/v2\/product_brand?post=11910"},{"taxonomy":"product_cat","embeddable":true,"href":"https:\/\/uj.adatbank.ro\/lexikon\/wp-json\/wp\/v2\/product_cat?post=11910"},{"taxonomy":"product_tag","embeddable":true,"href":"https:\/\/uj.adatbank.ro\/lexikon\/wp-json\/wp\/v2\/product_tag?post=11910"}],"curies":[{"name":"wp","href":"https:\/\/api.w.org\/{rel}","templated":true}]}}