{"id":11917,"date":"2025-06-29T14:09:18","date_gmt":"2025-06-29T12:09:18","guid":{"rendered":"https:\/\/uj.adatbank.ro\/lexikon\/termek\/kincses-elemer-%c2%a7\/"},"modified":"2025-06-29T14:09:18","modified_gmt":"2025-06-29T12:09:18","slug":"kincses-elemer-%c2%a7","status":"publish","type":"product","link":"https:\/\/uj.adatbank.ro\/lexikon\/termek\/kincses-elemer-%c2%a7\/","title":{"rendered":"KINCSES Elem\u00e9r, \u00a7"},"content":{"rendered":"<p>? \u2020 Mv., 1916.: m\u00e9rn\u00f6k. \u2013 K. D\u00e1niel igazgat\u00f3-tan\u00edt\u00f3 \u00e9s Bakos R\u00f3za fia. Huga K. R\u00f3zsika. Feles\u00e9ge: P\u00e1lfy Erzs\u00e9bet, postatisztvisel\u0151 \u00e9s panzi\u00f3s, (esk\u00fcv\u0151: 1910. dec. 15.). Gyermekeik: \u00c9va (1911. okt. 27. \u2013), Szerdahelyi L\u00e1szl\u00f3n\u00e9; Elem\u00e9r (1914\u20131991). \u2013 Bp.-en a M\u0171szaki Egyetemen kapott okleveles vas\u00fat- \u00e9s h\u00edd\u00e9p\u00edt\u0151 m\u00e9rn\u00f6ki diplom\u00e1t (1902). Amerik\u00e1ban dolgozott 4 \u00e9vig. V\u00e1rosi m\u00e9rn\u00f6k Kv.-on, majd vas\u00fati m\u00e9rn\u00f6k a M\u00c1V. -n\u00e1l Fogarason, Nagyenyeden, v\u00e9g\u00fcl Mv.-en (1916. jan. \u2013), f\u00e9l \u00e9v mulva bek\u00f6vetkezett korai hal\u00e1l\u00e1ig. <br \/><strong>Irod.:<\/strong> csal\u00e1di inf. Kincses El\u0151dt\u0151l; korunk<\/br><\/p>\n","protected":false},"excerpt":{"rendered":"<p>? \u2020 Mv., 1916.: m\u00e9rn\u00f6k. \u2013 K. D\u00e1niel igazgat\u00f3-tan\u00edt\u00f3 \u00e9s Bakos R\u00f3za fia. Huga K. R\u00f3zsika. Feles\u00e9ge: P\u00e1lfy Erzs\u00e9bet, postatisztvisel\u0151 \u00e9s panzi\u00f3s, (esk\u00fcv\u0151: 1910. dec. 15.). Gyermekeik: \u00c9va (1911. okt. 27. \u2013), Szerdahelyi L\u00e1szl\u00f3n\u00e9; Elem\u00e9r (1914\u20131991). \u2013 Bp.-en a M\u0171szaki Egyetemen kapott okleveles vas\u00fat- \u00e9s h\u00edd\u00e9p\u00edt\u0151 m\u00e9rn\u00f6ki diplom\u00e1t (1902). Amerik\u00e1ban dolgozott 4 \u00e9vig. V\u00e1rosi m\u00e9rn\u00f6k [&hellip;]<\/p>\n","protected":false},"featured_media":0,"comment_status":"open","ping_status":"closed","template":"","meta":[],"product_brand":[],"product_cat":[137],"product_tag":[],"class_list":{"0":"post-11917","1":"product","2":"type-product","3":"status-publish","5":"product_cat-maros-megyei-eletrajzi-lexikon","7":"first","8":"instock","9":"shipping-taxable","10":"product-type-simple"},"_links":{"self":[{"href":"https:\/\/uj.adatbank.ro\/lexikon\/wp-json\/wp\/v2\/product\/11917","targetHints":{"allow":["GET"]}}],"collection":[{"href":"https:\/\/uj.adatbank.ro\/lexikon\/wp-json\/wp\/v2\/product"}],"about":[{"href":"https:\/\/uj.adatbank.ro\/lexikon\/wp-json\/wp\/v2\/types\/product"}],"replies":[{"embeddable":true,"href":"https:\/\/uj.adatbank.ro\/lexikon\/wp-json\/wp\/v2\/comments?post=11917"}],"wp:attachment":[{"href":"https:\/\/uj.adatbank.ro\/lexikon\/wp-json\/wp\/v2\/media?parent=11917"}],"wp:term":[{"taxonomy":"product_brand","embeddable":true,"href":"https:\/\/uj.adatbank.ro\/lexikon\/wp-json\/wp\/v2\/product_brand?post=11917"},{"taxonomy":"product_cat","embeddable":true,"href":"https:\/\/uj.adatbank.ro\/lexikon\/wp-json\/wp\/v2\/product_cat?post=11917"},{"taxonomy":"product_tag","embeddable":true,"href":"https:\/\/uj.adatbank.ro\/lexikon\/wp-json\/wp\/v2\/product_tag?post=11917"}],"curies":[{"name":"wp","href":"https:\/\/api.w.org\/{rel}","templated":true}]}}