{"id":11918,"date":"2025-06-29T14:09:21","date_gmt":"2025-06-29T12:09:21","guid":{"rendered":"https:\/\/uj.adatbank.ro\/lexikon\/termek\/kincses-elemer-%c2%a7-2\/"},"modified":"2025-06-29T14:09:21","modified_gmt":"2025-06-29T12:09:21","slug":"kincses-elemer-%c2%a7-2","status":"publish","type":"product","link":"https:\/\/uj.adatbank.ro\/lexikon\/termek\/kincses-elemer-%c2%a7-2\/","title":{"rendered":"KINCSES Elem\u00e9r, \u00a7"},"content":{"rendered":"<p>Nagyenyed, 1914. \u00e1pr. 7., \u2020 Mv., 1991. febr. 20.: jog\u00e1sz, \u00fcgy\u00e9sz, b\u00edr\u00f3. \u2013 K. Elem\u00e9r \u00e9s P\u00e1lfy Erzs\u00e9bet fia. Feles\u00e9ge: Polifka Margit (Szov\u00e1ta, 1913. m\u00e1rc. 10. \u2013 Mv., 1995. nov. 22.). Esk\u00fcv\u0151: 1940. dec. 25. Gyermekeik: El\u0151d (Mv., 1941. okt. 2. \u2013) \u00fcgyv\u00e9d; Emese (1943. m\u00e1j. 5. \u2013) tan\u00e1rn\u0151, rendez\u0151, \u00edr\u00f3; Elem\u00e9r (1946. m\u00e1rc. 9. \u2013) sz\u00ednh\u00e1zi rendez\u0151 \u00e9s \u00edr\u00f3. \u2013 Mv.-en a Ref. Koll.-ban \u00e9retts\u00e9gizett (1931). A kolozsv\u00e1ri Ferdinand kir\u00e1ly egyetem jogi kar\u00e1n mint mezei jog\u00e1sz szerzett diplom\u00e1t, azut\u00e1n \u00fcgyv\u00e9d bojt\u00e1rk\u00e9nt dolgozott. A b\u00e9csi d\u00f6nt\u00e9s ut\u00e1n a Mv.-i J\u00e1r\u00e1sb\u00edr\u00f3s\u00e1gra kinevezt\u00e9k b\u00edr\u00f3s\u00e1gi jegyz\u0151nek. H\u00e1rom \u00e9vi gyakorlat \u00e9s a kv.-i FJTE-en megszerzett doktor\u00e1tus ut\u00e1n (1942.), letehette \u00e9s le is tette a m. b\u00edr\u00f3i vizsg\u00e1t, amelyre Bp.-en a n\u00e9met megsz\u00e1ll\u00e1s napj\u00e1n (1944. m\u00e1rc. 19.) ker\u00fclt sor. A visszavonul\u00e1skor (1944 \u0151sze), feles\u00e9g\u00e9t \u00e9s az akkora megsz\u00fcletett els\u0151 k\u00e9t gyermek\u00e9t, hivatalb\u00f3l kitelep\u00edtett\u00e9k Bp. -re. Csal\u00e1dj\u00e1val egy\u00fctt itt \u00e9lte \u00e1t az ostromot. B\u00edr\u00f3i kinevez\u00e9st kapott a Pesterzs\u00e9beti B\u00edr\u00f3s\u00e1gra (1945 \u00e1pr.), de visszat\u00e9rt Mv. -re. Az 1946 \u00e9vi szov\u00e1tai f\u00fcrd\u0151 szezon alatt zongoristak\u00e1nt dolgozott az az\u00f3ta lebontott nagyh\u00edr\u0171 Kaszin\u00f3ban, Salamon K\u00e1lm\u00e1nnak, Erd\u00e9ly legh\u00edresebb pr\u00edm\u00e1s\u00e1nak a zenekar\u00e1ban (band\u00e1j\u00e1ban?). Lucre\u0163iu P\u0103tr\u0103\u015fcanu igazs\u00e1g\u00fcgyminiszter (a rom\u00e1n \u201eRajk L\u00e1szl\u00f3\u201d) kinevezte b\u00edr\u00f3nak a Marosh\u00e9v\u00edzi J\u00e1r\u00e1sb\u00edr\u00f3s\u00e1gra (1946 \u0151sz\u00e9n). Egy \u00e9v m\u00falva \u00e1thelyezt\u00e9k Ny\u00e1r\u00e1dszered\u00e1ba, j\u00e1r\u00e1sb\u00edr\u00f3s\u00e1gi eln\u00f6knek. \u00dcgy\u00e9sznek Mv. -re helyezt\u00e9k (1949) A MAT l\u00e9trehoz\u00e1sakor f\u0151\u00fcgy\u00e9sz helyettes lett. Kinevezt\u00e9k a MAT-i T\u00f6rv\u00e9nysz\u00e9k eln\u00f6k\u00e9nek (1958\u2013), Aurel Ciupet v\u00e1ltotta fel. Ebb\u0151l Iosif Banc, a RMP MM AT-i els\u0151 titk\u00e1ra v\u00e1ltotta le (1962.). Nyugd\u00edjaz\u00e1s\u00e1ig (1976) tan\u00e1csvezet\u0151 b\u00edr\u00f3k\u00e9nt dolgozott, azut\u00e1n pedig le\u00edr\u00f3 \u00e9s m\u00e1sol\u00f3 irod\u00e1t m\u0171k\u00f6dtetett hal\u00e1l\u00e1ig (1991. febr. 17). <br \/><strong>Irod.:<\/strong> Bottoni 2008; csal\u00e1di inf.; Gy\u00e1rf\u00e1s 2013; [Nekrol\u00f3g] (N\u00fa., 1991. febr. 21.)<\/br><\/p>\n","protected":false},"excerpt":{"rendered":"<p>Nagyenyed, 1914. \u00e1pr. 7., \u2020 Mv., 1991. febr. 20.: jog\u00e1sz, \u00fcgy\u00e9sz, b\u00edr\u00f3. \u2013 K. Elem\u00e9r \u00e9s P\u00e1lfy Erzs\u00e9bet fia. Feles\u00e9ge: Polifka Margit (Szov\u00e1ta, 1913. m\u00e1rc. 10. \u2013 Mv., 1995. nov. 22.). Esk\u00fcv\u0151: 1940. dec. 25. Gyermekeik: El\u0151d (Mv., 1941. okt. 2. \u2013) \u00fcgyv\u00e9d; Emese (1943. m\u00e1j. 5. \u2013) tan\u00e1rn\u0151, rendez\u0151, \u00edr\u00f3; Elem\u00e9r (1946. m\u00e1rc. 9. [&hellip;]<\/p>\n","protected":false},"featured_media":0,"comment_status":"open","ping_status":"closed","template":"","meta":[],"product_brand":[],"product_cat":[137],"product_tag":[],"class_list":{"0":"post-11918","1":"product","2":"type-product","3":"status-publish","5":"product_cat-maros-megyei-eletrajzi-lexikon","7":"first","8":"instock","9":"shipping-taxable","10":"product-type-simple"},"_links":{"self":[{"href":"https:\/\/uj.adatbank.ro\/lexikon\/wp-json\/wp\/v2\/product\/11918","targetHints":{"allow":["GET"]}}],"collection":[{"href":"https:\/\/uj.adatbank.ro\/lexikon\/wp-json\/wp\/v2\/product"}],"about":[{"href":"https:\/\/uj.adatbank.ro\/lexikon\/wp-json\/wp\/v2\/types\/product"}],"replies":[{"embeddable":true,"href":"https:\/\/uj.adatbank.ro\/lexikon\/wp-json\/wp\/v2\/comments?post=11918"}],"wp:attachment":[{"href":"https:\/\/uj.adatbank.ro\/lexikon\/wp-json\/wp\/v2\/media?parent=11918"}],"wp:term":[{"taxonomy":"product_brand","embeddable":true,"href":"https:\/\/uj.adatbank.ro\/lexikon\/wp-json\/wp\/v2\/product_brand?post=11918"},{"taxonomy":"product_cat","embeddable":true,"href":"https:\/\/uj.adatbank.ro\/lexikon\/wp-json\/wp\/v2\/product_cat?post=11918"},{"taxonomy":"product_tag","embeddable":true,"href":"https:\/\/uj.adatbank.ro\/lexikon\/wp-json\/wp\/v2\/product_tag?post=11918"}],"curies":[{"name":"wp","href":"https:\/\/api.w.org\/{rel}","templated":true}]}}