{"id":11919,"date":"2025-06-29T14:09:22","date_gmt":"2025-06-29T12:09:22","guid":{"rendered":"https:\/\/uj.adatbank.ro\/lexikon\/termek\/kincses-elemerne-%c2%a7-palfy-erzsebet\/"},"modified":"2025-06-29T14:09:22","modified_gmt":"2025-06-29T12:09:22","slug":"kincses-elemerne-%c2%a7-palfy-erzsebet","status":"publish","type":"product","link":"https:\/\/uj.adatbank.ro\/lexikon\/termek\/kincses-elemerne-%c2%a7-palfy-erzsebet\/","title":{"rendered":"KINCSES Elem\u00e9rn\u00e9; \u00a7 P\u00e1lfy Erzs\u00e9bet"},"content":{"rendered":"<p>Kv., 1880. j\u00fal. 28., \u2020 Mv., 1977. m\u00e1rc. 22.: postai hivatalnok, panzi\u00f3tulajdonos. \u2013 P\u00e1lfy Endre ref. lelk\u00e9sz \u00e9s Fazakas Borb\u00e1la le\u00e1nya. F\u00e9rje, Kincses Elem\u00e9r, m\u00e9rn\u00f6k. Gyermekeik: \u00c9va (1911. okt. 27. \u2013), Szerdahelyi L\u00e1szl\u00f3n\u00e9; Elem\u00e9r (1914\u20131991). \u2013 Kv.-on a De Gerando francia int\u00e9zetben tanult. Postai hivatalnok nyugd\u00edjaz\u00e1s\u00e1ig. Szov\u00e1t\u00e1n mint villab\u00e9rl\u0151, j\u00f3nev\u0171 panziot nyitott (1927), vend\u00e9gl\u00e1t\u00f3 ipari mesteri vizsg\u00e1t tett. A mv.-i Ref. N\u0151sz\u00f6vets\u00e9g tagja, a szoci\u00e1lis \u00e9s j\u00f3t\u00e9kony egyes\u00fcletek r\u00e9sztvev\u0151je \u00e9s t\u00e1mogat\u00f3ja volt. A II. vh. ut\u00e1n kifosztva tal\u00e1lta a szov\u00e1tai panzi\u00f3it. Baleset k\u00f6vetkezt\u00e9ben megb\u00e9nult (1952). <br \/><strong>Irod.:<\/strong> csal\u00e1di inf. Kincses El\u0151dt\u0151l; Nan\u00f3, eml\u00e9kirata k\u00e9ziratban (1967); Sz\u00e9kelyf\u00f6ld \u00ed. k<\/br><\/p>\n","protected":false},"excerpt":{"rendered":"<p>Kv., 1880. j\u00fal. 28., \u2020 Mv., 1977. m\u00e1rc. 22.: postai hivatalnok, panzi\u00f3tulajdonos. \u2013 P\u00e1lfy Endre ref. lelk\u00e9sz \u00e9s Fazakas Borb\u00e1la le\u00e1nya. F\u00e9rje, Kincses Elem\u00e9r, m\u00e9rn\u00f6k. Gyermekeik: \u00c9va (1911. okt. 27. \u2013), Szerdahelyi L\u00e1szl\u00f3n\u00e9; Elem\u00e9r (1914\u20131991). \u2013 Kv.-on a De Gerando francia int\u00e9zetben tanult. Postai hivatalnok nyugd\u00edjaz\u00e1s\u00e1ig. Szov\u00e1t\u00e1n mint villab\u00e9rl\u0151, j\u00f3nev\u0171 panziot nyitott (1927), vend\u00e9gl\u00e1t\u00f3 ipari [&hellip;]<\/p>\n","protected":false},"featured_media":0,"comment_status":"open","ping_status":"closed","template":"","meta":[],"product_brand":[],"product_cat":[137],"product_tag":[],"class_list":{"0":"post-11919","1":"product","2":"type-product","3":"status-publish","5":"product_cat-maros-megyei-eletrajzi-lexikon","7":"first","8":"instock","9":"shipping-taxable","10":"product-type-simple"},"_links":{"self":[{"href":"https:\/\/uj.adatbank.ro\/lexikon\/wp-json\/wp\/v2\/product\/11919","targetHints":{"allow":["GET"]}}],"collection":[{"href":"https:\/\/uj.adatbank.ro\/lexikon\/wp-json\/wp\/v2\/product"}],"about":[{"href":"https:\/\/uj.adatbank.ro\/lexikon\/wp-json\/wp\/v2\/types\/product"}],"replies":[{"embeddable":true,"href":"https:\/\/uj.adatbank.ro\/lexikon\/wp-json\/wp\/v2\/comments?post=11919"}],"wp:attachment":[{"href":"https:\/\/uj.adatbank.ro\/lexikon\/wp-json\/wp\/v2\/media?parent=11919"}],"wp:term":[{"taxonomy":"product_brand","embeddable":true,"href":"https:\/\/uj.adatbank.ro\/lexikon\/wp-json\/wp\/v2\/product_brand?post=11919"},{"taxonomy":"product_cat","embeddable":true,"href":"https:\/\/uj.adatbank.ro\/lexikon\/wp-json\/wp\/v2\/product_cat?post=11919"},{"taxonomy":"product_tag","embeddable":true,"href":"https:\/\/uj.adatbank.ro\/lexikon\/wp-json\/wp\/v2\/product_tag?post=11919"}],"curies":[{"name":"wp","href":"https:\/\/api.w.org\/{rel}","templated":true}]}}