{"id":11921,"date":"2025-06-29T14:09:28","date_gmt":"2025-06-29T12:09:28","guid":{"rendered":"https:\/\/uj.adatbank.ro\/lexikon\/termek\/kinda-gyorgy-muzsnai\/"},"modified":"2025-06-29T14:09:28","modified_gmt":"2025-06-29T12:09:28","slug":"kinda-gyorgy-muzsnai","status":"publish","type":"product","link":"https:\/\/uj.adatbank.ro\/lexikon\/termek\/kinda-gyorgy-muzsnai\/","title":{"rendered":"KINDA Gy\u00f6rgy, muzsnai"},"content":{"rendered":"<p>Sz\u00e9kelymuzsna, 1890., \u2020 ?: tan\u00edt\u00f3, \u00e1llami elemei iskolai igazgat\u00f3. \u2013 Sz\u00e9kelyudvarhelyen \u00e9s Nagyenyeden v\u00e9gezte tanulm\u00e1nyait \u00e9s Tompafalv\u00e1n mint ref. k\u00e1ntortan\u00edt\u00f3 kezdett tan\u00edtani, azut\u00e1n Sz\u00e9kelyudvarhelyen (1920), majd Erd\u0151szentgy\u00f6rgy\u00f6n (1926\u2013) tan\u00edtott., ahol igazgat\u00f3 lett (1940). A ref. dal\u00e1rda vezet\u0151je volt, sz\u00e1mos egyh\u00e1zi \u00e9s kultur\u00e1lis egyes\u00fclet munk\u00e1j\u00e1ban vett r\u00e9szt. Az els\u0151 vh.-ban mint \u00f6nk\u00e9ntes tizedes ker\u00fclt orosz fogs\u00e1gba. <br \/><strong>Irod.:<\/strong> Sz\u00e9kelyf\u00f6ld \u00ed. k<\/br><\/p>\n","protected":false},"excerpt":{"rendered":"<p>Sz\u00e9kelymuzsna, 1890., \u2020 ?: tan\u00edt\u00f3, \u00e1llami elemei iskolai igazgat\u00f3. \u2013 Sz\u00e9kelyudvarhelyen \u00e9s Nagyenyeden v\u00e9gezte tanulm\u00e1nyait \u00e9s Tompafalv\u00e1n mint ref. k\u00e1ntortan\u00edt\u00f3 kezdett tan\u00edtani, azut\u00e1n Sz\u00e9kelyudvarhelyen (1920), majd Erd\u0151szentgy\u00f6rgy\u00f6n (1926\u2013) tan\u00edtott., ahol igazgat\u00f3 lett (1940). A ref. dal\u00e1rda vezet\u0151je volt, sz\u00e1mos egyh\u00e1zi \u00e9s kultur\u00e1lis egyes\u00fclet munk\u00e1j\u00e1ban vett r\u00e9szt. Az els\u0151 vh.-ban mint \u00f6nk\u00e9ntes tizedes ker\u00fclt orosz fogs\u00e1gba. [&hellip;]<\/p>\n","protected":false},"featured_media":0,"comment_status":"open","ping_status":"closed","template":"","meta":[],"product_brand":[],"product_cat":[137],"product_tag":[],"class_list":{"0":"post-11921","1":"product","2":"type-product","3":"status-publish","5":"product_cat-maros-megyei-eletrajzi-lexikon","7":"first","8":"instock","9":"shipping-taxable","10":"product-type-simple"},"_links":{"self":[{"href":"https:\/\/uj.adatbank.ro\/lexikon\/wp-json\/wp\/v2\/product\/11921","targetHints":{"allow":["GET"]}}],"collection":[{"href":"https:\/\/uj.adatbank.ro\/lexikon\/wp-json\/wp\/v2\/product"}],"about":[{"href":"https:\/\/uj.adatbank.ro\/lexikon\/wp-json\/wp\/v2\/types\/product"}],"replies":[{"embeddable":true,"href":"https:\/\/uj.adatbank.ro\/lexikon\/wp-json\/wp\/v2\/comments?post=11921"}],"wp:attachment":[{"href":"https:\/\/uj.adatbank.ro\/lexikon\/wp-json\/wp\/v2\/media?parent=11921"}],"wp:term":[{"taxonomy":"product_brand","embeddable":true,"href":"https:\/\/uj.adatbank.ro\/lexikon\/wp-json\/wp\/v2\/product_brand?post=11921"},{"taxonomy":"product_cat","embeddable":true,"href":"https:\/\/uj.adatbank.ro\/lexikon\/wp-json\/wp\/v2\/product_cat?post=11921"},{"taxonomy":"product_tag","embeddable":true,"href":"https:\/\/uj.adatbank.ro\/lexikon\/wp-json\/wp\/v2\/product_tag?post=11921"}],"curies":[{"name":"wp","href":"https:\/\/api.w.org\/{rel}","templated":true}]}}