{"id":11923,"date":"2025-06-29T14:09:31","date_gmt":"2025-06-29T12:09:31","guid":{"rendered":"https:\/\/uj.adatbank.ro\/lexikon\/termek\/kinda-maria\/"},"modified":"2025-06-29T14:09:31","modified_gmt":"2025-06-29T12:09:31","slug":"kinda-maria","status":"publish","type":"product","link":"https:\/\/uj.adatbank.ro\/lexikon\/termek\/kinda-maria\/","title":{"rendered":"KINDA M\u00e1ria"},"content":{"rendered":"<p>? \u2020 ?: sz\u00e9kelybosi csel\u00e9dl\u00e1ny. \u2013 Ellopta Beke S\u00e1muel c\u00e1s\u00e1rhelyi csizmadiamester f\u00e9l\u00e9ves gyermek\u00e9t., azt \u00e1ll\u00edtva hogy az erd\u0151szentgy\u00f6rgyi zsid\u00f3k (Herschel Lebel \u00e9s t\u00e1rsai) megb\u00edz\u00e1s\u00e1b\u00f3l (1828). A v\u00e9rv\u00e1dnak a hat\u00f3s\u00e1gok hitelt adtak, t\u00f6bb letartoztat\u00e1s volt. Ut\u00f3bb a csel\u00e9dl\u00e1ny visszavonta \u00e1ll\u00edt\u00e1sait, szabadon engedt\u00e9k a megv\u00e1dolt zsid\u00f3kat. <br \/><strong>Irod.:<\/strong> Id\u0151t\u00e1r 1<\/br><\/p>\n","protected":false},"excerpt":{"rendered":"<p>? \u2020 ?: sz\u00e9kelybosi csel\u00e9dl\u00e1ny. \u2013 Ellopta Beke S\u00e1muel c\u00e1s\u00e1rhelyi csizmadiamester f\u00e9l\u00e9ves gyermek\u00e9t., azt \u00e1ll\u00edtva hogy az erd\u0151szentgy\u00f6rgyi zsid\u00f3k (Herschel Lebel \u00e9s t\u00e1rsai) megb\u00edz\u00e1s\u00e1b\u00f3l (1828). A v\u00e9rv\u00e1dnak a hat\u00f3s\u00e1gok hitelt adtak, t\u00f6bb letartoztat\u00e1s volt. Ut\u00f3bb a csel\u00e9dl\u00e1ny visszavonta \u00e1ll\u00edt\u00e1sait, szabadon engedt\u00e9k a megv\u00e1dolt zsid\u00f3kat. Irod.: Id\u0151t\u00e1r 1<\/p>\n","protected":false},"featured_media":0,"comment_status":"open","ping_status":"closed","template":"","meta":[],"product_brand":[],"product_cat":[137],"product_tag":[],"class_list":{"0":"post-11923","1":"product","2":"type-product","3":"status-publish","5":"product_cat-maros-megyei-eletrajzi-lexikon","7":"first","8":"instock","9":"shipping-taxable","10":"product-type-simple"},"_links":{"self":[{"href":"https:\/\/uj.adatbank.ro\/lexikon\/wp-json\/wp\/v2\/product\/11923","targetHints":{"allow":["GET"]}}],"collection":[{"href":"https:\/\/uj.adatbank.ro\/lexikon\/wp-json\/wp\/v2\/product"}],"about":[{"href":"https:\/\/uj.adatbank.ro\/lexikon\/wp-json\/wp\/v2\/types\/product"}],"replies":[{"embeddable":true,"href":"https:\/\/uj.adatbank.ro\/lexikon\/wp-json\/wp\/v2\/comments?post=11923"}],"wp:attachment":[{"href":"https:\/\/uj.adatbank.ro\/lexikon\/wp-json\/wp\/v2\/media?parent=11923"}],"wp:term":[{"taxonomy":"product_brand","embeddable":true,"href":"https:\/\/uj.adatbank.ro\/lexikon\/wp-json\/wp\/v2\/product_brand?post=11923"},{"taxonomy":"product_cat","embeddable":true,"href":"https:\/\/uj.adatbank.ro\/lexikon\/wp-json\/wp\/v2\/product_cat?post=11923"},{"taxonomy":"product_tag","embeddable":true,"href":"https:\/\/uj.adatbank.ro\/lexikon\/wp-json\/wp\/v2\/product_tag?post=11923"}],"curies":[{"name":"wp","href":"https:\/\/api.w.org\/{rel}","templated":true}]}}