{"id":11924,"date":"2025-06-29T14:09:32","date_gmt":"2025-06-29T12:09:32","guid":{"rendered":"https:\/\/uj.adatbank.ro\/lexikon\/termek\/kindel-johann\/"},"modified":"2025-06-29T14:09:32","modified_gmt":"2025-06-29T12:09:32","slug":"kindel-johann","status":"publish","type":"product","link":"https:\/\/uj.adatbank.ro\/lexikon\/termek\/kindel-johann\/","title":{"rendered":"KINDEL, Johann"},"content":{"rendered":"<p>Sz\u00e1szr\u00e9gen, 1819., \u2020 ?: katonatiszt. \u2013 \u00d6nk\u00e9ntes k\u00f6zkatonak\u00e9nt vonult be az 53. m. -horv\u00e1t Erzherzog Leopold gyalogezredhez, amelynek vez\u00e9rkara Agramban sz\u00e9kelt (1838). El\u0151l\u00e9ptett\u00e9k hadnaggy\u00e1 (1858), f\u0151hadnaggy\u00e1 (1859). R\u00e9szt vett az Olaszo.-i hadj\u00e1ratban (1859). Nyugalomba helyezt\u00e9k (1860). <br \/><strong>Irod.:<\/strong> Reghin, militari<\/br><\/p>\n","protected":false},"excerpt":{"rendered":"<p>Sz\u00e1szr\u00e9gen, 1819., \u2020 ?: katonatiszt. \u2013 \u00d6nk\u00e9ntes k\u00f6zkatonak\u00e9nt vonult be az 53. m. -horv\u00e1t Erzherzog Leopold gyalogezredhez, amelynek vez\u00e9rkara Agramban sz\u00e9kelt (1838). El\u0151l\u00e9ptett\u00e9k hadnaggy\u00e1 (1858), f\u0151hadnaggy\u00e1 (1859). R\u00e9szt vett az Olaszo.-i hadj\u00e1ratban (1859). Nyugalomba helyezt\u00e9k (1860). Irod.: Reghin, militari<\/p>\n","protected":false},"featured_media":0,"comment_status":"open","ping_status":"closed","template":"","meta":[],"product_brand":[],"product_cat":[137],"product_tag":[],"class_list":{"0":"post-11924","1":"product","2":"type-product","3":"status-publish","5":"product_cat-maros-megyei-eletrajzi-lexikon","7":"first","8":"instock","9":"shipping-taxable","10":"product-type-simple"},"_links":{"self":[{"href":"https:\/\/uj.adatbank.ro\/lexikon\/wp-json\/wp\/v2\/product\/11924","targetHints":{"allow":["GET"]}}],"collection":[{"href":"https:\/\/uj.adatbank.ro\/lexikon\/wp-json\/wp\/v2\/product"}],"about":[{"href":"https:\/\/uj.adatbank.ro\/lexikon\/wp-json\/wp\/v2\/types\/product"}],"replies":[{"embeddable":true,"href":"https:\/\/uj.adatbank.ro\/lexikon\/wp-json\/wp\/v2\/comments?post=11924"}],"wp:attachment":[{"href":"https:\/\/uj.adatbank.ro\/lexikon\/wp-json\/wp\/v2\/media?parent=11924"}],"wp:term":[{"taxonomy":"product_brand","embeddable":true,"href":"https:\/\/uj.adatbank.ro\/lexikon\/wp-json\/wp\/v2\/product_brand?post=11924"},{"taxonomy":"product_cat","embeddable":true,"href":"https:\/\/uj.adatbank.ro\/lexikon\/wp-json\/wp\/v2\/product_cat?post=11924"},{"taxonomy":"product_tag","embeddable":true,"href":"https:\/\/uj.adatbank.ro\/lexikon\/wp-json\/wp\/v2\/product_tag?post=11924"}],"curies":[{"name":"wp","href":"https:\/\/api.w.org\/{rel}","templated":true}]}}