{"id":11925,"date":"2025-06-29T14:09:35","date_gmt":"2025-06-29T12:09:35","guid":{"rendered":"https:\/\/uj.adatbank.ro\/lexikon\/termek\/kinisi-michael-kinizsi-mihaly\/"},"modified":"2025-06-29T14:09:35","modified_gmt":"2025-06-29T12:09:35","slug":"kinisi-michael-kinizsi-mihaly","status":"publish","type":"product","link":"https:\/\/uj.adatbank.ro\/lexikon\/termek\/kinisi-michael-kinizsi-mihaly\/","title":{"rendered":"KINISI Michael, Kinizsi Mih\u00e1ly"},"content":{"rendered":"<p>Sz\u00e1szcs\u00e1v\u00e1s, 1821. \u2020 ?: gy\u00f3gyszer\u00e9sz. \u2013 Pesten, 22 \u00e9vesen gyakorlati vizsg\u00e1t tett gy\u00f3gyszer\u00e9szetb\u0151l, szigorlatozott, felesk\u00fcd\u00f6tt \u00e9s magiszteri diplom\u00e1t kapott (1843. j\u00fal. 25.). <br \/><strong>Irod.:<\/strong> Szab\u00f3 Mikl\u00f3s 2005<\/br><\/p>\n","protected":false},"excerpt":{"rendered":"<p>Sz\u00e1szcs\u00e1v\u00e1s, 1821. \u2020 ?: gy\u00f3gyszer\u00e9sz. \u2013 Pesten, 22 \u00e9vesen gyakorlati vizsg\u00e1t tett gy\u00f3gyszer\u00e9szetb\u0151l, szigorlatozott, felesk\u00fcd\u00f6tt \u00e9s magiszteri diplom\u00e1t kapott (1843. j\u00fal. 25.). Irod.: Szab\u00f3 Mikl\u00f3s 2005<\/p>\n","protected":false},"featured_media":0,"comment_status":"open","ping_status":"closed","template":"","meta":[],"product_brand":[],"product_cat":[137],"product_tag":[],"class_list":{"0":"post-11925","1":"product","2":"type-product","3":"status-publish","5":"product_cat-maros-megyei-eletrajzi-lexikon","7":"first","8":"instock","9":"shipping-taxable","10":"product-type-simple"},"_links":{"self":[{"href":"https:\/\/uj.adatbank.ro\/lexikon\/wp-json\/wp\/v2\/product\/11925","targetHints":{"allow":["GET"]}}],"collection":[{"href":"https:\/\/uj.adatbank.ro\/lexikon\/wp-json\/wp\/v2\/product"}],"about":[{"href":"https:\/\/uj.adatbank.ro\/lexikon\/wp-json\/wp\/v2\/types\/product"}],"replies":[{"embeddable":true,"href":"https:\/\/uj.adatbank.ro\/lexikon\/wp-json\/wp\/v2\/comments?post=11925"}],"wp:attachment":[{"href":"https:\/\/uj.adatbank.ro\/lexikon\/wp-json\/wp\/v2\/media?parent=11925"}],"wp:term":[{"taxonomy":"product_brand","embeddable":true,"href":"https:\/\/uj.adatbank.ro\/lexikon\/wp-json\/wp\/v2\/product_brand?post=11925"},{"taxonomy":"product_cat","embeddable":true,"href":"https:\/\/uj.adatbank.ro\/lexikon\/wp-json\/wp\/v2\/product_cat?post=11925"},{"taxonomy":"product_tag","embeddable":true,"href":"https:\/\/uj.adatbank.ro\/lexikon\/wp-json\/wp\/v2\/product_tag?post=11925"}],"curies":[{"name":"wp","href":"https:\/\/api.w.org\/{rel}","templated":true}]}}