{"id":11926,"date":"2025-06-29T14:09:38","date_gmt":"2025-06-29T12:09:38","guid":{"rendered":"https:\/\/uj.adatbank.ro\/lexikon\/termek\/kinisi-mihaly-kinizsi-mihaly-zilahi-zilahi-kinisi-mihaly\/"},"modified":"2025-06-29T14:09:38","modified_gmt":"2025-06-29T12:09:38","slug":"kinisi-mihaly-kinizsi-mihaly-zilahi-zilahi-kinisi-mihaly","status":"publish","type":"product","link":"https:\/\/uj.adatbank.ro\/lexikon\/termek\/kinisi-mihaly-kinizsi-mihaly-zilahi-zilahi-kinisi-mihaly\/","title":{"rendered":"KINISI Mih\u00e1ly, Kinizsi Mih\u00e1ly, zilahi; Zilahi Kinisi Mih\u00e1ly"},"content":{"rendered":"<p>1813., \u2020 1854.: orvos. \u2013 Sz\u00e1sz Istv\u00e1n lp. veje. A fia: Kinizsi Istv\u00e1n. \u2013 K\u00fck\u00fcll\u0151 vm. f\u0151orvosa. A Sikeresen k\u00fczd\u00f6tt a k\u00fcl\u00f6nf\u00e9le j\u00e1rv\u00e1nyok ellen, kiterjesztette a b\u00e1bah\u00e1l\u00f3zatot a vm. ter\u00fclet\u00e9n, szorgalmazta a himl\u0151ellenes olt\u00e1sok alkalmaz\u00e1s\u00e1t. <br \/><strong>Irod.:<\/strong> Cs\u00e1v\u00e1si eml\u00e9kk\u00f6nyv; Szab\u00f3 Mikl\u00f3s 2005<\/br><\/p>\n","protected":false},"excerpt":{"rendered":"<p>1813., \u2020 1854.: orvos. \u2013 Sz\u00e1sz Istv\u00e1n lp. veje. A fia: Kinizsi Istv\u00e1n. \u2013 K\u00fck\u00fcll\u0151 vm. f\u0151orvosa. A Sikeresen k\u00fczd\u00f6tt a k\u00fcl\u00f6nf\u00e9le j\u00e1rv\u00e1nyok ellen, kiterjesztette a b\u00e1bah\u00e1l\u00f3zatot a vm. ter\u00fclet\u00e9n, szorgalmazta a himl\u0151ellenes olt\u00e1sok alkalmaz\u00e1s\u00e1t. Irod.: Cs\u00e1v\u00e1si eml\u00e9kk\u00f6nyv; Szab\u00f3 Mikl\u00f3s 2005<\/p>\n","protected":false},"featured_media":0,"comment_status":"open","ping_status":"closed","template":"","meta":[],"product_brand":[],"product_cat":[137],"product_tag":[],"class_list":{"0":"post-11926","1":"product","2":"type-product","3":"status-publish","5":"product_cat-maros-megyei-eletrajzi-lexikon","7":"first","8":"instock","9":"shipping-taxable","10":"product-type-simple"},"_links":{"self":[{"href":"https:\/\/uj.adatbank.ro\/lexikon\/wp-json\/wp\/v2\/product\/11926","targetHints":{"allow":["GET"]}}],"collection":[{"href":"https:\/\/uj.adatbank.ro\/lexikon\/wp-json\/wp\/v2\/product"}],"about":[{"href":"https:\/\/uj.adatbank.ro\/lexikon\/wp-json\/wp\/v2\/types\/product"}],"replies":[{"embeddable":true,"href":"https:\/\/uj.adatbank.ro\/lexikon\/wp-json\/wp\/v2\/comments?post=11926"}],"wp:attachment":[{"href":"https:\/\/uj.adatbank.ro\/lexikon\/wp-json\/wp\/v2\/media?parent=11926"}],"wp:term":[{"taxonomy":"product_brand","embeddable":true,"href":"https:\/\/uj.adatbank.ro\/lexikon\/wp-json\/wp\/v2\/product_brand?post=11926"},{"taxonomy":"product_cat","embeddable":true,"href":"https:\/\/uj.adatbank.ro\/lexikon\/wp-json\/wp\/v2\/product_cat?post=11926"},{"taxonomy":"product_tag","embeddable":true,"href":"https:\/\/uj.adatbank.ro\/lexikon\/wp-json\/wp\/v2\/product_tag?post=11926"}],"curies":[{"name":"wp","href":"https:\/\/api.w.org\/{rel}","templated":true}]}}