{"id":11928,"date":"2025-06-29T14:09:41","date_gmt":"2025-06-29T12:09:41","guid":{"rendered":"https:\/\/uj.adatbank.ro\/lexikon\/termek\/kinizsi-gyorgy-kinizsi\/"},"modified":"2025-06-29T14:09:41","modified_gmt":"2025-06-29T12:09:41","slug":"kinizsi-gyorgy-kinizsi","status":"publish","type":"product","link":"https:\/\/uj.adatbank.ro\/lexikon\/termek\/kinizsi-gyorgy-kinizsi\/","title":{"rendered":"KINIZSI Gy\u00f6rgy, kinizsi"},"content":{"rendered":"<p>1882.? \u2020 Mv., 1916. m\u00e1rc. 20.: titk\u00e1r, fogalmaz\u00f3. \u2013 Kinizsi Kinizsi Istv\u00e1n, m. kir. honv\u00e9dhusz\u00e1r \u0151rnagy \u00e9s k\u00e1poszt\u00e1sszentmikl\u00f3si Nagy Katalin fia. Testv\u00e9re: K. P\u00e1l, cs. kir. husz\u00e1r kapit\u00e1ny. \u2013 F\u0151isp\u00e1ni titk\u00e1r, miniszteri fogalmaz\u00f3, dr. <br \/><strong>Irod.:<\/strong> Gy\u00e1szjelent\u0151<\/br><\/p>\n","protected":false},"excerpt":{"rendered":"<p>1882.? \u2020 Mv., 1916. m\u00e1rc. 20.: titk\u00e1r, fogalmaz\u00f3. \u2013 Kinizsi Kinizsi Istv\u00e1n, m. kir. honv\u00e9dhusz\u00e1r \u0151rnagy \u00e9s k\u00e1poszt\u00e1sszentmikl\u00f3si Nagy Katalin fia. Testv\u00e9re: K. P\u00e1l, cs. kir. husz\u00e1r kapit\u00e1ny. \u2013 F\u0151isp\u00e1ni titk\u00e1r, miniszteri fogalmaz\u00f3, dr. Irod.: Gy\u00e1szjelent\u0151<\/p>\n","protected":false},"featured_media":0,"comment_status":"open","ping_status":"closed","template":"","meta":[],"product_brand":[],"product_cat":[137],"product_tag":[],"class_list":{"0":"post-11928","1":"product","2":"type-product","3":"status-publish","5":"product_cat-maros-megyei-eletrajzi-lexikon","7":"first","8":"instock","9":"shipping-taxable","10":"product-type-simple"},"_links":{"self":[{"href":"https:\/\/uj.adatbank.ro\/lexikon\/wp-json\/wp\/v2\/product\/11928","targetHints":{"allow":["GET"]}}],"collection":[{"href":"https:\/\/uj.adatbank.ro\/lexikon\/wp-json\/wp\/v2\/product"}],"about":[{"href":"https:\/\/uj.adatbank.ro\/lexikon\/wp-json\/wp\/v2\/types\/product"}],"replies":[{"embeddable":true,"href":"https:\/\/uj.adatbank.ro\/lexikon\/wp-json\/wp\/v2\/comments?post=11928"}],"wp:attachment":[{"href":"https:\/\/uj.adatbank.ro\/lexikon\/wp-json\/wp\/v2\/media?parent=11928"}],"wp:term":[{"taxonomy":"product_brand","embeddable":true,"href":"https:\/\/uj.adatbank.ro\/lexikon\/wp-json\/wp\/v2\/product_brand?post=11928"},{"taxonomy":"product_cat","embeddable":true,"href":"https:\/\/uj.adatbank.ro\/lexikon\/wp-json\/wp\/v2\/product_cat?post=11928"},{"taxonomy":"product_tag","embeddable":true,"href":"https:\/\/uj.adatbank.ro\/lexikon\/wp-json\/wp\/v2\/product_tag?post=11928"}],"curies":[{"name":"wp","href":"https:\/\/api.w.org\/{rel}","templated":true}]}}