{"id":11929,"date":"2025-06-29T14:09:42","date_gmt":"2025-06-29T12:09:42","guid":{"rendered":"https:\/\/uj.adatbank.ro\/lexikon\/termek\/kinizsi-istvan-kinisi-istvan-szaszcsavasi\/"},"modified":"2025-06-29T14:09:42","modified_gmt":"2025-06-29T12:09:42","slug":"kinizsi-istvan-kinisi-istvan-szaszcsavasi","status":"publish","type":"product","link":"https:\/\/uj.adatbank.ro\/lexikon\/termek\/kinizsi-istvan-kinisi-istvan-szaszcsavasi\/","title":{"rendered":"KINIZSI Istv\u00e1n, Kinisi Istv\u00e1n, sz\u00e1szcs\u00e1v\u00e1si"},"content":{"rendered":"<p>Sz\u00e1szcs\u00e1v\u00e1s, 1826. okt. 29., \u2020 Segesv\u00e1r, 1886. febr. 1.: honv\u00e9d\u0151rnagy. \u2013 Apja: K. Mih\u00e1ly, K\u00fck\u00fcll\u0151 megyei f\u0151orvos, t\u00e1blai b\u00edr\u00f3, birtokos. Feles\u00e9ge: k\u00e1poszt\u00e1si Nagy Katalin (1845 \u2013 Mv., 1919. okt. 8.). Gyermekeik: K. P\u00e1l husz\u00e1r \u0151rnagy; Mariska, L\u00e1szl\u00f3 (1873-Mv., 1881) \u2013 K\u00f6z\u00e9piskol\u00e1it Mv.-en v\u00e9gezte, jogot tanult, majd gyakornok volt a radn\u00f3ti uradalomban egy \u00e9vig. A keszthelyi Georgikonban tanult mez\u0151gazd\u00e1szatot (1847\u201348), Kv.-on jogot hallgatott, k\u00f6zben k\u00e9t \u00e9vig hadfi volt a 2. husz\u00e1rezredben. a Kossuth husz\u00e1rezredben \u00f6nk\u00e9ntes (1848. aug. \u2013), a 15. M\u00e1ty\u00e1s-husz\u00e1rezredben \u0151rmester, az erd\u00e9lyi hadsz\u00ednt\u00e9ren, vit\u00e9zs\u00e9g\u00e9\u00e9rt Bem t\u00e1bornok brass\u00f3i f\u0151hadisz\u00e1ll\u00e1s\u00e1n sz\u00e1zadoss\u00e1 l\u00e9ptette el\u0151; a szabads\u00e1gharc lever\u00e9se ut\u00e1n k\u00fclf\u00f6ld\u00f6n \u00e9lt emigr\u00e1ci\u00f3ban: Kis-\u00c1zsi\u00e1ban, Londonban a m. tisztk\u00e9pz\u0151 tanfolyam hallgat\u00f3ja, (Sheffield, London), Amerik\u00e1ban (New York) \u00e9lt (1851\u2013), Bostonban lovagl\u00f3isk. -t vezetett. Kegyelmet kapott \u00e9s hazat\u00e9rhetett (1856). Nevel\u0151k\u00e9nt dolgozott Bethlen S\u00e1ndor gr. -n\u00e1l, majd sz\u00e1szbern\u00e1di birtok\u00e1n gazd\u00e1lkodott (\u20131867); a Maros-menti vas\u00fat \u00e9p\u00edt\u00e9s\u00e9n\u00e9l angol tolm\u00e1cs volt (1866), megv\u00e1lasztott\u00e1k szolgab\u00edr\u00f3nak K\u00fck\u00fcll\u0151 vm.-ben (1867\u2013). A honv\u00e9ds\u00e9g \u00fajj\u00e1szervez\u00e9sekor (1869) ism\u00e9t katon\u00e1skodott s mint f\u0151hadnagyot beosztott\u00e1k a honv\u00e9dhusz\u00e1rokhoz; sz\u00e1zadoss\u00e1 l\u00e9ptet\u00e9k el\u0151 (1874); elv\u00e9gezte a t\u00f6rzstiszti tanfolyamot (1878\u201379) \u00e9s kev\u00e9s ideig a 10. honv\u00e9d-husz\u00e1r-ezred Segesv\u00e1ron \u00e1llom\u00e1soz\u00f3 oszt\u00e1ly\u00e1nak parancsnoka volt; nyugalomba vonult (1881); c\u00edmzetes \u0151rnagyi rangott kapott a kir\u00e1lyt\u00f3l (1881); Kisk\u00fck\u00fcll\u0151megye megv\u00e1lasztotta orsz\u00e1ggy\u0171l\u00e9si ellenz\u00e9ki k\u00e9pvisel\u0151nek de betegs\u00e9ge miatt nem fogadhatta el mand\u00e1tum\u00e1t (1886). Sors\u00e1t, t\u00f6rt\u00e9net\u00e9t le\u00edrta a S\u00e1nta Husz\u00e1r napl\u00f3j\u00e1ban. \u2013 <strong>F. m.:<\/strong> A \u2018\u2019S\u00e1nta husz\u00e1r\u2019\u2019\u2019 napl\u00f3ja: T\u00f6rt\u00e9nelmi eml\u00e9kek az 1848\u201349-es magyar szabads\u00e1gharc katon\u00e1inak emigr\u00e1ci\u00f3s \u00e9let\u00e9b\u0151l (Kv., 1895; Kiad., el\u0151sz\u00f3, jegyz. Sebesty\u00e9n Mih\u00e1ly; Mv., 1999). <br \/><strong>Irod.:<\/strong> Gy\u00e1szjelent\u0151; M\u00c9L; N\u00fa (2001. m\u00e1rc. 14, 20); S\u00fcli Attila: K\u00e9t visszaeml\u00e9kez\u00e9s az 1849. \u00e9vi erd\u00e9lyi hadj\u00e1ratr\u00f3l (Korunk, 2023. okt. 10.); Szab\u00f3 Mikl\u00f3s 2005; Szinnyei; \u00daM\u00c9L<\/br><\/p>\n","protected":false},"excerpt":{"rendered":"<p>Sz\u00e1szcs\u00e1v\u00e1s, 1826. okt. 29., \u2020 Segesv\u00e1r, 1886. febr. 1.: honv\u00e9d\u0151rnagy. \u2013 Apja: K. Mih\u00e1ly, K\u00fck\u00fcll\u0151 megyei f\u0151orvos, t\u00e1blai b\u00edr\u00f3, birtokos. Feles\u00e9ge: k\u00e1poszt\u00e1si Nagy Katalin (1845 \u2013 Mv., 1919. okt. 8.). Gyermekeik: K. P\u00e1l husz\u00e1r \u0151rnagy; Mariska, L\u00e1szl\u00f3 (1873-Mv., 1881) \u2013 K\u00f6z\u00e9piskol\u00e1it Mv.-en v\u00e9gezte, jogot tanult, majd gyakornok volt a radn\u00f3ti uradalomban egy \u00e9vig. A keszthelyi [&hellip;]<\/p>\n","protected":false},"featured_media":0,"comment_status":"open","ping_status":"closed","template":"","meta":[],"product_brand":[],"product_cat":[137],"product_tag":[],"class_list":{"0":"post-11929","1":"product","2":"type-product","3":"status-publish","5":"product_cat-maros-megyei-eletrajzi-lexikon","7":"first","8":"instock","9":"shipping-taxable","10":"product-type-simple"},"_links":{"self":[{"href":"https:\/\/uj.adatbank.ro\/lexikon\/wp-json\/wp\/v2\/product\/11929","targetHints":{"allow":["GET"]}}],"collection":[{"href":"https:\/\/uj.adatbank.ro\/lexikon\/wp-json\/wp\/v2\/product"}],"about":[{"href":"https:\/\/uj.adatbank.ro\/lexikon\/wp-json\/wp\/v2\/types\/product"}],"replies":[{"embeddable":true,"href":"https:\/\/uj.adatbank.ro\/lexikon\/wp-json\/wp\/v2\/comments?post=11929"}],"wp:attachment":[{"href":"https:\/\/uj.adatbank.ro\/lexikon\/wp-json\/wp\/v2\/media?parent=11929"}],"wp:term":[{"taxonomy":"product_brand","embeddable":true,"href":"https:\/\/uj.adatbank.ro\/lexikon\/wp-json\/wp\/v2\/product_brand?post=11929"},{"taxonomy":"product_cat","embeddable":true,"href":"https:\/\/uj.adatbank.ro\/lexikon\/wp-json\/wp\/v2\/product_cat?post=11929"},{"taxonomy":"product_tag","embeddable":true,"href":"https:\/\/uj.adatbank.ro\/lexikon\/wp-json\/wp\/v2\/product_tag?post=11929"}],"curies":[{"name":"wp","href":"https:\/\/api.w.org\/{rel}","templated":true}]}}