{"id":11933,"date":"2025-06-29T14:09:54","date_gmt":"2025-06-29T12:09:54","guid":{"rendered":"https:\/\/uj.adatbank.ro\/lexikon\/termek\/kinizsy-zsuzsa-kinizsi-zsuzsa-hallerne-gr\/"},"modified":"2025-06-29T14:09:54","modified_gmt":"2025-06-29T12:09:54","slug":"kinizsy-zsuzsa-kinizsi-zsuzsa-hallerne-gr","status":"publish","type":"product","link":"https:\/\/uj.adatbank.ro\/lexikon\/termek\/kinizsy-zsuzsa-kinizsi-zsuzsa-hallerne-gr\/","title":{"rendered":"KINIZSY Zsuzsa; Kinizsi Zsuzsa Hallern\u00e9, gr."},"content":{"rendered":"<p>? \u2020 ?.: adom\u00e1nyoz\u00f3. \u2013 K. Mih\u00e1ly \u00e9s Uttz\u00e1s Katalin le\u00e1nya. F\u00e9rje: gr. Haller ??. \u2013 T\u00e1mogatta a sz\u0151kefalvi ref. templom \u00e9p\u00edt\u00e9s\u00e9t (1909). Sz\u00fclei eml\u00e9k\u00e9re ez\u00fcst serleget \u00e9s aranyozott ez\u00fcst keny\u00e9roszt\u00f3 t\u00e1ny\u00e9rt aj\u00e1nd\u00e9kozott a sz\u00f6kefalvi ref. egyh\u00e1zk\u00f6zs\u00e9gnek (1907\u201310 k.). &#8211;<br \/><strong>Irod.:<\/strong> K\u00fck\u00fcll\u0151i Ref. Egyh\u00e1zm. 4.; Nagy L\u00e1szl\u00f3<\/br><\/p>\n","protected":false},"excerpt":{"rendered":"<p>? \u2020 ?.: adom\u00e1nyoz\u00f3. \u2013 K. Mih\u00e1ly \u00e9s Uttz\u00e1s Katalin le\u00e1nya. F\u00e9rje: gr. Haller ??. \u2013 T\u00e1mogatta a sz\u0151kefalvi ref. templom \u00e9p\u00edt\u00e9s\u00e9t (1909). Sz\u00fclei eml\u00e9k\u00e9re ez\u00fcst serleget \u00e9s aranyozott ez\u00fcst keny\u00e9roszt\u00f3 t\u00e1ny\u00e9rt aj\u00e1nd\u00e9kozott a sz\u00f6kefalvi ref. egyh\u00e1zk\u00f6zs\u00e9gnek (1907\u201310 k.). &#8211;Irod.: K\u00fck\u00fcll\u0151i Ref. Egyh\u00e1zm. 4.; Nagy L\u00e1szl\u00f3<\/p>\n","protected":false},"featured_media":0,"comment_status":"open","ping_status":"closed","template":"","meta":[],"product_brand":[],"product_cat":[137],"product_tag":[],"class_list":{"0":"post-11933","1":"product","2":"type-product","3":"status-publish","5":"product_cat-maros-megyei-eletrajzi-lexikon","7":"first","8":"instock","9":"shipping-taxable","10":"product-type-simple"},"_links":{"self":[{"href":"https:\/\/uj.adatbank.ro\/lexikon\/wp-json\/wp\/v2\/product\/11933","targetHints":{"allow":["GET"]}}],"collection":[{"href":"https:\/\/uj.adatbank.ro\/lexikon\/wp-json\/wp\/v2\/product"}],"about":[{"href":"https:\/\/uj.adatbank.ro\/lexikon\/wp-json\/wp\/v2\/types\/product"}],"replies":[{"embeddable":true,"href":"https:\/\/uj.adatbank.ro\/lexikon\/wp-json\/wp\/v2\/comments?post=11933"}],"wp:attachment":[{"href":"https:\/\/uj.adatbank.ro\/lexikon\/wp-json\/wp\/v2\/media?parent=11933"}],"wp:term":[{"taxonomy":"product_brand","embeddable":true,"href":"https:\/\/uj.adatbank.ro\/lexikon\/wp-json\/wp\/v2\/product_brand?post=11933"},{"taxonomy":"product_cat","embeddable":true,"href":"https:\/\/uj.adatbank.ro\/lexikon\/wp-json\/wp\/v2\/product_cat?post=11933"},{"taxonomy":"product_tag","embeddable":true,"href":"https:\/\/uj.adatbank.ro\/lexikon\/wp-json\/wp\/v2\/product_tag?post=11933"}],"curies":[{"name":"wp","href":"https:\/\/api.w.org\/{rel}","templated":true}]}}