{"id":11934,"date":"2025-06-29T14:09:56","date_gmt":"2025-06-29T12:09:56","guid":{"rendered":"https:\/\/uj.adatbank.ro\/lexikon\/termek\/kinn-gustav-adolf\/"},"modified":"2025-06-29T14:09:56","modified_gmt":"2025-06-29T12:09:56","slug":"kinn-gustav-adolf","status":"publish","type":"product","link":"https:\/\/uj.adatbank.ro\/lexikon\/termek\/kinn-gustav-adolf\/","title":{"rendered":"KINN Gustav Adolf"},"content":{"rendered":"<p>Segesv\u00e1r, 1868. szept. 27., \u2020 Mv., 1936. j\u00fal. 28., Sz\u00e1szr\u00e9genben temett\u00e9k el: tan\u00e1r, matematikus. \u2013 A k\u00f6z\u00e9piskol\u00e1t Segesv\u00e1ron a fels\u0151bb iskol\u00e1kat J\u00e9n\u00e1ban, Kv.-on \u00e9s Berlinben v\u00e9gezte matematika- fizika szakon. Doktor\u00e1lt. Sz\u00e1szr\u00e9genben tan\u00e1r (1894\u2013), majd igazgat\u00f3tan\u00e1r a r\u00e9geni Fi\u00fagimn\u00e1ziumban nyugd\u00edjaz\u00e1s\u00e1ig (1906\u201331), a re\u00e1ltant\u00e1rgyak oktat\u00e1s\u00e1nak korszer\u0171s\u00edt\u00e9s\u00e9n munk\u00e1lkodott. Szolg\u00e1lata ideje alatt egyes\u00edtett\u00e9k az ev. iskol\u00e1t a polg\u00e1ri le\u00e1nyiskol\u00e1val (1929), amelyb\u0151l k\u00e9s\u0151bb a fi\u00fagimn. L\u00e9tes\u00fclt. Cikkeket \u00e9s tanulm\u00e1nyokat k\u00f6z\u00f6lt: Programm des vierklassigen. (1896\u201397) : Die Anwendung unendlicher Produkte in der Funktionentheorie. <br \/><strong>Irod.:<\/strong> Costea 1999; Regh. cult. 2.<\/br><\/p>\n","protected":false},"excerpt":{"rendered":"<p>Segesv\u00e1r, 1868. szept. 27., \u2020 Mv., 1936. j\u00fal. 28., Sz\u00e1szr\u00e9genben temett\u00e9k el: tan\u00e1r, matematikus. \u2013 A k\u00f6z\u00e9piskol\u00e1t Segesv\u00e1ron a fels\u0151bb iskol\u00e1kat J\u00e9n\u00e1ban, Kv.-on \u00e9s Berlinben v\u00e9gezte matematika- fizika szakon. Doktor\u00e1lt. Sz\u00e1szr\u00e9genben tan\u00e1r (1894\u2013), majd igazgat\u00f3tan\u00e1r a r\u00e9geni Fi\u00fagimn\u00e1ziumban nyugd\u00edjaz\u00e1s\u00e1ig (1906\u201331), a re\u00e1ltant\u00e1rgyak oktat\u00e1s\u00e1nak korszer\u0171s\u00edt\u00e9s\u00e9n munk\u00e1lkodott. Szolg\u00e1lata ideje alatt egyes\u00edtett\u00e9k az ev. iskol\u00e1t a polg\u00e1ri le\u00e1nyiskol\u00e1val [&hellip;]<\/p>\n","protected":false},"featured_media":0,"comment_status":"open","ping_status":"closed","template":"","meta":[],"product_brand":[],"product_cat":[137],"product_tag":[],"class_list":{"0":"post-11934","1":"product","2":"type-product","3":"status-publish","5":"product_cat-maros-megyei-eletrajzi-lexikon","7":"first","8":"instock","9":"shipping-taxable","10":"product-type-simple"},"_links":{"self":[{"href":"https:\/\/uj.adatbank.ro\/lexikon\/wp-json\/wp\/v2\/product\/11934","targetHints":{"allow":["GET"]}}],"collection":[{"href":"https:\/\/uj.adatbank.ro\/lexikon\/wp-json\/wp\/v2\/product"}],"about":[{"href":"https:\/\/uj.adatbank.ro\/lexikon\/wp-json\/wp\/v2\/types\/product"}],"replies":[{"embeddable":true,"href":"https:\/\/uj.adatbank.ro\/lexikon\/wp-json\/wp\/v2\/comments?post=11934"}],"wp:attachment":[{"href":"https:\/\/uj.adatbank.ro\/lexikon\/wp-json\/wp\/v2\/media?parent=11934"}],"wp:term":[{"taxonomy":"product_brand","embeddable":true,"href":"https:\/\/uj.adatbank.ro\/lexikon\/wp-json\/wp\/v2\/product_brand?post=11934"},{"taxonomy":"product_cat","embeddable":true,"href":"https:\/\/uj.adatbank.ro\/lexikon\/wp-json\/wp\/v2\/product_cat?post=11934"},{"taxonomy":"product_tag","embeddable":true,"href":"https:\/\/uj.adatbank.ro\/lexikon\/wp-json\/wp\/v2\/product_tag?post=11934"}],"curies":[{"name":"wp","href":"https:\/\/api.w.org\/{rel}","templated":true}]}}