{"id":11935,"date":"2025-06-29T14:09:58","date_gmt":"2025-06-29T12:09:58","guid":{"rendered":"https:\/\/uj.adatbank.ro\/lexikon\/termek\/kinn-gusztav-friedrich-frigyes\/"},"modified":"2025-06-29T14:09:58","modified_gmt":"2025-06-29T12:09:58","slug":"kinn-gusztav-friedrich-frigyes","status":"publish","type":"product","link":"https:\/\/uj.adatbank.ro\/lexikon\/termek\/kinn-gusztav-friedrich-frigyes\/","title":{"rendered":"KINN Gusztav Friedrich, Frigyes"},"content":{"rendered":"<p>Sz\u00e1szr\u00e9gen, 1839. aug. 1., \u2020 ?: ev. lelk\u00e9sz, tan\u00e1r. \u2013 Az elemi iskol\u00e1t R\u00e9genben, a gimn\u00e1ziumot Segesv\u00e1ron v\u00e9gezte (1860), a j\u00e9nai \u00e9s b\u00e9csi egyetemen teol\u00f3gi\u00e1t, matematik\u00e1t \u00e9s fizik\u00e1t tanult. Visszat\u00e9rve alkalmazt\u00e1k a sz\u00e1szr\u00e9geni Re\u00e1liskol\u00e1n\u00e1l tan\u00e1rnak (1863\u2013), majd aligazgat\u00f3 lett (1867\u2013); v\u00e1rosi lelk\u00e9sznek v\u00e1lasztott\u00e1k (1868) \u00e9s a k\u00e1ptalans\u00e1g d\u00e9k\u00e1nja lett, amely min\u0151s\u00e9g\u00e9ben hat\u00e9konyan t\u00e1mogatta az ev. oktat\u00e1st, a Gustav-Adolf Egylet m\u0171vel\u0151d\u00e9si tev\u00e9kenys\u00e9g\u00e9t a sz\u00e1sz k\u00f6z\u00f6ss\u00e9gekben ; Dedr\u00e1don lelk\u00e9sz (1881\u2013). Program\u00e9rtekez\u00e9se a sz\u00e1szr\u00e9geni \u00c1g. Ev. Gimn\u00e1zium Programj\u00e1ban (1867) : Einige Bemerkungen \u00fcber die Anordnung des mathematischen Lehrstoffes an der Realschule. <br \/><strong>Irod.:<\/strong> A magyaro.-i k\u00f6z\u00e9piskol\u00e1kban 1850\u201355 megjelent \u00f6sszes programm\u00e9rtekez\u00e9seknek repert\u00f3riuma (Bp., 1887); Regh. cult. 2.; Szinnyei<\/br><\/p>\n","protected":false},"excerpt":{"rendered":"<p>Sz\u00e1szr\u00e9gen, 1839. aug. 1., \u2020 ?: ev. lelk\u00e9sz, tan\u00e1r. \u2013 Az elemi iskol\u00e1t R\u00e9genben, a gimn\u00e1ziumot Segesv\u00e1ron v\u00e9gezte (1860), a j\u00e9nai \u00e9s b\u00e9csi egyetemen teol\u00f3gi\u00e1t, matematik\u00e1t \u00e9s fizik\u00e1t tanult. Visszat\u00e9rve alkalmazt\u00e1k a sz\u00e1szr\u00e9geni Re\u00e1liskol\u00e1n\u00e1l tan\u00e1rnak (1863\u2013), majd aligazgat\u00f3 lett (1867\u2013); v\u00e1rosi lelk\u00e9sznek v\u00e1lasztott\u00e1k (1868) \u00e9s a k\u00e1ptalans\u00e1g d\u00e9k\u00e1nja lett, amely min\u0151s\u00e9g\u00e9ben hat\u00e9konyan t\u00e1mogatta az ev. [&hellip;]<\/p>\n","protected":false},"featured_media":0,"comment_status":"open","ping_status":"closed","template":"","meta":[],"product_brand":[],"product_cat":[137],"product_tag":[],"class_list":{"0":"post-11935","1":"product","2":"type-product","3":"status-publish","5":"product_cat-maros-megyei-eletrajzi-lexikon","7":"first","8":"instock","9":"shipping-taxable","10":"product-type-simple"},"_links":{"self":[{"href":"https:\/\/uj.adatbank.ro\/lexikon\/wp-json\/wp\/v2\/product\/11935","targetHints":{"allow":["GET"]}}],"collection":[{"href":"https:\/\/uj.adatbank.ro\/lexikon\/wp-json\/wp\/v2\/product"}],"about":[{"href":"https:\/\/uj.adatbank.ro\/lexikon\/wp-json\/wp\/v2\/types\/product"}],"replies":[{"embeddable":true,"href":"https:\/\/uj.adatbank.ro\/lexikon\/wp-json\/wp\/v2\/comments?post=11935"}],"wp:attachment":[{"href":"https:\/\/uj.adatbank.ro\/lexikon\/wp-json\/wp\/v2\/media?parent=11935"}],"wp:term":[{"taxonomy":"product_brand","embeddable":true,"href":"https:\/\/uj.adatbank.ro\/lexikon\/wp-json\/wp\/v2\/product_brand?post=11935"},{"taxonomy":"product_cat","embeddable":true,"href":"https:\/\/uj.adatbank.ro\/lexikon\/wp-json\/wp\/v2\/product_cat?post=11935"},{"taxonomy":"product_tag","embeddable":true,"href":"https:\/\/uj.adatbank.ro\/lexikon\/wp-json\/wp\/v2\/product_tag?post=11935"}],"curies":[{"name":"wp","href":"https:\/\/api.w.org\/{rel}","templated":true}]}}