{"id":11936,"date":"2025-06-29T14:10:00","date_gmt":"2025-06-29T12:10:00","guid":{"rendered":"https:\/\/uj.adatbank.ro\/lexikon\/termek\/kinn-gusztav-frigyes-gustav-friedrich\/"},"modified":"2025-06-29T14:10:00","modified_gmt":"2025-06-29T12:10:00","slug":"kinn-gusztav-frigyes-gustav-friedrich","status":"publish","type":"product","link":"https:\/\/uj.adatbank.ro\/lexikon\/termek\/kinn-gusztav-frigyes-gustav-friedrich\/","title":{"rendered":"KINN Guszt\u00e1v Frigyes; Gustav Friedrich"},"content":{"rendered":"<p>Sz\u00e1szr\u00e9gen, 1897. m\u00e1j. 9., \u2020 ? : jog\u00e1sz, gy\u00e1rigazgat\u00f3. \u2013 Kv.-on jogot v\u00e9gzett, Berlinben fels\u0151 kereskedelmi iskol\u00e1t. Diplomata is volt. A szebeni Rieger g\u00e9pgy\u00e1r igazgat\u00f3ja volt (1927\u2013). Cikkei jelentek meg a kor lapjaiban. <br \/><strong>Irod.:<\/strong> A mo-i k\u00f6z\u00e9piskol\u00e1kban 1850\u201355 megjelent \u00f6sszes program\u00e9rtekez\u00e9seknek repert\u00f3riuma (Bp., 1887); Predescu<\/br><\/p>\n","protected":false},"excerpt":{"rendered":"<p>Sz\u00e1szr\u00e9gen, 1897. m\u00e1j. 9., \u2020 ? : jog\u00e1sz, gy\u00e1rigazgat\u00f3. \u2013 Kv.-on jogot v\u00e9gzett, Berlinben fels\u0151 kereskedelmi iskol\u00e1t. Diplomata is volt. A szebeni Rieger g\u00e9pgy\u00e1r igazgat\u00f3ja volt (1927\u2013). Cikkei jelentek meg a kor lapjaiban. Irod.: A mo-i k\u00f6z\u00e9piskol\u00e1kban 1850\u201355 megjelent \u00f6sszes program\u00e9rtekez\u00e9seknek repert\u00f3riuma (Bp., 1887); Predescu<\/p>\n","protected":false},"featured_media":0,"comment_status":"open","ping_status":"closed","template":"","meta":[],"product_brand":[],"product_cat":[137],"product_tag":[],"class_list":{"0":"post-11936","1":"product","2":"type-product","3":"status-publish","5":"product_cat-maros-megyei-eletrajzi-lexikon","7":"first","8":"instock","9":"shipping-taxable","10":"product-type-simple"},"_links":{"self":[{"href":"https:\/\/uj.adatbank.ro\/lexikon\/wp-json\/wp\/v2\/product\/11936","targetHints":{"allow":["GET"]}}],"collection":[{"href":"https:\/\/uj.adatbank.ro\/lexikon\/wp-json\/wp\/v2\/product"}],"about":[{"href":"https:\/\/uj.adatbank.ro\/lexikon\/wp-json\/wp\/v2\/types\/product"}],"replies":[{"embeddable":true,"href":"https:\/\/uj.adatbank.ro\/lexikon\/wp-json\/wp\/v2\/comments?post=11936"}],"wp:attachment":[{"href":"https:\/\/uj.adatbank.ro\/lexikon\/wp-json\/wp\/v2\/media?parent=11936"}],"wp:term":[{"taxonomy":"product_brand","embeddable":true,"href":"https:\/\/uj.adatbank.ro\/lexikon\/wp-json\/wp\/v2\/product_brand?post=11936"},{"taxonomy":"product_cat","embeddable":true,"href":"https:\/\/uj.adatbank.ro\/lexikon\/wp-json\/wp\/v2\/product_cat?post=11936"},{"taxonomy":"product_tag","embeddable":true,"href":"https:\/\/uj.adatbank.ro\/lexikon\/wp-json\/wp\/v2\/product_tag?post=11936"}],"curies":[{"name":"wp","href":"https:\/\/api.w.org\/{rel}","templated":true}]}}