{"id":11938,"date":"2025-06-29T14:10:03","date_gmt":"2025-06-29T12:10:03","guid":{"rendered":"https:\/\/uj.adatbank.ro\/lexikon\/termek\/kinn-johann\/"},"modified":"2025-06-29T14:10:03","modified_gmt":"2025-06-29T12:10:03","slug":"kinn-johann","status":"publish","type":"product","link":"https:\/\/uj.adatbank.ro\/lexikon\/termek\/kinn-johann\/","title":{"rendered":"KINN, Johann"},"content":{"rendered":"<p>Sz\u00e1szr\u00e9gen, 1806., \u2020 Sz\u00e1szr\u00e9gen, 1891. nov. 2., : ev. lelk\u00e9sz. \u2013 Az ev. gimn\u00e1ziumot Medgyesen v\u00e9gezte (1826), ezut\u00e1n a b\u00e9csi Protest\u00e1ns Teol\u00f3giai Int\u00e9zetben tanult (1826\u201327), a sz\u00e1szr\u00e9geni iskol\u00e1ban conrektor, rektor (1827\u2013), ugyanott hitsz\u00f3nok (1830\u2013), lelk\u00e9sz (1853\u2013), ugyanakkor a m. nyelv tan\u00e1ra is volt (1849\u201353), a sz\u00e1szr\u00e9geni k\u00e1ptalan \u00e9s ker\u00fclet d\u00e9k\u00e1nnj\u00e1nak v\u00e1lasztotta meg (1860). \u2013 <strong>F. m.:<\/strong> Ged\u00e4chtnissrede auf den am 8-ten April 1860 verstorbenen Grafen Stephan Sz\u00e9chenyi. (Mv., 1860). <br \/><strong>Irod.:<\/strong> S\u00e4chsisch-Regen; Szab\u00f3\u2013Sz\u00f6gi; Szinnyei<\/br><\/p>\n","protected":false},"excerpt":{"rendered":"<p>Sz\u00e1szr\u00e9gen, 1806., \u2020 Sz\u00e1szr\u00e9gen, 1891. nov. 2., : ev. lelk\u00e9sz. \u2013 Az ev. gimn\u00e1ziumot Medgyesen v\u00e9gezte (1826), ezut\u00e1n a b\u00e9csi Protest\u00e1ns Teol\u00f3giai Int\u00e9zetben tanult (1826\u201327), a sz\u00e1szr\u00e9geni iskol\u00e1ban conrektor, rektor (1827\u2013), ugyanott hitsz\u00f3nok (1830\u2013), lelk\u00e9sz (1853\u2013), ugyanakkor a m. nyelv tan\u00e1ra is volt (1849\u201353), a sz\u00e1szr\u00e9geni k\u00e1ptalan \u00e9s ker\u00fclet d\u00e9k\u00e1nnj\u00e1nak v\u00e1lasztotta meg (1860). \u2013 F. [&hellip;]<\/p>\n","protected":false},"featured_media":0,"comment_status":"open","ping_status":"closed","template":"","meta":[],"product_brand":[],"product_cat":[137],"product_tag":[],"class_list":{"0":"post-11938","1":"product","2":"type-product","3":"status-publish","5":"product_cat-maros-megyei-eletrajzi-lexikon","7":"first","8":"instock","9":"shipping-taxable","10":"product-type-simple"},"_links":{"self":[{"href":"https:\/\/uj.adatbank.ro\/lexikon\/wp-json\/wp\/v2\/product\/11938","targetHints":{"allow":["GET"]}}],"collection":[{"href":"https:\/\/uj.adatbank.ro\/lexikon\/wp-json\/wp\/v2\/product"}],"about":[{"href":"https:\/\/uj.adatbank.ro\/lexikon\/wp-json\/wp\/v2\/types\/product"}],"replies":[{"embeddable":true,"href":"https:\/\/uj.adatbank.ro\/lexikon\/wp-json\/wp\/v2\/comments?post=11938"}],"wp:attachment":[{"href":"https:\/\/uj.adatbank.ro\/lexikon\/wp-json\/wp\/v2\/media?parent=11938"}],"wp:term":[{"taxonomy":"product_brand","embeddable":true,"href":"https:\/\/uj.adatbank.ro\/lexikon\/wp-json\/wp\/v2\/product_brand?post=11938"},{"taxonomy":"product_cat","embeddable":true,"href":"https:\/\/uj.adatbank.ro\/lexikon\/wp-json\/wp\/v2\/product_cat?post=11938"},{"taxonomy":"product_tag","embeddable":true,"href":"https:\/\/uj.adatbank.ro\/lexikon\/wp-json\/wp\/v2\/product_tag?post=11938"}],"curies":[{"name":"wp","href":"https:\/\/api.w.org\/{rel}","templated":true}]}}