{"id":11939,"date":"2025-06-29T14:10:05","date_gmt":"2025-06-29T12:10:05","guid":{"rendered":"https:\/\/uj.adatbank.ro\/lexikon\/termek\/kintses-jozsef-goldner\/"},"modified":"2025-06-29T14:10:05","modified_gmt":"2025-06-29T12:10:05","slug":"kintses-jozsef-goldner","status":"publish","type":"product","link":"https:\/\/uj.adatbank.ro\/lexikon\/termek\/kintses-jozsef-goldner\/","title":{"rendered":"KINTSES J\u00f3zsef, G\u00f6ldner"},"content":{"rendered":"<p>Mv., 1863. j\u00fal. 22., \u2020 ?: erd\u0151m\u00e9rn\u00f6k, m. k. erd\u0151tan\u00e1csos, G\u00f6ldner N\u00e1ndor fia. \u2013 Iskol\u00e1it Mv.-en \u00e9s Selmecb\u00e1ny\u00e1n (1881\u201384) v\u00e9gezte. \u00d6nk\u00e9ntesi \u00e9ve leszolg\u00e1l\u00e1sa ut\u00e1n az erd\u0151kincst\u00e1r szolg\u00e1lat\u00e1ba \u00e1llt (1885\u20131918) : Lip\u00f3t\u00fajv\u00e1rt, Csarnov\u00e1n, Bp.-en a F\u00f6ldm\u0171vel\u00e9si Min. Erd\u00e9szeti oszt\u00e1ly\u00e1n, Benesh\u00e1z\u00e1n, M\u00e1ramarosszigeten ; mag\u00e1n erd\u0151biztos Kissebesen ; katon\u00e1skod\u00e1sa idej\u00e9n m\u0171szavakat gy\u0171jt\u00f6tt az Erd\u00e9szeti Lapokban ; Berezn\u00f3b\u00e1ny\u00e1n(1896) \u00e9s Mv.-en (1920) k. iskolai \u00f6szt\u00f6nd\u00edj-alap\u00edtv\u00e1nyt tett ; meg\u00e1llap\u00edtotta Bolyai Farkas bolyai sz\u00fcl\u0151h\u00e1z\u00e1nak hely\u00e9t, a MTA megb\u00edzta Bolyai Farkas \u00e9s J\u00e1nos mv.-i lak\u00f3h\u00e1z\u00e1nak pontos meghat\u00e1roz\u00e1s\u00e1val, az elk\u00e9sz\u00fclt helyrajzok Kissebesen megsemmis\u00fcltek. Cikkei : Erd\u00e9szeti Lapok, Beszterceb\u00e1nya \u00e9s Vid\u00e9ke, M\u00e1ramaros, aradi Vas\u00e1rnap-ban. \u2013 <strong>F. m.:<\/strong> szerk., kiad.: Sartorius W von Waltershausen.: Gauss eml\u00e9kezete, (ford. G\u00f6ldner N\u00e1ndor, sajt\u00f3al\u00e1 rendezte, Brezn\u00f3b\u00e1nya, 1903) ; Bolyai Farkas erd\u00e9szeti csonkamunk\u00e1ja 1820-b\u00f3l (jegyzetekkel ell\u00e1ta, M\u00e1ramarossziget, 1911). <br \/><strong>Irod.:<\/strong> Guly\u00e1s<\/br><\/p>\n","protected":false},"excerpt":{"rendered":"<p>Mv., 1863. j\u00fal. 22., \u2020 ?: erd\u0151m\u00e9rn\u00f6k, m. k. erd\u0151tan\u00e1csos, G\u00f6ldner N\u00e1ndor fia. \u2013 Iskol\u00e1it Mv.-en \u00e9s Selmecb\u00e1ny\u00e1n (1881\u201384) v\u00e9gezte. \u00d6nk\u00e9ntesi \u00e9ve leszolg\u00e1l\u00e1sa ut\u00e1n az erd\u0151kincst\u00e1r szolg\u00e1lat\u00e1ba \u00e1llt (1885\u20131918) : Lip\u00f3t\u00fajv\u00e1rt, Csarnov\u00e1n, Bp.-en a F\u00f6ldm\u0171vel\u00e9si Min. Erd\u00e9szeti oszt\u00e1ly\u00e1n, Benesh\u00e1z\u00e1n, M\u00e1ramarosszigeten ; mag\u00e1n erd\u0151biztos Kissebesen ; katon\u00e1skod\u00e1sa idej\u00e9n m\u0171szavakat gy\u0171jt\u00f6tt az Erd\u00e9szeti Lapokban ; Berezn\u00f3b\u00e1ny\u00e1n(1896) \u00e9s [&hellip;]<\/p>\n","protected":false},"featured_media":0,"comment_status":"open","ping_status":"closed","template":"","meta":[],"product_brand":[],"product_cat":[137],"product_tag":[],"class_list":{"0":"post-11939","1":"product","2":"type-product","3":"status-publish","5":"product_cat-maros-megyei-eletrajzi-lexikon","7":"first","8":"instock","9":"shipping-taxable","10":"product-type-simple"},"_links":{"self":[{"href":"https:\/\/uj.adatbank.ro\/lexikon\/wp-json\/wp\/v2\/product\/11939","targetHints":{"allow":["GET"]}}],"collection":[{"href":"https:\/\/uj.adatbank.ro\/lexikon\/wp-json\/wp\/v2\/product"}],"about":[{"href":"https:\/\/uj.adatbank.ro\/lexikon\/wp-json\/wp\/v2\/types\/product"}],"replies":[{"embeddable":true,"href":"https:\/\/uj.adatbank.ro\/lexikon\/wp-json\/wp\/v2\/comments?post=11939"}],"wp:attachment":[{"href":"https:\/\/uj.adatbank.ro\/lexikon\/wp-json\/wp\/v2\/media?parent=11939"}],"wp:term":[{"taxonomy":"product_brand","embeddable":true,"href":"https:\/\/uj.adatbank.ro\/lexikon\/wp-json\/wp\/v2\/product_brand?post=11939"},{"taxonomy":"product_cat","embeddable":true,"href":"https:\/\/uj.adatbank.ro\/lexikon\/wp-json\/wp\/v2\/product_cat?post=11939"},{"taxonomy":"product_tag","embeddable":true,"href":"https:\/\/uj.adatbank.ro\/lexikon\/wp-json\/wp\/v2\/product_tag?post=11939"}],"curies":[{"name":"wp","href":"https:\/\/api.w.org\/{rel}","templated":true}]}}