{"id":11942,"date":"2025-06-29T14:10:11","date_gmt":"2025-06-29T12:10:11","guid":{"rendered":"https:\/\/uj.adatbank.ro\/lexikon\/termek\/kiraly-bela\/"},"modified":"2025-06-29T14:10:11","modified_gmt":"2025-06-29T12:10:11","slug":"kiraly-bela","status":"publish","type":"product","link":"https:\/\/uj.adatbank.ro\/lexikon\/termek\/kiraly-bela\/","title":{"rendered":"KIR\u00c1LY B\u00e9la"},"content":{"rendered":"<p>? \u2020 ?: lelk\u00e9sz, tan\u00e1r, \u00edr\u00f3, nyelvtud\u00f3s, heged\u0171m\u0171v\u00e9sz, zeneszerz\u0151. \u2013 Tan\u00edtott a mv.-i Ref. Koll-ban tan\u00e1rjel\u0151lt kor\u00e1ban (1894\u201395), n\u00e9met nyelvet, intern\u00e1tusi fel\u00fcgyel\u0151 is volt. Az els\u0151 magyar aki Londonban hangversenyt adott a San Hamerstal-ban, amelynek v\u00e9dn\u00f6ke Rotschild volt. Vikt\u00f3ria kir\u00e1lyn\u0151 el\u0151tt is j\u00e1tszott Windsorban, ami\u00e9rt \u00e9rt\u00e9kes mellt\u0171t kapott. Huszadik sz\u00e1zad c. operettet \u00edrt. Zenesz\u00e1mai a r\u00e1di\u00f3 m\u0171sor\u00e1n szerepeltek. Szerkesztette Mv.-en az Egyenl\u0151s\u00e9g c. napilapot (1900\u201301). Cikkei : Erd\u00e9lyi Protest\u00e1ns Lapok, mv.-i Szabads\u00e1g (Bolyai Farkas mint zen\u00e9sz, 1907), Ref. Szemle. <br \/><strong>Irod.:<\/strong> Guly\u00e1s; Mv. t\u00f6rt. 2.; \u00d6kr\u00f6s, Par\u00e1di<\/br><\/p>\n","protected":false},"excerpt":{"rendered":"<p>? \u2020 ?: lelk\u00e9sz, tan\u00e1r, \u00edr\u00f3, nyelvtud\u00f3s, heged\u0171m\u0171v\u00e9sz, zeneszerz\u0151. \u2013 Tan\u00edtott a mv.-i Ref. Koll-ban tan\u00e1rjel\u0151lt kor\u00e1ban (1894\u201395), n\u00e9met nyelvet, intern\u00e1tusi fel\u00fcgyel\u0151 is volt. Az els\u0151 magyar aki Londonban hangversenyt adott a San Hamerstal-ban, amelynek v\u00e9dn\u00f6ke Rotschild volt. Vikt\u00f3ria kir\u00e1lyn\u0151 el\u0151tt is j\u00e1tszott Windsorban, ami\u00e9rt \u00e9rt\u00e9kes mellt\u0171t kapott. Huszadik sz\u00e1zad c. operettet \u00edrt. Zenesz\u00e1mai a [&hellip;]<\/p>\n","protected":false},"featured_media":0,"comment_status":"open","ping_status":"closed","template":"","meta":[],"product_brand":[],"product_cat":[137],"product_tag":[],"class_list":{"0":"post-11942","1":"product","2":"type-product","3":"status-publish","5":"product_cat-maros-megyei-eletrajzi-lexikon","7":"first","8":"instock","9":"shipping-taxable","10":"product-type-simple"},"_links":{"self":[{"href":"https:\/\/uj.adatbank.ro\/lexikon\/wp-json\/wp\/v2\/product\/11942","targetHints":{"allow":["GET"]}}],"collection":[{"href":"https:\/\/uj.adatbank.ro\/lexikon\/wp-json\/wp\/v2\/product"}],"about":[{"href":"https:\/\/uj.adatbank.ro\/lexikon\/wp-json\/wp\/v2\/types\/product"}],"replies":[{"embeddable":true,"href":"https:\/\/uj.adatbank.ro\/lexikon\/wp-json\/wp\/v2\/comments?post=11942"}],"wp:attachment":[{"href":"https:\/\/uj.adatbank.ro\/lexikon\/wp-json\/wp\/v2\/media?parent=11942"}],"wp:term":[{"taxonomy":"product_brand","embeddable":true,"href":"https:\/\/uj.adatbank.ro\/lexikon\/wp-json\/wp\/v2\/product_brand?post=11942"},{"taxonomy":"product_cat","embeddable":true,"href":"https:\/\/uj.adatbank.ro\/lexikon\/wp-json\/wp\/v2\/product_cat?post=11942"},{"taxonomy":"product_tag","embeddable":true,"href":"https:\/\/uj.adatbank.ro\/lexikon\/wp-json\/wp\/v2\/product_tag?post=11942"}],"curies":[{"name":"wp","href":"https:\/\/api.w.org\/{rel}","templated":true}]}}