{"id":11944,"date":"2025-06-29T14:10:16","date_gmt":"2025-06-29T12:10:16","guid":{"rendered":"https:\/\/uj.adatbank.ro\/lexikon\/termek\/kiraly-istvan-2\/"},"modified":"2025-06-29T14:10:16","modified_gmt":"2025-06-29T12:10:16","slug":"kiraly-istvan-2","status":"publish","type":"product","link":"https:\/\/uj.adatbank.ro\/lexikon\/termek\/kiraly-istvan-2\/","title":{"rendered":"KIR\u00c1LY Istv\u00e1n"},"content":{"rendered":"<p>? \u2020 ? : tan\u00e1r. \u2013 A mv.-i \u00e1llami polg\u00e1ri fi\u00faiskola tan\u00e1ra, d\u00edjtalanul tan\u00edtott a h\u00e1bor\u00fa alatt (1914\u201315). <br \/><strong>Irod.:<\/strong> Koszta<\/br><\/p>\n","protected":false},"excerpt":{"rendered":"<p>? \u2020 ? : tan\u00e1r. \u2013 A mv.-i \u00e1llami polg\u00e1ri fi\u00faiskola tan\u00e1ra, d\u00edjtalanul tan\u00edtott a h\u00e1bor\u00fa alatt (1914\u201315). Irod.: Koszta<\/p>\n","protected":false},"featured_media":0,"comment_status":"open","ping_status":"closed","template":"","meta":[],"product_brand":[],"product_cat":[137],"product_tag":[],"class_list":{"0":"post-11944","1":"product","2":"type-product","3":"status-publish","5":"product_cat-maros-megyei-eletrajzi-lexikon","7":"first","8":"instock","9":"shipping-taxable","10":"product-type-simple"},"_links":{"self":[{"href":"https:\/\/uj.adatbank.ro\/lexikon\/wp-json\/wp\/v2\/product\/11944","targetHints":{"allow":["GET"]}}],"collection":[{"href":"https:\/\/uj.adatbank.ro\/lexikon\/wp-json\/wp\/v2\/product"}],"about":[{"href":"https:\/\/uj.adatbank.ro\/lexikon\/wp-json\/wp\/v2\/types\/product"}],"replies":[{"embeddable":true,"href":"https:\/\/uj.adatbank.ro\/lexikon\/wp-json\/wp\/v2\/comments?post=11944"}],"wp:attachment":[{"href":"https:\/\/uj.adatbank.ro\/lexikon\/wp-json\/wp\/v2\/media?parent=11944"}],"wp:term":[{"taxonomy":"product_brand","embeddable":true,"href":"https:\/\/uj.adatbank.ro\/lexikon\/wp-json\/wp\/v2\/product_brand?post=11944"},{"taxonomy":"product_cat","embeddable":true,"href":"https:\/\/uj.adatbank.ro\/lexikon\/wp-json\/wp\/v2\/product_cat?post=11944"},{"taxonomy":"product_tag","embeddable":true,"href":"https:\/\/uj.adatbank.ro\/lexikon\/wp-json\/wp\/v2\/product_tag?post=11944"}],"curies":[{"name":"wp","href":"https:\/\/api.w.org\/{rel}","templated":true}]}}