{"id":11946,"date":"2025-06-29T14:10:19","date_gmt":"2025-06-29T12:10:19","guid":{"rendered":"https:\/\/uj.adatbank.ro\/lexikon\/termek\/kiraly-karoly\/"},"modified":"2025-06-29T14:10:19","modified_gmt":"2025-06-29T12:10:19","slug":"kiraly-karoly","status":"publish","type":"product","link":"https:\/\/uj.adatbank.ro\/lexikon\/termek\/kiraly-karoly\/","title":{"rendered":"KIR\u00c1LY K\u00e1roly"},"content":{"rendered":"<p>Dics\u0151szentm\u00e1rton, 1930. szept. 26., \u2020 Bp., 2021. nov. 11.: k\u00f6zgazd\u00e1sz, politikus, politikai k\u00f6z\u00edr\u00f3. \u2013 Mint \u00e1csinas az Ifj\u00famunk\u00e1s Sz\u00f6vets\u00e9g tagja (1945-ben), k\u00e9s\u0151bb Buhu\u015fi \u00e9s Piatra Neam\u0163 IMSZ-szervezeteinek els\u0151 titk\u00e1ra, b\u00e1k\u00f3i tartom\u00e1nyi titk\u00e1r (1952\u201355). A moszkvai Komszomol F\u0151iskola hallgat\u00f3ja (1955\u201357); Maros-Magyar Auton\u00f3m Tartom\u00e1ny IMSZ-szervezet\u00e9nek titk\u00e1ra (1957\u201365), az IMSZ KB tagja (1960\u20131966). Gyergy\u00f3 rajon P\u00e1rtbizotts\u00e1g\u00e1nak els\u0151 titk\u00e1ra (1965\u201366); a RKP KB akt\u00edvist\u00e1ja (1966\u201368); Kov\u00e1szna megyei RKP els\u0151 titk\u00e1ra \u00e9s a megyei N\u00e9ptan\u00e1cs VB \u2013nak eln\u00f6ke (1968\u201372); az \u00c1llamtan\u00e1cs tagja (1969. m\u00e1rc. 13. \u2013 1975. m\u00e1rc. 17.). A RKP KB \u2013nak tagja (1969. aug. 12. \u2013 1974. nov. 28.); a Politikai VB p\u00f3ttagja (1969. aug. 12. \u2013 1972); Kov\u00e1szna Nagy Nemzetgy\u0171l\u00e9si k\u00e9pvisel\u0151je (1969. m\u00e1rc. 2.); A buk.-i Gazdas\u00e1gtudom\u00e1nyi Akad\u00e9mi\u00e1n k\u00f6zgazd\u00e1sz szakk\u00e9pzetts\u00e9get szerzett (1970). Szembeker\u00fclt a Ceau\u015fescu-kurzussal \u00e9s lemondott \u00e1llami \u00e9s p\u00e1rttiszts\u00e9geir\u0151l (1972). Ekkor k\u00e9nyszerlakhelyre sz\u00e1m\u0171zik: Kar\u00e1nsebesen a Fafeldolgoz\u00f3 Kombin\u00e1t igazgat\u00f3ja (1972\u201373); majd Mv.-en a Kisipari Sz\u00f6vetkezetek Maros megyei Egyes\u00fclet\u00e9nek eln\u00f6ke (1973\u201378); v\u00e9g\u00fcl a meggyesfalvi konzervgy\u00e1r igazgat\u00f3ja (1978\u201389). Az 1989-es fordulat ut\u00e1n a Nemzetment\u00e9si Front tan\u00e1cs\u00e1nak aleln\u00f6ke (1989), Kov\u00e1szna megye szen\u00e1tora, a szen\u00e1tus aleln\u00f6ke (1990). A rom\u00e1n parlament elfogadta az orsz\u00e1g \u00faj alkotm\u00e1ny\u00e1t (1991. nov. 21), a nemzetis\u00e9gi k\u00e9rd\u00e9s megold\u00e1s\u00e1nak hi\u00e1nyos megfogalmaz\u00e1sa miatt megtagadta a szavaz\u00e1son val\u00f3 r\u00e9szv\u00e9telt, mire megfosztott\u00e1k szen\u00e1tusi mand\u00e1tum\u00e1r\u00f3l. Mint az aleln\u00f6ke, Ilie Verde\u0163 minisztereln\u00f6kh\u00f6z int\u00e9zett level\u00e9ben (1977. j\u00fan. 2.) tiltakozott a Tan\u00e1csban tapasztalhat\u00f3 vissz\u00e1ss\u00e1gok ellen, \u00e9s visszautas\u00edtotta azt a hivatalos \u00e1ll\u00edt\u00e1st, hogy a nemzetis\u00e9gi k\u00e9rd\u00e9s Rom\u00e1ni\u00e1ban \u201ev\u00e9glegesen megoldott\u201d. Ett\u0151l kezdve sorakoznak beadv\u00e1nyai Rom\u00e1nia legfels\u0151bb \u00e1llami \u00e9s p\u00e1rtvezet\u0151ihez, melyekben leleplezi \u00e9s el\u00edt\u00e9li a nemzetis\u00e9gek er\u0151szakos asszimil\u00e1ci\u00f3j\u00e1ra t\u00f6rekv\u0151 l\u00e9p\u00e9seket, ezzel mag\u00e1ra \u00e9s a probl\u00e9m\u00e1kra vonta nemzetk\u00f6zi f\u00f3rumok figyelm\u00e9t is. Az \u00e1llamf\u0151h\u00f6z int\u00e9zett felel\u0151ss\u00e9gre von\u00f3 szem\u00e9lyi level\u00e9t (1987) a Szabad Eur\u00f3pa R\u00e1di\u00f3 is beolvasta. Not\u0103 informativ\u0103 c. alatt. Mint a Nemzetment\u00e9si Front aleln\u00f6ke \u00e9s a Nemzeti Kisebbs\u00e9gek Bizotts\u00e1g\u00e1nak eln\u00f6ke (1990. febr. 5.), kifog\u00e1solta a korm\u00e1nyzati t\u00e9nyez\u0151kn\u00e9l a nemzeti k\u00e9rd\u00e9s k\u00e9t\u00e9rtelm\u0171 kezel\u00e9s\u00e9t, \u00e9s r\u00e1mutatott az er\u0151s\u00f6d\u0151 kisebbs\u00e9gellenes sz\u00e9ls\u0151s\u00e9gekre. Felvetette a Nemzeti Kisebbs\u00e9gek Miniszt\u00e9riuma fel\u00e1ll\u00edt\u00e1s\u00e1nak sz\u00fcks\u00e9gess\u00e9g\u00e9t, s\u00fcrgette a nemzetis\u00e9gi iskolah\u00e1l\u00f3zat kiterjeszt\u00e9s\u00e9t \u00e9s mindennem\u0171 sovinizmus el\u00edt\u00e9l\u00e9s\u00e9t. A v\u00e9res mv.-i \u00f6ssze\u00fctk\u00f6z\u00e9s ut\u00e1n, megfogalmazott \u00e9s nyomtat\u00e1sban is kiadott Nyilatkozatban (1990. j\u00fal. 28.) az RMDSZ t\u00f6bb m\u00e1s k\u00e9pvisel\u0151j\u00e9vel egy\u00fctt dial\u00f3gust javasolt az ellent\u00e9tek felold\u00e1s\u00e1ra, \u00e9s hasonl\u00f3 esetek megel\u0151z\u00e9s\u00e9re. Kezdem\u00e9nyez\u0151 szerepe volt a Rom\u00e1niai Nemzeti \u00e9s Etnikai Kisebbs\u00e9gek Szervezeteinek Lig\u00e1ja l\u00e9trehoz\u00e1s\u00e1ban, melynek eln\u00f6ke lett, egys\u00e9ges arcvonalat s\u00fcrgetve a magyar, ukr\u00e1n, szerb, bolg\u00e1r, cig\u00e1ny, zsid\u00f3 demokratikus mozgalmak sz\u00e1m\u00e1ra. Felsz\u00f3lal\u00e1saiban az RMDSZ nagyv\u00e1radi (1990) \u00e9s mv.-i (1991) kongresszusain, a sz\u00e9kely auton\u00f3mia vit\u00e1ja kapcs\u00e1n a sz\u00e9kelyudvarhelyi sportcsarnokban elmondott besz\u00e9d\u00e9ben (1991. okt. 11.) a bels\u0151 ellentmond\u00e1sok kiegyenl\u00edt\u00e9s\u00e9re t\u00f6rekedett. A Magyar \u00c9rdemrend k\u00f6z\u00e9pkeresztje a csillaggal kit\u00fcntet\u00e9sben r\u00e9szes\u00fclt (2015. nov.). K\u00f6zl\u00e9sei: Hozz\u00e1sz\u00f3l\u00e1s Salat Levente tanulm\u00e1ny\u00e1hoz (1994); Bornemissza Tibor: Egy magyar memorandista visszaeml\u00e9kez\u00e9sei. (Kir\u00e1ly K\u00e1roly: Nyilt k\u00e1rty\u00e1kkal. \u00d6n\u00e9let\u00edr\u00e1s \u00e9s napl\u00f3jegyzetek. \u2013 Bp., Nap Kiad\u00f3, 1995): Kelemen Hunor: Tiszta vizet a nyilt k\u00e1rty\u00e1kba. (Kir\u00e1ly K\u00e1roly: Nyilt k\u00e1rty\u00e1kkal. \u00d6n\u00e9let\u00edr\u00e1s \u00e9s napl\u00f3jegyzetek. ( Bp., Nap Kiad\u00f3, 1995). <br \/><strong>Irod.:<\/strong> Benedek Elekr\u0151l Ceausecunak: Besz\u00e9lget\u00e9s Kir\u00e1ly K\u00e1rollyal Kov\u00e1szna megye els\u0151 vezet\u0151j\u00e9vel = Csinta 2020; Bottoni 2008; Cri\u015fan, Filoz\u00f3fus RMIL; Elhunyt Kir\u00e1ly K\u00e1roly (N\u00fa., 2021. nov. 5.); Elb\u00facs\u00faztatt\u00e1k Kir\u00e1ly K\u00e1rolyt (N\u00fa., 2021. dec. 3.); Korunk; Sz\u00e9kelys\u00e9g t\u00f6rt.<\/br><\/p>\n","protected":false},"excerpt":{"rendered":"<p>Dics\u0151szentm\u00e1rton, 1930. szept. 26., \u2020 Bp., 2021. nov. 11.: k\u00f6zgazd\u00e1sz, politikus, politikai k\u00f6z\u00edr\u00f3. \u2013 Mint \u00e1csinas az Ifj\u00famunk\u00e1s Sz\u00f6vets\u00e9g tagja (1945-ben), k\u00e9s\u0151bb Buhu\u015fi \u00e9s Piatra Neam\u0163 IMSZ-szervezeteinek els\u0151 titk\u00e1ra, b\u00e1k\u00f3i tartom\u00e1nyi titk\u00e1r (1952\u201355). A moszkvai Komszomol F\u0151iskola hallgat\u00f3ja (1955\u201357); Maros-Magyar Auton\u00f3m Tartom\u00e1ny IMSZ-szervezet\u00e9nek titk\u00e1ra (1957\u201365), az IMSZ KB tagja (1960\u20131966). Gyergy\u00f3 rajon P\u00e1rtbizotts\u00e1g\u00e1nak els\u0151 titk\u00e1ra [&hellip;]<\/p>\n","protected":false},"featured_media":0,"comment_status":"open","ping_status":"closed","template":"","meta":[],"product_brand":[],"product_cat":[137],"product_tag":[],"class_list":{"0":"post-11946","1":"product","2":"type-product","3":"status-publish","5":"product_cat-maros-megyei-eletrajzi-lexikon","7":"first","8":"instock","9":"shipping-taxable","10":"product-type-simple"},"_links":{"self":[{"href":"https:\/\/uj.adatbank.ro\/lexikon\/wp-json\/wp\/v2\/product\/11946","targetHints":{"allow":["GET"]}}],"collection":[{"href":"https:\/\/uj.adatbank.ro\/lexikon\/wp-json\/wp\/v2\/product"}],"about":[{"href":"https:\/\/uj.adatbank.ro\/lexikon\/wp-json\/wp\/v2\/types\/product"}],"replies":[{"embeddable":true,"href":"https:\/\/uj.adatbank.ro\/lexikon\/wp-json\/wp\/v2\/comments?post=11946"}],"wp:attachment":[{"href":"https:\/\/uj.adatbank.ro\/lexikon\/wp-json\/wp\/v2\/media?parent=11946"}],"wp:term":[{"taxonomy":"product_brand","embeddable":true,"href":"https:\/\/uj.adatbank.ro\/lexikon\/wp-json\/wp\/v2\/product_brand?post=11946"},{"taxonomy":"product_cat","embeddable":true,"href":"https:\/\/uj.adatbank.ro\/lexikon\/wp-json\/wp\/v2\/product_cat?post=11946"},{"taxonomy":"product_tag","embeddable":true,"href":"https:\/\/uj.adatbank.ro\/lexikon\/wp-json\/wp\/v2\/product_tag?post=11946"}],"curies":[{"name":"wp","href":"https:\/\/api.w.org\/{rel}","templated":true}]}}