{"id":11950,"date":"2025-06-29T14:10:27","date_gmt":"2025-06-29T12:10:27","guid":{"rendered":"https:\/\/uj.adatbank.ro\/lexikon\/termek\/kiraly-pal-konig\/"},"modified":"2025-06-29T14:10:27","modified_gmt":"2025-06-29T12:10:27","slug":"kiraly-pal-konig","status":"publish","type":"product","link":"https:\/\/uj.adatbank.ro\/lexikon\/termek\/kiraly-pal-konig\/","title":{"rendered":"KIR\u00c1LY P\u00e1l; K\u00f6nig"},"content":{"rendered":"<p>? \u2020 ?: h\u00edrlap\u00edr\u00f3 Mv.-en. \u2013 Amerik\u00e1ba utazott az 1900-as \u00e9vek elej\u00e9n \u00e9s Chic\u00e1goban \u00e9lt. Mindenf\u00e9le m\u0171v\u00e9szettel foglalkozott : \u00e9nekelt, sz\u00edndarabokat \u00edrt. \u0150 volt az els\u0151 vil\u00e1grekorder, fogad\u00e1sb\u00f3l Chicagob\u00f3l Bp. -re 88 nap alatt tette meg az utat. Beutazta Jap\u00e1nt, Oroszo. -t. Mv.-en Kir\u00e1ly B\u00e9l\u00e1val ind\u00edtott\u00e1k meg az els\u0151 napilapot Egyenl\u0151s\u00e9g c. (1900), amelynek 1500 el\u0151fizet\u0151je volt az els\u0151 felh\u00edv\u00e1s ut\u00e1n, akik heti 10 krajc\u00e1r el\u0151fizet\u00e9si d\u00edjat adtak. A lapnak Vas\u00e1rnap c. mell\u00e9klete is volt. Cikkei : kv.-i \u00dajs\u00e1g-ban (1904\u201305). Mv.-en szerkesztette az Egyenl\u0151s\u00e9g, Vas\u00e1rnap (1901), \u00e9s a K\u00e9pes Vil\u00e1g c. lapot (1902) <br \/><strong>Irod.:<\/strong> Guly\u00e1s, \u00d6kr\u00f6s<\/br><\/p>\n","protected":false},"excerpt":{"rendered":"<p>? \u2020 ?: h\u00edrlap\u00edr\u00f3 Mv.-en. \u2013 Amerik\u00e1ba utazott az 1900-as \u00e9vek elej\u00e9n \u00e9s Chic\u00e1goban \u00e9lt. Mindenf\u00e9le m\u0171v\u00e9szettel foglalkozott : \u00e9nekelt, sz\u00edndarabokat \u00edrt. \u0150 volt az els\u0151 vil\u00e1grekorder, fogad\u00e1sb\u00f3l Chicagob\u00f3l Bp. -re 88 nap alatt tette meg az utat. Beutazta Jap\u00e1nt, Oroszo. -t. Mv.-en Kir\u00e1ly B\u00e9l\u00e1val ind\u00edtott\u00e1k meg az els\u0151 napilapot Egyenl\u0151s\u00e9g c. (1900), amelynek 1500 [&hellip;]<\/p>\n","protected":false},"featured_media":0,"comment_status":"open","ping_status":"closed","template":"","meta":[],"product_brand":[],"product_cat":[137],"product_tag":[],"class_list":{"0":"post-11950","1":"product","2":"type-product","3":"status-publish","5":"product_cat-maros-megyei-eletrajzi-lexikon","7":"first","8":"instock","9":"shipping-taxable","10":"product-type-simple"},"_links":{"self":[{"href":"https:\/\/uj.adatbank.ro\/lexikon\/wp-json\/wp\/v2\/product\/11950","targetHints":{"allow":["GET"]}}],"collection":[{"href":"https:\/\/uj.adatbank.ro\/lexikon\/wp-json\/wp\/v2\/product"}],"about":[{"href":"https:\/\/uj.adatbank.ro\/lexikon\/wp-json\/wp\/v2\/types\/product"}],"replies":[{"embeddable":true,"href":"https:\/\/uj.adatbank.ro\/lexikon\/wp-json\/wp\/v2\/comments?post=11950"}],"wp:attachment":[{"href":"https:\/\/uj.adatbank.ro\/lexikon\/wp-json\/wp\/v2\/media?parent=11950"}],"wp:term":[{"taxonomy":"product_brand","embeddable":true,"href":"https:\/\/uj.adatbank.ro\/lexikon\/wp-json\/wp\/v2\/product_brand?post=11950"},{"taxonomy":"product_cat","embeddable":true,"href":"https:\/\/uj.adatbank.ro\/lexikon\/wp-json\/wp\/v2\/product_cat?post=11950"},{"taxonomy":"product_tag","embeddable":true,"href":"https:\/\/uj.adatbank.ro\/lexikon\/wp-json\/wp\/v2\/product_tag?post=11950"}],"curies":[{"name":"wp","href":"https:\/\/api.w.org\/{rel}","templated":true}]}}