{"id":11956,"date":"2025-06-29T14:10:39","date_gmt":"2025-06-29T12:10:39","guid":{"rendered":"https:\/\/uj.adatbank.ro\/lexikon\/termek\/kiralyfalvi-istvan\/"},"modified":"2025-06-29T14:10:39","modified_gmt":"2025-06-29T12:10:39","slug":"kiralyfalvi-istvan","status":"publish","type":"product","link":"https:\/\/uj.adatbank.ro\/lexikon\/termek\/kiralyfalvi-istvan\/","title":{"rendered":"KIR\u00c1LYFALVI Istv\u00e1n"},"content":{"rendered":"<p>? \u2020 ?: tan\u00edt\u00f3, ref. lelk\u00e9sz. \u2013 Nagyenyeden subscrib\u00e1lt (1675). Alvincen \u00e9s Radn\u00f3ton (1685) volt rektor. Sz\u0151kefalv\u00e1n (1686\u201393), Bethlenszentmikl\u00f3son (1695), Nagymedv\u00e9sen m\u0171k\u00f6d\u00f6tt (1696\u20131703) \u00e9s Boldogfalv\u00e1n (1712\u201313). <br \/><strong>Irod.:<\/strong> K\u00fck\u00fcll\u0151i Ref. Egyh\u00e1zm. 1., 4.; Nagy L\u00e1szl\u00f3; http: \/\/www. szulofoldunkert. ro<\/br><\/p>\n","protected":false},"excerpt":{"rendered":"<p>? \u2020 ?: tan\u00edt\u00f3, ref. lelk\u00e9sz. \u2013 Nagyenyeden subscrib\u00e1lt (1675). Alvincen \u00e9s Radn\u00f3ton (1685) volt rektor. Sz\u0151kefalv\u00e1n (1686\u201393), Bethlenszentmikl\u00f3son (1695), Nagymedv\u00e9sen m\u0171k\u00f6d\u00f6tt (1696\u20131703) \u00e9s Boldogfalv\u00e1n (1712\u201313). Irod.: K\u00fck\u00fcll\u0151i Ref. Egyh\u00e1zm. 1., 4.; Nagy L\u00e1szl\u00f3; http: \/\/www. szulofoldunkert. ro<\/p>\n","protected":false},"featured_media":0,"comment_status":"open","ping_status":"closed","template":"","meta":[],"product_brand":[],"product_cat":[137],"product_tag":[],"class_list":{"0":"post-11956","1":"product","2":"type-product","3":"status-publish","5":"product_cat-maros-megyei-eletrajzi-lexikon","7":"first","8":"instock","9":"shipping-taxable","10":"product-type-simple"},"_links":{"self":[{"href":"https:\/\/uj.adatbank.ro\/lexikon\/wp-json\/wp\/v2\/product\/11956","targetHints":{"allow":["GET"]}}],"collection":[{"href":"https:\/\/uj.adatbank.ro\/lexikon\/wp-json\/wp\/v2\/product"}],"about":[{"href":"https:\/\/uj.adatbank.ro\/lexikon\/wp-json\/wp\/v2\/types\/product"}],"replies":[{"embeddable":true,"href":"https:\/\/uj.adatbank.ro\/lexikon\/wp-json\/wp\/v2\/comments?post=11956"}],"wp:attachment":[{"href":"https:\/\/uj.adatbank.ro\/lexikon\/wp-json\/wp\/v2\/media?parent=11956"}],"wp:term":[{"taxonomy":"product_brand","embeddable":true,"href":"https:\/\/uj.adatbank.ro\/lexikon\/wp-json\/wp\/v2\/product_brand?post=11956"},{"taxonomy":"product_cat","embeddable":true,"href":"https:\/\/uj.adatbank.ro\/lexikon\/wp-json\/wp\/v2\/product_cat?post=11956"},{"taxonomy":"product_tag","embeddable":true,"href":"https:\/\/uj.adatbank.ro\/lexikon\/wp-json\/wp\/v2\/product_tag?post=11956"}],"curies":[{"name":"wp","href":"https:\/\/api.w.org\/{rel}","templated":true}]}}