{"id":11961,"date":"2025-06-29T14:10:48","date_gmt":"2025-06-29T12:10:48","guid":{"rendered":"https:\/\/uj.adatbank.ro\/lexikon\/termek\/kirilla-laszlo\/"},"modified":"2025-06-29T14:10:48","modified_gmt":"2025-06-29T12:10:48","slug":"kirilla-laszlo","status":"publish","type":"product","link":"https:\/\/uj.adatbank.ro\/lexikon\/termek\/kirilla-laszlo\/","title":{"rendered":"KIRILLA L\u00e1szl\u00f3,"},"content":{"rendered":"<p>Gernyeszeg, 1882., \u2020 ?: gazd\u00e1lkod\u00f3. \u2013 Apja: feltehet\u0151leg K. Alexa, gernyeszegi \u201eh\u00fct\u00f6s\u201d. \u2013 A sz\u00fcl\u0151i h\u00e1zn\u00e1l gazd\u00e1lkod\u00e1st tanult. Az els\u0151 vh.-ban a 62. gy. ezredben az olasz \u00e9s az orosz fronton harcolt, a II. o. ez\u00fcst, a bronz vit. \u00e9rem \u00e9s a K\u00e1roly Csapatkereszt kit\u00fcntetettje volt. Sz\u00fcl\u0151faluj\u00e1ban k\u00f6zs\u00e9gi b\u00edr\u00f3, a K\u00f6zbirtokoss\u00e1g eln\u00f6ke, a Hitelsz\u00f6vetkezet fel\u00fcgyel\u0151je, a Fogyaszt\u00e1si Sz\u00f6v. igazgat\u00f3ja, presbitere a ref. egyh\u00e1znak, a Gazdak\u00f6r vezet\u0151s\u00e9gi tagja, cs\u00e9pl\u0151g\u00e9p tulajdonos volt. <br \/><strong>Irod.:<\/strong> Pesty 2014; Sz\u00e9kelyf\u00f6ld \u00ed. k<\/br><\/p>\n","protected":false},"excerpt":{"rendered":"<p>Gernyeszeg, 1882., \u2020 ?: gazd\u00e1lkod\u00f3. \u2013 Apja: feltehet\u0151leg K. Alexa, gernyeszegi \u201eh\u00fct\u00f6s\u201d. \u2013 A sz\u00fcl\u0151i h\u00e1zn\u00e1l gazd\u00e1lkod\u00e1st tanult. Az els\u0151 vh.-ban a 62. gy. ezredben az olasz \u00e9s az orosz fronton harcolt, a II. o. ez\u00fcst, a bronz vit. \u00e9rem \u00e9s a K\u00e1roly Csapatkereszt kit\u00fcntetettje volt. Sz\u00fcl\u0151faluj\u00e1ban k\u00f6zs\u00e9gi b\u00edr\u00f3, a K\u00f6zbirtokoss\u00e1g eln\u00f6ke, a Hitelsz\u00f6vetkezet fel\u00fcgyel\u0151je, [&hellip;]<\/p>\n","protected":false},"featured_media":0,"comment_status":"open","ping_status":"closed","template":"","meta":[],"product_brand":[],"product_cat":[137],"product_tag":[],"class_list":{"0":"post-11961","1":"product","2":"type-product","3":"status-publish","5":"product_cat-maros-megyei-eletrajzi-lexikon","7":"first","8":"instock","9":"shipping-taxable","10":"product-type-simple"},"_links":{"self":[{"href":"https:\/\/uj.adatbank.ro\/lexikon\/wp-json\/wp\/v2\/product\/11961","targetHints":{"allow":["GET"]}}],"collection":[{"href":"https:\/\/uj.adatbank.ro\/lexikon\/wp-json\/wp\/v2\/product"}],"about":[{"href":"https:\/\/uj.adatbank.ro\/lexikon\/wp-json\/wp\/v2\/types\/product"}],"replies":[{"embeddable":true,"href":"https:\/\/uj.adatbank.ro\/lexikon\/wp-json\/wp\/v2\/comments?post=11961"}],"wp:attachment":[{"href":"https:\/\/uj.adatbank.ro\/lexikon\/wp-json\/wp\/v2\/media?parent=11961"}],"wp:term":[{"taxonomy":"product_brand","embeddable":true,"href":"https:\/\/uj.adatbank.ro\/lexikon\/wp-json\/wp\/v2\/product_brand?post=11961"},{"taxonomy":"product_cat","embeddable":true,"href":"https:\/\/uj.adatbank.ro\/lexikon\/wp-json\/wp\/v2\/product_cat?post=11961"},{"taxonomy":"product_tag","embeddable":true,"href":"https:\/\/uj.adatbank.ro\/lexikon\/wp-json\/wp\/v2\/product_tag?post=11961"}],"curies":[{"name":"wp","href":"https:\/\/api.w.org\/{rel}","templated":true}]}}