{"id":11962,"date":"2025-06-29T14:10:49","date_gmt":"2025-06-29T12:10:49","guid":{"rendered":"https:\/\/uj.adatbank.ro\/lexikon\/termek\/kiritescu-constantin\/"},"modified":"2025-06-29T14:10:49","modified_gmt":"2025-06-29T12:10:49","slug":"kiritescu-constantin","status":"publish","type":"product","link":"https:\/\/uj.adatbank.ro\/lexikon\/termek\/kiritescu-constantin\/","title":{"rendered":"KIRI\u0162ESCU, Constantin"},"content":{"rendered":"<p>Buc., 1876. sept. 3., \u2020 Buk., 1965. aug. 12 : term\u00e9szettud\u00f3s, t\u00f6rt\u00e9n\u00e9sz, \u00edr\u00f3. \u2013 Utaz\u00e1st tett : Buk-Sz\u00e9kelyudvarhely- Cs\u00edki havasok-Gyergy\u00f3szentmikl\u00f3s-Gyilkost\u00f3- B\u00e9k\u00e1s-Szov\u00e1ta-Mv-Segesv\u00e1r \u00fatvonalon (1935). \u2013 <strong>F. m.:<\/strong> Istoria r\u0103zboiului pentru \u00eentregirea Rom\u00e2niei (Buc., 1921, 1922, 1989). <br \/><strong>Irod.:<\/strong> Borda: C\u0103l\u0103tori si expl. Rom; Omagiu lui K. C. (Buc., 1937)<\/br><\/p>\n","protected":false},"excerpt":{"rendered":"<p>Buc., 1876. sept. 3., \u2020 Buk., 1965. aug. 12 : term\u00e9szettud\u00f3s, t\u00f6rt\u00e9n\u00e9sz, \u00edr\u00f3. \u2013 Utaz\u00e1st tett : Buk-Sz\u00e9kelyudvarhely- Cs\u00edki havasok-Gyergy\u00f3szentmikl\u00f3s-Gyilkost\u00f3- B\u00e9k\u00e1s-Szov\u00e1ta-Mv-Segesv\u00e1r \u00fatvonalon (1935). \u2013 F. m.: Istoria r\u0103zboiului pentru \u00eentregirea Rom\u00e2niei (Buc., 1921, 1922, 1989). Irod.: Borda: C\u0103l\u0103tori si expl. Rom; Omagiu lui K. C. (Buc., 1937)<\/p>\n","protected":false},"featured_media":0,"comment_status":"open","ping_status":"closed","template":"","meta":[],"product_brand":[],"product_cat":[137],"product_tag":[],"class_list":{"0":"post-11962","1":"product","2":"type-product","3":"status-publish","5":"product_cat-maros-megyei-eletrajzi-lexikon","7":"first","8":"instock","9":"shipping-taxable","10":"product-type-simple"},"_links":{"self":[{"href":"https:\/\/uj.adatbank.ro\/lexikon\/wp-json\/wp\/v2\/product\/11962","targetHints":{"allow":["GET"]}}],"collection":[{"href":"https:\/\/uj.adatbank.ro\/lexikon\/wp-json\/wp\/v2\/product"}],"about":[{"href":"https:\/\/uj.adatbank.ro\/lexikon\/wp-json\/wp\/v2\/types\/product"}],"replies":[{"embeddable":true,"href":"https:\/\/uj.adatbank.ro\/lexikon\/wp-json\/wp\/v2\/comments?post=11962"}],"wp:attachment":[{"href":"https:\/\/uj.adatbank.ro\/lexikon\/wp-json\/wp\/v2\/media?parent=11962"}],"wp:term":[{"taxonomy":"product_brand","embeddable":true,"href":"https:\/\/uj.adatbank.ro\/lexikon\/wp-json\/wp\/v2\/product_brand?post=11962"},{"taxonomy":"product_cat","embeddable":true,"href":"https:\/\/uj.adatbank.ro\/lexikon\/wp-json\/wp\/v2\/product_cat?post=11962"},{"taxonomy":"product_tag","embeddable":true,"href":"https:\/\/uj.adatbank.ro\/lexikon\/wp-json\/wp\/v2\/product_tag?post=11962"}],"curies":[{"name":"wp","href":"https:\/\/api.w.org\/{rel}","templated":true}]}}