{"id":11966,"date":"2025-06-29T14:10:57","date_gmt":"2025-06-29T12:10:57","guid":{"rendered":"https:\/\/uj.adatbank.ro\/lexikon\/termek\/kirsch-marta-gergely-nora\/"},"modified":"2025-06-29T14:10:57","modified_gmt":"2025-06-29T12:10:57","slug":"kirsch-marta-gergely-nora","status":"publish","type":"product","link":"https:\/\/uj.adatbank.ro\/lexikon\/termek\/kirsch-marta-gergely-nora\/","title":{"rendered":"KIRSCH M\u00e1rta, Gergely N\u00f3ra"},"content":{"rendered":"<p>1929. \u2020 Mv., 2011. okt. 23.: tan\u00e1r. \u2013 F\u00e9rje Kirsch Lajos Irodalomtan\u00e1r. A fi\u00fak: Lali \u00e9s Attila. (Mv., 1960. szept. 30. \u2013). \u2013 Matematikatan\u00e1r a Bolyai Farkas L\u00edc. -ban. Mv. d\u00edszpolg\u00e1ra c\u00edmmel tisztelt\u00e9k meg. \u2014Irod.: Adorj\u00e1ni Imre Istv\u00e1n. Volt egyszer a Bolyaiban egy \u201eXII. D\u201d; Balizs Csaba: N\u00e9gy \u00e9vig a fiai, l\u00e1nyai voltunk! Kirsch Attila: \u201eAz elt\u0171nt id\u0151 nyom\u00e1ban\u201d = Kirsch; Kirsch Ildik\u00f3: \u00c9desany\u00e1mra \u00e9s \u00c9desap\u00e1mra eml\u00e9kezve = Kirsch; Kirsch Lajos: Eml\u00e9kek Sz\u00fcleimr\u0151l = Kirsch; Kirsch Csongor: Igazi, j\u00f3s\u00e1gos, mesebeli Nagyany\u00e1m \u00e9s a \u201eMesefa\u201d Nagytat\u00e1m eml\u00e9k\u00e9re = Kirsch; Kirsch Andrea: Megosztott\u00e1k velem a tud\u00e1sukat = Kirsch; Gergely L\u00e1szl\u00f3: El\u0151t\u00f6r\u0151 eml\u00e9kek, Zolt\u00e1n Ildik\u00f3: 2019. kar\u00e1csonyi lev\u00e9l a t\u00falvil\u00e1gra = Kirsch; V\u00e1k\u00e1r Tam\u00e1s Csaba: Kedves eml\u00e9keim a Kirsch csal\u00e1dr\u00f3l! M\u00e1rkos Ferenc: Eml\u00e9keim sz\u00fcleidr\u0151l = Kirsch; Ferenczy Barna: Eml\u00e9kek a Bolyai L\u00edceum tan\u00e1rair\u00f3l \u00e9s di\u00e1kjair\u00f3l az 1980\u201390-es \u00e9vekb\u0151l = Kirsch; Buksa \u00c9va M\u00e1ria: A b\u00f6lcsess\u00e9g asztal\u00e1n\u00e1l\u2026 = Kirsch; Sebesty\u00e9n Spielmann Mih\u00e1ly: Eml\u00e9ksorok = Kirsch; L\u00e9n\u00e1rt Val\u00e9ria: A k\u00f6lcs\u00f6n\u00f6s szeretet \u00e1lland\u00f3 volt\u2026 = Kirsch; Hal\u00e1sz Vass Ir\u00e9n: Felejthetetlen eml\u00e9kek = Kirsch; Gergely L\u00e1szl\u00f3, ifj.: \u201eN\u00e9ha j\u00f3 a m\u00faltban \u00e9lni. Nem mehet\u00fcnk vissza\u201d = Kirsch; Enyedi L\u00e1szl\u00f3: Sz\u00fcleid nagytud\u00e1s\u00fa, igazs\u00e1gos, p\u00e9ldamutat\u00f3, meg\u00e9rt\u0151, seg\u00edt\u0151k\u00e9sz tan\u00e1rok voltak! = Kirsch; Klementisz J\u00e1nos: Gondolatok Kirsch M\u00e1rta tan\u00e1rn\u0151 szem\u00e9lyis\u00e9g\u00e9r\u0151l \u00e9s tev\u00e9kenys\u00e9g\u00e9r\u0151l = Kirsch; Kiss J\u00f3zsef. A sokak\u00e9rt sokat tev\u0151, nyomjelz\u0151 tan\u00e1rn\u0151 = Kirsch; Moln\u00e1r Zolt\u00e1n: Kirsch M\u00e1rt\u00e1val kapcsolatos eml\u00e9keimb\u0151l\u2026 = Kirsch; T\u00f3th Ferencn\u00e9 \u2013 Simon \u00c9va: In memoriam Kirsch M\u00e1rta! = Kirsch; Kov\u00e1cs P\u00e1lffy Zs\u00f3ka: Az egyik legszentebb hivat\u00e1s tan\u00e1rnak lenni! = Kirsch; L\u00e1szl\u00f3 J\u00e1nos: Feh\u00e9r k\u00f6penyes alakja, j\u00f3s\u00e1got \u00e9s melegs\u00e9get sug\u00e1rzott = Kirsch; Bara Gy\u00f6rgy: Eml\u00e9k-foszl\u00e1nyok Kirsch M\u00e1rta tan\u00e1rn\u0151r\u0151l = Kirsch; G\u00e1lfalvi Enik\u0151: Az a tan\u00e1rn\u0151 volt, aki elhitette vel\u00fcnk, hogy a matematik\u00e1t meg lehet tanulni mindenkinek = Kirsch; Kiss Sz\u00e9kely Zolt\u00e1n. Anyja \u00e9s le\u00e1nya = Kirsch; D\u00e1lnoky Mester Emese: Rajongtam \u00e9rte, p\u00e9ldak\u00e9p volt\u2026 = Kirsch; Szalkay J\u00f3zsef. Mi lett volna bel\u0151lem M\u00e1rta n\u00e9ni n\u00e9lk\u00fcl? = Kirsch; Balogh Ern\u0151: Az Oszi, mint mindannyiunk m\u00e1sodik \u00e9desanyja = Kirsch; P\u00e1lffy Barab\u00e1s Judit: B\u00fcszke voltam R\u00e1! = Kirsch; Vass Gergely: Hozz\u00e1szoktatott a nehezebb p\u00e9ld\u00e1k megold\u00e1s\u00e1hoz = Kirsch; K\u00f6rtesi P\u00e9ter: Bolyaisnak lenni vil\u00e1gn\u00e9zet = Kirsch; G\u00e1lfi Bukaresti Ildik\u00f3: Nagyszer\u0171 matematika tan\u00e1r volt! = Kirsch; Farcz\u00e1di Ferenc: Arra t\u00f6rekedett, hogy meg\u00e9rts\u00fck a szab\u00e1lyokat \u00e9s az \u00f6sszef\u00fcgg\u00e9seket = Kirsch; Gagyi J\u00f3zsef: Kirsch tan\u00e1rn\u0151 tekintete = Kirsch; Sz\u00e9lyes Ferenc: M\u00e1rta n\u00e9ni = Kirsch; Borb\u00e9ly L\u00e1szl\u00f3: A tan\u00e1rn\u0151 = Kirsch; T\u00f6rzs\u00f6k S\u00e1ndor: B\u00fcszke voltam iskol\u00e1mra \u00e9s Kirsch M\u00e1rta Tan\u00e1rn\u0151re = Kirsch; D\u00e1n\u00e9 K\u00e1roly: \u201eNagyon sz\u00e9p feladatokat hoztam nektek\u201d = Kirsch; Hajd\u00fa Zolt\u00e1n: Kirsch M\u00e1rta tan\u00e1rn\u0151 a kem\u00e9ny munka jelk\u00e9pe = Kirsch; Incze \u00c1gnes: Eml\u00e9keim Dr\u00e1ga Kirsch M\u00e1rta n\u00e9nir\u0151l = Kirsch; Ol\u00e1h-G\u00e1l R\u00f3bert: Kirsch M\u00e1rta matematika szakos tan\u00e1rn\u0151 laud\u00e1ci\u00f3ja avagy a megtestes\u00fclt igazs\u00e1goss\u00e1g = Kirsch; Lohinszky J\u00falia: Megszerettette velem a matematik\u00e1t, a logikus gondolkod\u00e1st = Kirsch; Nagy Matild. A matek-cukorka hat\u00e1sa\u2026 = Kirsch; Vulk\u00e1n Zita: A Tan\u00e1rn\u0151 egy jelens\u00e9g volt! = Kirsch; Kerekes Med\u00e1rd Ferenc: A csoda, Kirsch M\u00e1rta-m\u00f3dra! = Kirsch; G\u00e1sp\u00e1r Demeter Enik\u0151: Neki k\u00f6sz\u00f6nhetem, hogy megszerettem a matematik\u00e1t! = Kirsch; Szab\u00f3 B\u00e1cs Zsuzsanna Katalin: Kirsch M\u00e1rta, az Ember, a Matematikus, aTan\u00e1rn\u0151 = Kirsch; P\u00e1l Attila: Kirsch M\u00e1rta tan\u00e1rn\u0151 di\u00e1kjainak lenni egy \u00e9letre sz\u00f3l\u00f3 b\u00fcszkes\u00e9g! = Kirsch; Binder Zsolt: Kirsch M\u00e1rta tan\u00e1rn\u0151re eml\u00e9kezve = Kirsch; D\u00e1lnoky Mester Emese: Rajongtam \u00e9rte, p\u00e9ldak\u00e9p volt = Kirsch; Gy\u00f6rgy Gabriella: Mindig j\u00f3l esett a vele val\u00f3 besz\u00e9lget\u00e9s = Kirsch; Kov\u00e1cs Judit: Nemcsak Tan\u00e1rk\u00e9nt volt rendk\u00edv\u00fcli, hanem ember is volt, igazi nagybet\u0171s EMBER = Kirsch; L\u00e9n\u00e1rt Val\u00e9ria: A k\u00f6lcs\u00f6n\u00f6s szeretet \u00e1lland\u00f3 volt = Kirsch; M\u00e1rkos Zolt\u00e1n: Ifj\u00fakori eml\u00e9keim\u2026 = Kirsch; Nagy Ferenc: J\u00f3 h\u00edr\u00e9t az \u00e1ltala tan\u00edtott di\u00e1kok m\u00fcvelt\u00e9k, tartott\u00e1k fenn = Kirsch; Nemes Istv\u00e1n G\u00e1bor: Csod\u00e1latos ember \u00e9s rendk\u00edv\u00fcl j\u00f3 tan\u00e1r volt! = Kirsch; P\u00e1lffy Barab\u00e1s Judit: B\u00fcszke voltam R\u00e1! = Kirsch; Pip\u00f3 J\u00e1rai Hajnal: Neh\u00e9z le\u00edrni p\u00e1r sz\u00f3ban mindazt, amit T\u0151le kaptam = Kirsch; Palatka K\u00e1roly: A biztons\u00e1got ad\u00f3 min\u0151s\u00e9gnek \u00e9s hangulatnak r\u00e9szeseink\u00e9nt\u2026 (Kirsch M\u00e1rta eml\u00e9kezete a 40. ballag\u00e1si \u00e9vfordul\u00f3 t\u00e1j\u00e1r\u00f3l) = Kirsch; Enyedi Judit: Mindig \u00e9rdekelte a volt tan\u00edtv\u00e1nyai \u00e9let\u00fatja = Kirsch; Stan \u00c1gota: Csal\u00e1dj\u00e1r\u00f3l, unok\u00e1ir\u00f3l nagyon nagy szeretetel, \u00f6r\u00f6mmel mes\u00e9lt = Kirsch; Sz\u00e1sz Judit: Ahogy \u00e9n eml\u00e9kszem\u2026 = Kirsch<\/br><\/p>\n","protected":false},"excerpt":{"rendered":"<p>1929. \u2020 Mv., 2011. okt. 23.: tan\u00e1r. \u2013 F\u00e9rje Kirsch Lajos Irodalomtan\u00e1r. A fi\u00fak: Lali \u00e9s Attila. (Mv., 1960. szept. 30. \u2013). \u2013 Matematikatan\u00e1r a Bolyai Farkas L\u00edc. -ban. Mv. d\u00edszpolg\u00e1ra c\u00edmmel tisztelt\u00e9k meg. \u2014Irod.: Adorj\u00e1ni Imre Istv\u00e1n. Volt egyszer a Bolyaiban egy \u201eXII. D\u201d; Balizs Csaba: N\u00e9gy \u00e9vig a fiai, l\u00e1nyai voltunk! Kirsch Attila: [&hellip;]<\/p>\n","protected":false},"featured_media":0,"comment_status":"open","ping_status":"closed","template":"","meta":[],"product_brand":[],"product_cat":[137],"product_tag":[],"class_list":{"0":"post-11966","1":"product","2":"type-product","3":"status-publish","5":"product_cat-maros-megyei-eletrajzi-lexikon","7":"first","8":"instock","9":"shipping-taxable","10":"product-type-simple"},"_links":{"self":[{"href":"https:\/\/uj.adatbank.ro\/lexikon\/wp-json\/wp\/v2\/product\/11966","targetHints":{"allow":["GET"]}}],"collection":[{"href":"https:\/\/uj.adatbank.ro\/lexikon\/wp-json\/wp\/v2\/product"}],"about":[{"href":"https:\/\/uj.adatbank.ro\/lexikon\/wp-json\/wp\/v2\/types\/product"}],"replies":[{"embeddable":true,"href":"https:\/\/uj.adatbank.ro\/lexikon\/wp-json\/wp\/v2\/comments?post=11966"}],"wp:attachment":[{"href":"https:\/\/uj.adatbank.ro\/lexikon\/wp-json\/wp\/v2\/media?parent=11966"}],"wp:term":[{"taxonomy":"product_brand","embeddable":true,"href":"https:\/\/uj.adatbank.ro\/lexikon\/wp-json\/wp\/v2\/product_brand?post=11966"},{"taxonomy":"product_cat","embeddable":true,"href":"https:\/\/uj.adatbank.ro\/lexikon\/wp-json\/wp\/v2\/product_cat?post=11966"},{"taxonomy":"product_tag","embeddable":true,"href":"https:\/\/uj.adatbank.ro\/lexikon\/wp-json\/wp\/v2\/product_tag?post=11966"}],"curies":[{"name":"wp","href":"https:\/\/api.w.org\/{rel}","templated":true}]}}