{"id":11967,"date":"2025-06-29T14:11:01","date_gmt":"2025-06-29T12:11:01","guid":{"rendered":"https:\/\/uj.adatbank.ro\/lexikon\/termek\/kirschel-johann\/"},"modified":"2025-06-29T14:11:01","modified_gmt":"2025-06-29T12:11:01","slug":"kirschel-johann","status":"publish","type":"product","link":"https:\/\/uj.adatbank.ro\/lexikon\/termek\/kirschel-johann\/","title":{"rendered":"KIRSCHEL, Johann"},"content":{"rendered":"<p>? \u2020 ?: \u00f3r\u00e1s mester. \u2013 \u0150 k\u00e9sz\u00edtette a torony\u00f3r\u00e1t \u00e9s az \u00f3ra\u00fct\u00e9skor k\u00f6rbeforg\u00f3 alakokat (1648-ban) a segesv\u00e1ri v\u00e1r \u00d3ratorny\u00e1ban (a 14. sz.-ban \u00e9p\u00fclt), amit \u00fajj\u00e1\u00e9p\u00edtettek (1677). <br \/><strong>Irod.:<\/strong> Sz\u00e9pr\u00e9ti: R\u00e9gi \u00e9s \u00faj vil\u00e1g; Turisztikai kalauz<\/br><\/p>\n","protected":false},"excerpt":{"rendered":"<p>? \u2020 ?: \u00f3r\u00e1s mester. \u2013 \u0150 k\u00e9sz\u00edtette a torony\u00f3r\u00e1t \u00e9s az \u00f3ra\u00fct\u00e9skor k\u00f6rbeforg\u00f3 alakokat (1648-ban) a segesv\u00e1ri v\u00e1r \u00d3ratorny\u00e1ban (a 14. sz.-ban \u00e9p\u00fclt), amit \u00fajj\u00e1\u00e9p\u00edtettek (1677). Irod.: Sz\u00e9pr\u00e9ti: R\u00e9gi \u00e9s \u00faj vil\u00e1g; Turisztikai kalauz<\/p>\n","protected":false},"featured_media":0,"comment_status":"open","ping_status":"closed","template":"","meta":[],"product_brand":[],"product_cat":[137],"product_tag":[],"class_list":{"0":"post-11967","1":"product","2":"type-product","3":"status-publish","5":"product_cat-maros-megyei-eletrajzi-lexikon","7":"first","8":"instock","9":"shipping-taxable","10":"product-type-simple"},"_links":{"self":[{"href":"https:\/\/uj.adatbank.ro\/lexikon\/wp-json\/wp\/v2\/product\/11967","targetHints":{"allow":["GET"]}}],"collection":[{"href":"https:\/\/uj.adatbank.ro\/lexikon\/wp-json\/wp\/v2\/product"}],"about":[{"href":"https:\/\/uj.adatbank.ro\/lexikon\/wp-json\/wp\/v2\/types\/product"}],"replies":[{"embeddable":true,"href":"https:\/\/uj.adatbank.ro\/lexikon\/wp-json\/wp\/v2\/comments?post=11967"}],"wp:attachment":[{"href":"https:\/\/uj.adatbank.ro\/lexikon\/wp-json\/wp\/v2\/media?parent=11967"}],"wp:term":[{"taxonomy":"product_brand","embeddable":true,"href":"https:\/\/uj.adatbank.ro\/lexikon\/wp-json\/wp\/v2\/product_brand?post=11967"},{"taxonomy":"product_cat","embeddable":true,"href":"https:\/\/uj.adatbank.ro\/lexikon\/wp-json\/wp\/v2\/product_cat?post=11967"},{"taxonomy":"product_tag","embeddable":true,"href":"https:\/\/uj.adatbank.ro\/lexikon\/wp-json\/wp\/v2\/product_tag?post=11967"}],"curies":[{"name":"wp","href":"https:\/\/api.w.org\/{rel}","templated":true}]}}