{"id":11968,"date":"2025-06-29T14:11:02","date_gmt":"2025-06-29T12:11:02","guid":{"rendered":"https:\/\/uj.adatbank.ro\/lexikon\/termek\/kirschlager-hans-gerhard-kirschlager-hans\/"},"modified":"2025-06-29T14:11:02","modified_gmt":"2025-06-29T12:11:02","slug":"kirschlager-hans-gerhard-kirschlager-hans","status":"publish","type":"product","link":"https:\/\/uj.adatbank.ro\/lexikon\/termek\/kirschlager-hans-gerhard-kirschlager-hans\/","title":{"rendered":"KIRSCHL\u00c4GER, Hans Gerhard, Kirschlager Hans,"},"content":{"rendered":"<p>Nagyapold, 1931. szept. 23., \u2020 ?: ev. lelk\u00e9sz. \u2013 Dedr\u00e1don szolg\u00e1lt (1955\u2013). Amint a faluba ker\u00fclt, \u00f6sszegy\u0171jt\u00f6tte a n\u00e9met \u00e9rzelm\u0171 fiatalokat. Rendszerellenes tev\u00e9kenys\u00e9get kezdtek. F\u00fav\u00f3szenekart l\u00e9tes\u00edtett (1955. \u0151sz\u00e9n), \u00e9s a pr\u00f3b\u00e1k ut\u00e1n megbesz\u00e9l\u00e9seket, gyakorlati pr\u00f3b\u00e1kat tartottak, a sz\u00edntiszta n\u00e9met v\u00e9r megv\u00e9d\u00e9s\u00e9re. F\u0151 c\u00e9ljuk a felk\u00e9sz\u00fcl\u00e9s a szoc. \u00e1llam megt\u00e1mad\u00e1s\u00e1ra, fasiszta eszm\u00e9k terjeszt\u00e9se volt. A tagokkal egy\u00e9nenk\u00e9nt tartotta a kapcsolatot, \u00e9s csak bizonyos rendezv\u00e9nyek alkalm\u00e1val j\u00f6ttek \u00f6ssze. Sz\u00e1szr\u00e9genben is l\u00e9trehozott egy felforgat\u00f3 nacionalista szervezetet \u2013 szint\u00e9n f\u00fav\u00f3szenekart. Tagjai el\u00e1r\u00fas\u00edt\u00f3k voltak egy \u00e9lelmiszer\u00fczletben (1960 tavasz\u00e1n). Z\u00e1r\u00e1s ut\u00e1n elbesz\u00e9lgettek, amit azt\u00e1n a Securitate \u00fcgyn\u00f6kei szervezked\u0151 gy\u00fclekezetnek \u00e1ll\u00edtottak be. Letart\u00f3ztatt\u00e1k (1960. nov. 11.). Az \u00fcgyet a mv.-i Katonai \u00dcgy\u00e9szs\u00e9g (csak 1961. aug. 18.) adta \u00e1t a kv.-i Katonai T\u00f6rv\u00e9nysz\u00e9knek. Az \u00fcgy\u00e9szs\u00e9gi anyag 784 oldalt tett ki, amelyhez csatolt\u00e1k a 36 oldalnyi v\u00e1diratot \u00e9s 11 vagyont z\u00e1r al\u00e1 helyez\u0151 jegyz\u0151k\u00f6nyvet. <br \/><strong>Irod.:<\/strong> \u00c1ldozatok; Bartos 2012; P\u00e1l-Antal 2013<\/br><\/p>\n","protected":false},"excerpt":{"rendered":"<p>Nagyapold, 1931. szept. 23., \u2020 ?: ev. lelk\u00e9sz. \u2013 Dedr\u00e1don szolg\u00e1lt (1955\u2013). Amint a faluba ker\u00fclt, \u00f6sszegy\u0171jt\u00f6tte a n\u00e9met \u00e9rzelm\u0171 fiatalokat. Rendszerellenes tev\u00e9kenys\u00e9get kezdtek. F\u00fav\u00f3szenekart l\u00e9tes\u00edtett (1955. \u0151sz\u00e9n), \u00e9s a pr\u00f3b\u00e1k ut\u00e1n megbesz\u00e9l\u00e9seket, gyakorlati pr\u00f3b\u00e1kat tartottak, a sz\u00edntiszta n\u00e9met v\u00e9r megv\u00e9d\u00e9s\u00e9re. F\u0151 c\u00e9ljuk a felk\u00e9sz\u00fcl\u00e9s a szoc. \u00e1llam megt\u00e1mad\u00e1s\u00e1ra, fasiszta eszm\u00e9k terjeszt\u00e9se volt. A tagokkal [&hellip;]<\/p>\n","protected":false},"featured_media":0,"comment_status":"open","ping_status":"closed","template":"","meta":[],"product_brand":[],"product_cat":[137],"product_tag":[],"class_list":{"0":"post-11968","1":"product","2":"type-product","3":"status-publish","5":"product_cat-maros-megyei-eletrajzi-lexikon","7":"first","8":"instock","9":"shipping-taxable","10":"product-type-simple"},"_links":{"self":[{"href":"https:\/\/uj.adatbank.ro\/lexikon\/wp-json\/wp\/v2\/product\/11968","targetHints":{"allow":["GET"]}}],"collection":[{"href":"https:\/\/uj.adatbank.ro\/lexikon\/wp-json\/wp\/v2\/product"}],"about":[{"href":"https:\/\/uj.adatbank.ro\/lexikon\/wp-json\/wp\/v2\/types\/product"}],"replies":[{"embeddable":true,"href":"https:\/\/uj.adatbank.ro\/lexikon\/wp-json\/wp\/v2\/comments?post=11968"}],"wp:attachment":[{"href":"https:\/\/uj.adatbank.ro\/lexikon\/wp-json\/wp\/v2\/media?parent=11968"}],"wp:term":[{"taxonomy":"product_brand","embeddable":true,"href":"https:\/\/uj.adatbank.ro\/lexikon\/wp-json\/wp\/v2\/product_brand?post=11968"},{"taxonomy":"product_cat","embeddable":true,"href":"https:\/\/uj.adatbank.ro\/lexikon\/wp-json\/wp\/v2\/product_cat?post=11968"},{"taxonomy":"product_tag","embeddable":true,"href":"https:\/\/uj.adatbank.ro\/lexikon\/wp-json\/wp\/v2\/product_tag?post=11968"}],"curies":[{"name":"wp","href":"https:\/\/api.w.org\/{rel}","templated":true}]}}