{"id":11970,"date":"2025-06-29T14:11:06","date_gmt":"2025-06-29T12:11:06","guid":{"rendered":"https:\/\/uj.adatbank.ro\/lexikon\/termek\/kis-akos\/"},"modified":"2025-06-29T14:11:06","modified_gmt":"2025-06-29T12:11:06","slug":"kis-akos","status":"publish","type":"product","link":"https:\/\/uj.adatbank.ro\/lexikon\/termek\/kis-akos\/","title":{"rendered":"KIS \u00c1kos"},"content":{"rendered":"<p>? \u2020 ?: fafarag\u00f3. \u2013 Sz\u00e1nt\u00f3 \u00c1rp\u00e1ddal k\u00f6z\u00f6sen faragt\u00e1k a Marosszentgy\u00f6rgy\u00f6n tal\u00e1lhat\u00f3 S\u00e1rk\u00e1ny\u00f6l\u0151 Szent Gy\u00f6rgy kopjaf\u00e1s eml\u00e9km\u0171vet. <br \/><strong>Irod.:<\/strong> MMK<\/br><\/p>\n","protected":false},"excerpt":{"rendered":"<p>? \u2020 ?: fafarag\u00f3. \u2013 Sz\u00e1nt\u00f3 \u00c1rp\u00e1ddal k\u00f6z\u00f6sen faragt\u00e1k a Marosszentgy\u00f6rgy\u00f6n tal\u00e1lhat\u00f3 S\u00e1rk\u00e1ny\u00f6l\u0151 Szent Gy\u00f6rgy kopjaf\u00e1s eml\u00e9km\u0171vet. Irod.: MMK<\/p>\n","protected":false},"featured_media":0,"comment_status":"open","ping_status":"closed","template":"","meta":[],"product_brand":[],"product_cat":[137],"product_tag":[],"class_list":{"0":"post-11970","1":"product","2":"type-product","3":"status-publish","5":"product_cat-maros-megyei-eletrajzi-lexikon","7":"first","8":"instock","9":"shipping-taxable","10":"product-type-simple"},"_links":{"self":[{"href":"https:\/\/uj.adatbank.ro\/lexikon\/wp-json\/wp\/v2\/product\/11970","targetHints":{"allow":["GET"]}}],"collection":[{"href":"https:\/\/uj.adatbank.ro\/lexikon\/wp-json\/wp\/v2\/product"}],"about":[{"href":"https:\/\/uj.adatbank.ro\/lexikon\/wp-json\/wp\/v2\/types\/product"}],"replies":[{"embeddable":true,"href":"https:\/\/uj.adatbank.ro\/lexikon\/wp-json\/wp\/v2\/comments?post=11970"}],"wp:attachment":[{"href":"https:\/\/uj.adatbank.ro\/lexikon\/wp-json\/wp\/v2\/media?parent=11970"}],"wp:term":[{"taxonomy":"product_brand","embeddable":true,"href":"https:\/\/uj.adatbank.ro\/lexikon\/wp-json\/wp\/v2\/product_brand?post=11970"},{"taxonomy":"product_cat","embeddable":true,"href":"https:\/\/uj.adatbank.ro\/lexikon\/wp-json\/wp\/v2\/product_cat?post=11970"},{"taxonomy":"product_tag","embeddable":true,"href":"https:\/\/uj.adatbank.ro\/lexikon\/wp-json\/wp\/v2\/product_tag?post=11970"}],"curies":[{"name":"wp","href":"https:\/\/api.w.org\/{rel}","templated":true}]}}