{"id":11978,"date":"2025-06-29T14:11:24","date_gmt":"2025-06-29T12:11:24","guid":{"rendered":"https:\/\/uj.adatbank.ro\/lexikon\/termek\/kis-gergely-csapai\/"},"modified":"2025-06-29T14:11:24","modified_gmt":"2025-06-29T12:11:24","slug":"kis-gergely-csapai","status":"publish","type":"product","link":"https:\/\/uj.adatbank.ro\/lexikon\/termek\/kis-gergely-csapai\/","title":{"rendered":"KIS Gergely, csapai"},"content":{"rendered":"<p>? \u2020 ?: unit. pap. \u2013 A d\u00e9sfalvi zsinaton szentelt\u00e9k fel (1661. \u00e1pr. 7.), s\u00e1rosi, majd Dics\u0151szentm\u00e1rtoni pap. <br \/><strong>Irod.:<\/strong> K\u00e9nosi-Uzoni 1.<\/br><\/p>\n","protected":false},"excerpt":{"rendered":"<p>? \u2020 ?: unit. pap. \u2013 A d\u00e9sfalvi zsinaton szentelt\u00e9k fel (1661. \u00e1pr. 7.), s\u00e1rosi, majd Dics\u0151szentm\u00e1rtoni pap. Irod.: K\u00e9nosi-Uzoni 1.<\/p>\n","protected":false},"featured_media":0,"comment_status":"open","ping_status":"closed","template":"","meta":[],"product_brand":[],"product_cat":[137],"product_tag":[],"class_list":{"0":"post-11978","1":"product","2":"type-product","3":"status-publish","5":"product_cat-maros-megyei-eletrajzi-lexikon","7":"first","8":"instock","9":"shipping-taxable","10":"product-type-simple"},"_links":{"self":[{"href":"https:\/\/uj.adatbank.ro\/lexikon\/wp-json\/wp\/v2\/product\/11978","targetHints":{"allow":["GET"]}}],"collection":[{"href":"https:\/\/uj.adatbank.ro\/lexikon\/wp-json\/wp\/v2\/product"}],"about":[{"href":"https:\/\/uj.adatbank.ro\/lexikon\/wp-json\/wp\/v2\/types\/product"}],"replies":[{"embeddable":true,"href":"https:\/\/uj.adatbank.ro\/lexikon\/wp-json\/wp\/v2\/comments?post=11978"}],"wp:attachment":[{"href":"https:\/\/uj.adatbank.ro\/lexikon\/wp-json\/wp\/v2\/media?parent=11978"}],"wp:term":[{"taxonomy":"product_brand","embeddable":true,"href":"https:\/\/uj.adatbank.ro\/lexikon\/wp-json\/wp\/v2\/product_brand?post=11978"},{"taxonomy":"product_cat","embeddable":true,"href":"https:\/\/uj.adatbank.ro\/lexikon\/wp-json\/wp\/v2\/product_cat?post=11978"},{"taxonomy":"product_tag","embeddable":true,"href":"https:\/\/uj.adatbank.ro\/lexikon\/wp-json\/wp\/v2\/product_tag?post=11978"}],"curies":[{"name":"wp","href":"https:\/\/api.w.org\/{rel}","templated":true}]}}