{"id":11981,"date":"2025-06-29T14:11:28","date_gmt":"2025-06-29T12:11:28","guid":{"rendered":"https:\/\/uj.adatbank.ro\/lexikon\/termek\/kis-istvan-kiss\/"},"modified":"2025-06-29T14:11:28","modified_gmt":"2025-06-29T12:11:28","slug":"kis-istvan-kiss","status":"publish","type":"product","link":"https:\/\/uj.adatbank.ro\/lexikon\/termek\/kis-istvan-kiss\/","title":{"rendered":"KIS Istv\u00e1n, Kiss"},"content":{"rendered":"<p>? \u2020 ?: ref. lelk\u00e9sz. \u2013 Kv.-on a ref. koll.-ban tanul\u00f3 di\u00e1k kor\u00e1ban \u00edrt vers\u00e9vel eml\u00e9ket \u00e1ll\u00edtott Rad\u00e1k Polix\u00e9na hal\u00e1l\u00e1nak. A kiadv\u00e1ny hat kiad\u00e1s\u00e1nak egyik\u00e9n sem szerepel a szerz\u0151 neve, de K\u0151v\u00e1ri L\u00e1szl\u00f3 felt\u00e9telezte szerz\u0151s\u00e9g\u00e9t. Beresztelk\u00e9n volt pap. \u2013 <strong>F. m.:<\/strong> Rad\u00e1k Poliks\u00e9na hal\u00e1l\u00e1r\u00f3l k\u00e9sz\u00edtett versek (Kv., 1804); A szentek egyess\u00e9ge : Synodusi besz\u00e9d (Kv., 1822). <br \/><strong>Irod.:<\/strong> Szinnyei; Rugonfalvi Kiss<\/br><\/p>\n","protected":false},"excerpt":{"rendered":"<p>? \u2020 ?: ref. lelk\u00e9sz. \u2013 Kv.-on a ref. koll.-ban tanul\u00f3 di\u00e1k kor\u00e1ban \u00edrt vers\u00e9vel eml\u00e9ket \u00e1ll\u00edtott Rad\u00e1k Polix\u00e9na hal\u00e1l\u00e1nak. A kiadv\u00e1ny hat kiad\u00e1s\u00e1nak egyik\u00e9n sem szerepel a szerz\u0151 neve, de K\u0151v\u00e1ri L\u00e1szl\u00f3 felt\u00e9telezte szerz\u0151s\u00e9g\u00e9t. Beresztelk\u00e9n volt pap. \u2013 F. m.: Rad\u00e1k Poliks\u00e9na hal\u00e1l\u00e1r\u00f3l k\u00e9sz\u00edtett versek (Kv., 1804); A szentek egyess\u00e9ge : Synodusi besz\u00e9d (Kv., [&hellip;]<\/p>\n","protected":false},"featured_media":0,"comment_status":"open","ping_status":"closed","template":"","meta":[],"product_brand":[],"product_cat":[137],"product_tag":[],"class_list":{"0":"post-11981","1":"product","2":"type-product","3":"status-publish","5":"product_cat-maros-megyei-eletrajzi-lexikon","7":"first","8":"instock","9":"shipping-taxable","10":"product-type-simple"},"_links":{"self":[{"href":"https:\/\/uj.adatbank.ro\/lexikon\/wp-json\/wp\/v2\/product\/11981","targetHints":{"allow":["GET"]}}],"collection":[{"href":"https:\/\/uj.adatbank.ro\/lexikon\/wp-json\/wp\/v2\/product"}],"about":[{"href":"https:\/\/uj.adatbank.ro\/lexikon\/wp-json\/wp\/v2\/types\/product"}],"replies":[{"embeddable":true,"href":"https:\/\/uj.adatbank.ro\/lexikon\/wp-json\/wp\/v2\/comments?post=11981"}],"wp:attachment":[{"href":"https:\/\/uj.adatbank.ro\/lexikon\/wp-json\/wp\/v2\/media?parent=11981"}],"wp:term":[{"taxonomy":"product_brand","embeddable":true,"href":"https:\/\/uj.adatbank.ro\/lexikon\/wp-json\/wp\/v2\/product_brand?post=11981"},{"taxonomy":"product_cat","embeddable":true,"href":"https:\/\/uj.adatbank.ro\/lexikon\/wp-json\/wp\/v2\/product_cat?post=11981"},{"taxonomy":"product_tag","embeddable":true,"href":"https:\/\/uj.adatbank.ro\/lexikon\/wp-json\/wp\/v2\/product_tag?post=11981"}],"curies":[{"name":"wp","href":"https:\/\/api.w.org\/{rel}","templated":true}]}}