{"id":11982,"date":"2025-06-29T14:11:30","date_gmt":"2025-06-29T12:11:30","guid":{"rendered":"https:\/\/uj.adatbank.ro\/lexikon\/termek\/kis-istvan-stefan\/"},"modified":"2025-06-29T14:11:30","modified_gmt":"2025-06-29T12:11:30","slug":"kis-istvan-stefan","status":"publish","type":"product","link":"https:\/\/uj.adatbank.ro\/lexikon\/termek\/kis-istvan-stefan\/","title":{"rendered":"KIS Istv\u00e1n; \u015etefan"},"content":{"rendered":"<p>? \u2020 1950. j\u00fal. 20.: antikommunista harcos. \u2013 Cs\u00edkfalv\u00e1r\u00f3l sz\u00e1rmazott; a Securitate agyonl\u0151tte. <br \/><strong>Irod.:<\/strong> Ioni\u0163iou<\/br><\/p>\n","protected":false},"excerpt":{"rendered":"<p>? \u2020 1950. j\u00fal. 20.: antikommunista harcos. \u2013 Cs\u00edkfalv\u00e1r\u00f3l sz\u00e1rmazott; a Securitate agyonl\u0151tte. Irod.: Ioni\u0163iou<\/p>\n","protected":false},"featured_media":0,"comment_status":"open","ping_status":"closed","template":"","meta":[],"product_brand":[],"product_cat":[137],"product_tag":[],"class_list":{"0":"post-11982","1":"product","2":"type-product","3":"status-publish","5":"product_cat-maros-megyei-eletrajzi-lexikon","7":"first","8":"instock","9":"shipping-taxable","10":"product-type-simple"},"_links":{"self":[{"href":"https:\/\/uj.adatbank.ro\/lexikon\/wp-json\/wp\/v2\/product\/11982","targetHints":{"allow":["GET"]}}],"collection":[{"href":"https:\/\/uj.adatbank.ro\/lexikon\/wp-json\/wp\/v2\/product"}],"about":[{"href":"https:\/\/uj.adatbank.ro\/lexikon\/wp-json\/wp\/v2\/types\/product"}],"replies":[{"embeddable":true,"href":"https:\/\/uj.adatbank.ro\/lexikon\/wp-json\/wp\/v2\/comments?post=11982"}],"wp:attachment":[{"href":"https:\/\/uj.adatbank.ro\/lexikon\/wp-json\/wp\/v2\/media?parent=11982"}],"wp:term":[{"taxonomy":"product_brand","embeddable":true,"href":"https:\/\/uj.adatbank.ro\/lexikon\/wp-json\/wp\/v2\/product_brand?post=11982"},{"taxonomy":"product_cat","embeddable":true,"href":"https:\/\/uj.adatbank.ro\/lexikon\/wp-json\/wp\/v2\/product_cat?post=11982"},{"taxonomy":"product_tag","embeddable":true,"href":"https:\/\/uj.adatbank.ro\/lexikon\/wp-json\/wp\/v2\/product_tag?post=11982"}],"curies":[{"name":"wp","href":"https:\/\/api.w.org\/{rel}","templated":true}]}}