{"id":11988,"date":"2025-06-29T14:11:42","date_gmt":"2025-06-29T12:11:42","guid":{"rendered":"https:\/\/uj.adatbank.ro\/lexikon\/termek\/kis-lorand\/"},"modified":"2025-06-29T14:11:42","modified_gmt":"2025-06-29T12:11:42","slug":"kis-lorand","status":"publish","type":"product","link":"https:\/\/uj.adatbank.ro\/lexikon\/termek\/kis-lorand\/","title":{"rendered":"KIS L\u00f3r\u00e1nd"},"content":{"rendered":"<p>Mv., 1973. \u2020 ?: grafikus. \u2013 A mv.-i k\u00f6z\u00e9piskol\u00e1ba \u00e9s a kv.-i K\u00e9pz\u0151m\u0171v\u00e9szeti F\u0151iskola grafikai szak\u00e1n v\u00e9gezte tanulm\u00e1nyait. Rendszeresen vett r\u00e9szt a grafikai ki\u00e1ll\u00edt\u00e1sokon: Kv.-on, Sz\u00e9kelyudvarhelyen, Nagyenyeden, Temesv\u00e1ron, Mv.-en, Kov\u00e1szn\u00e1n. Kv.-on volt egy\u00e9ni ki\u00e1ll\u00edt\u00e1sa a M\u00e1s Vil\u00e1g gal\u00e9ri\u00e1ban. <br \/><strong>Irod.:<\/strong> Szab\u00f3\u2013K\u00e1llai<\/br><\/p>\n","protected":false},"excerpt":{"rendered":"<p>Mv., 1973. \u2020 ?: grafikus. \u2013 A mv.-i k\u00f6z\u00e9piskol\u00e1ba \u00e9s a kv.-i K\u00e9pz\u0151m\u0171v\u00e9szeti F\u0151iskola grafikai szak\u00e1n v\u00e9gezte tanulm\u00e1nyait. Rendszeresen vett r\u00e9szt a grafikai ki\u00e1ll\u00edt\u00e1sokon: Kv.-on, Sz\u00e9kelyudvarhelyen, Nagyenyeden, Temesv\u00e1ron, Mv.-en, Kov\u00e1szn\u00e1n. Kv.-on volt egy\u00e9ni ki\u00e1ll\u00edt\u00e1sa a M\u00e1s Vil\u00e1g gal\u00e9ri\u00e1ban. Irod.: Szab\u00f3\u2013K\u00e1llai<\/p>\n","protected":false},"featured_media":0,"comment_status":"open","ping_status":"closed","template":"","meta":[],"product_brand":[],"product_cat":[137],"product_tag":[],"class_list":{"0":"post-11988","1":"product","2":"type-product","3":"status-publish","5":"product_cat-maros-megyei-eletrajzi-lexikon","7":"first","8":"instock","9":"shipping-taxable","10":"product-type-simple"},"_links":{"self":[{"href":"https:\/\/uj.adatbank.ro\/lexikon\/wp-json\/wp\/v2\/product\/11988","targetHints":{"allow":["GET"]}}],"collection":[{"href":"https:\/\/uj.adatbank.ro\/lexikon\/wp-json\/wp\/v2\/product"}],"about":[{"href":"https:\/\/uj.adatbank.ro\/lexikon\/wp-json\/wp\/v2\/types\/product"}],"replies":[{"embeddable":true,"href":"https:\/\/uj.adatbank.ro\/lexikon\/wp-json\/wp\/v2\/comments?post=11988"}],"wp:attachment":[{"href":"https:\/\/uj.adatbank.ro\/lexikon\/wp-json\/wp\/v2\/media?parent=11988"}],"wp:term":[{"taxonomy":"product_brand","embeddable":true,"href":"https:\/\/uj.adatbank.ro\/lexikon\/wp-json\/wp\/v2\/product_brand?post=11988"},{"taxonomy":"product_cat","embeddable":true,"href":"https:\/\/uj.adatbank.ro\/lexikon\/wp-json\/wp\/v2\/product_cat?post=11988"},{"taxonomy":"product_tag","embeddable":true,"href":"https:\/\/uj.adatbank.ro\/lexikon\/wp-json\/wp\/v2\/product_tag?post=11988"}],"curies":[{"name":"wp","href":"https:\/\/api.w.org\/{rel}","templated":true}]}}