{"id":11989,"date":"2025-06-29T14:11:46","date_gmt":"2025-06-29T12:11:46","guid":{"rendered":"https:\/\/uj.adatbank.ro\/lexikon\/termek\/kis-lorinc\/"},"modified":"2025-06-29T14:11:46","modified_gmt":"2025-06-29T12:11:46","slug":"kis-lorinc","status":"publish","type":"product","link":"https:\/\/uj.adatbank.ro\/lexikon\/termek\/kis-lorinc\/","title":{"rendered":"KIS L\u0151rinc"},"content":{"rendered":"<p>? \u2020 ?: tan\u00edt\u00f3. \u2013 Sz\u00e9kelyudvarhelyen (1754) \u00e9s Kv.-on (1758 k.) subscrib\u00e1lt. Kutyfalv\u00e1n tan\u00edtott (1761), Sz\u00e9kellyber\u00e9ben (1774\u20131776). <br \/><strong>Irod.:<\/strong> Imreh Barna; K\u00fck\u00fcll\u0151i Ref. Egyh\u00e1zm. 3.<\/br><\/p>\n","protected":false},"excerpt":{"rendered":"<p>? \u2020 ?: tan\u00edt\u00f3. \u2013 Sz\u00e9kelyudvarhelyen (1754) \u00e9s Kv.-on (1758 k.) subscrib\u00e1lt. Kutyfalv\u00e1n tan\u00edtott (1761), Sz\u00e9kellyber\u00e9ben (1774\u20131776). Irod.: Imreh Barna; K\u00fck\u00fcll\u0151i Ref. Egyh\u00e1zm. 3.<\/p>\n","protected":false},"featured_media":0,"comment_status":"open","ping_status":"closed","template":"","meta":[],"product_brand":[],"product_cat":[137],"product_tag":[],"class_list":{"0":"post-11989","1":"product","2":"type-product","3":"status-publish","5":"product_cat-maros-megyei-eletrajzi-lexikon","7":"first","8":"instock","9":"shipping-taxable","10":"product-type-simple"},"_links":{"self":[{"href":"https:\/\/uj.adatbank.ro\/lexikon\/wp-json\/wp\/v2\/product\/11989","targetHints":{"allow":["GET"]}}],"collection":[{"href":"https:\/\/uj.adatbank.ro\/lexikon\/wp-json\/wp\/v2\/product"}],"about":[{"href":"https:\/\/uj.adatbank.ro\/lexikon\/wp-json\/wp\/v2\/types\/product"}],"replies":[{"embeddable":true,"href":"https:\/\/uj.adatbank.ro\/lexikon\/wp-json\/wp\/v2\/comments?post=11989"}],"wp:attachment":[{"href":"https:\/\/uj.adatbank.ro\/lexikon\/wp-json\/wp\/v2\/media?parent=11989"}],"wp:term":[{"taxonomy":"product_brand","embeddable":true,"href":"https:\/\/uj.adatbank.ro\/lexikon\/wp-json\/wp\/v2\/product_brand?post=11989"},{"taxonomy":"product_cat","embeddable":true,"href":"https:\/\/uj.adatbank.ro\/lexikon\/wp-json\/wp\/v2\/product_cat?post=11989"},{"taxonomy":"product_tag","embeddable":true,"href":"https:\/\/uj.adatbank.ro\/lexikon\/wp-json\/wp\/v2\/product_tag?post=11989"}],"curies":[{"name":"wp","href":"https:\/\/api.w.org\/{rel}","templated":true}]}}