{"id":11995,"date":"2025-06-29T14:11:57","date_gmt":"2025-06-29T12:11:57","guid":{"rendered":"https:\/\/uj.adatbank.ro\/lexikon\/termek\/kis-pokai-miklos\/"},"modified":"2025-06-29T14:11:57","modified_gmt":"2025-06-29T12:11:57","slug":"kis-pokai-miklos","status":"publish","type":"product","link":"https:\/\/uj.adatbank.ro\/lexikon\/termek\/kis-pokai-miklos\/","title":{"rendered":"KIS P\u00d3KAI Mikl\u00f3s"},"content":{"rendered":"<p>? \u2020 ?: egy 1416-b\u00f3l sz\u00e1rmaz\u00f3 oklev\u00e9l szerint \u00e9vi 50 d\u00e9n\u00e1rt \u00edg\u00e9rt a p\u00f3kakereszt\u00fari templomnak, hogy harangozzanak, amikor \u0151 \u00e9s ut\u00f3dai meghalnak. <br \/><strong>Irod.:<\/strong> P\u00f3ka<\/br><\/p>\n","protected":false},"excerpt":{"rendered":"<p>? \u2020 ?: egy 1416-b\u00f3l sz\u00e1rmaz\u00f3 oklev\u00e9l szerint \u00e9vi 50 d\u00e9n\u00e1rt \u00edg\u00e9rt a p\u00f3kakereszt\u00fari templomnak, hogy harangozzanak, amikor \u0151 \u00e9s ut\u00f3dai meghalnak. Irod.: P\u00f3ka<\/p>\n","protected":false},"featured_media":0,"comment_status":"open","ping_status":"closed","template":"","meta":[],"product_brand":[],"product_cat":[137],"product_tag":[],"class_list":{"0":"post-11995","1":"product","2":"type-product","3":"status-publish","5":"product_cat-maros-megyei-eletrajzi-lexikon","7":"first","8":"instock","9":"shipping-taxable","10":"product-type-simple"},"_links":{"self":[{"href":"https:\/\/uj.adatbank.ro\/lexikon\/wp-json\/wp\/v2\/product\/11995","targetHints":{"allow":["GET"]}}],"collection":[{"href":"https:\/\/uj.adatbank.ro\/lexikon\/wp-json\/wp\/v2\/product"}],"about":[{"href":"https:\/\/uj.adatbank.ro\/lexikon\/wp-json\/wp\/v2\/types\/product"}],"replies":[{"embeddable":true,"href":"https:\/\/uj.adatbank.ro\/lexikon\/wp-json\/wp\/v2\/comments?post=11995"}],"wp:attachment":[{"href":"https:\/\/uj.adatbank.ro\/lexikon\/wp-json\/wp\/v2\/media?parent=11995"}],"wp:term":[{"taxonomy":"product_brand","embeddable":true,"href":"https:\/\/uj.adatbank.ro\/lexikon\/wp-json\/wp\/v2\/product_brand?post=11995"},{"taxonomy":"product_cat","embeddable":true,"href":"https:\/\/uj.adatbank.ro\/lexikon\/wp-json\/wp\/v2\/product_cat?post=11995"},{"taxonomy":"product_tag","embeddable":true,"href":"https:\/\/uj.adatbank.ro\/lexikon\/wp-json\/wp\/v2\/product_tag?post=11995"}],"curies":[{"name":"wp","href":"https:\/\/api.w.org\/{rel}","templated":true}]}}