{"id":11997,"date":"2025-06-29T14:12:00","date_gmt":"2025-06-29T12:12:00","guid":{"rendered":"https:\/\/uj.adatbank.ro\/lexikon\/termek\/kis-samuel-2\/"},"modified":"2025-06-29T14:12:00","modified_gmt":"2025-06-29T12:12:00","slug":"kis-samuel-2","status":"publish","type":"product","link":"https:\/\/uj.adatbank.ro\/lexikon\/termek\/kis-samuel-2\/","title":{"rendered":"KIS S\u00e1muel"},"content":{"rendered":"<p>Nagyenyed, 1771, \u2020 Marosbog\u00e1t, 1847. \u00e1pr. 5. ref. lelk\u00e9sz. \u2013 Feles\u00e9ge M\u00e1t\u00e9 R\u00e1hel. \u2013 Tanulm\u00e1nyait sz\u00fcl\u0151v\u00e1ros\u00e1ban kezdte (1788), majd Bernben folytatta (1797\u201398). Mint marosbog\u00e1ti lelkip\u00e1sztort szentelt\u00e9k fel (1799), a sz\u00e9kelyudvarhelyi zsinaton Alvinczi G\u00e1born\u00e9 udvar\u00e1ba ordin\u00e1lt\u00e1k, ott maradt \u00e9lete v\u00e9g\u00e9ig. Ordinarius notarius (1817\u2013), esperes hal\u00e1l\u00e1ig (1830\u201347). Zeneileg k\u00e9pzett lelkip\u00e1sztor volt. Az egyh\u00e1zi \u00e9nekreform egyik vezet\u0151 munkat\u00e1rsa volt (1837). <br \/><strong>Irod.:<\/strong> Cs\u00e1v\u00e1s; Cs\u00e1v\u00e1si eml\u00e9kk\u00f6nyv; K\u00fck\u00fcll\u0151i Ref. Egyh\u00e1zm. 3.<\/br><\/p>\n","protected":false},"excerpt":{"rendered":"<p>Nagyenyed, 1771, \u2020 Marosbog\u00e1t, 1847. \u00e1pr. 5. ref. lelk\u00e9sz. \u2013 Feles\u00e9ge M\u00e1t\u00e9 R\u00e1hel. \u2013 Tanulm\u00e1nyait sz\u00fcl\u0151v\u00e1ros\u00e1ban kezdte (1788), majd Bernben folytatta (1797\u201398). Mint marosbog\u00e1ti lelkip\u00e1sztort szentelt\u00e9k fel (1799), a sz\u00e9kelyudvarhelyi zsinaton Alvinczi G\u00e1born\u00e9 udvar\u00e1ba ordin\u00e1lt\u00e1k, ott maradt \u00e9lete v\u00e9g\u00e9ig. Ordinarius notarius (1817\u2013), esperes hal\u00e1l\u00e1ig (1830\u201347). Zeneileg k\u00e9pzett lelkip\u00e1sztor volt. Az egyh\u00e1zi \u00e9nekreform egyik vezet\u0151 munkat\u00e1rsa [&hellip;]<\/p>\n","protected":false},"featured_media":0,"comment_status":"open","ping_status":"closed","template":"","meta":[],"product_brand":[],"product_cat":[137],"product_tag":[],"class_list":{"0":"post-11997","1":"product","2":"type-product","3":"status-publish","5":"product_cat-maros-megyei-eletrajzi-lexikon","7":"first","8":"instock","9":"shipping-taxable","10":"product-type-simple"},"_links":{"self":[{"href":"https:\/\/uj.adatbank.ro\/lexikon\/wp-json\/wp\/v2\/product\/11997","targetHints":{"allow":["GET"]}}],"collection":[{"href":"https:\/\/uj.adatbank.ro\/lexikon\/wp-json\/wp\/v2\/product"}],"about":[{"href":"https:\/\/uj.adatbank.ro\/lexikon\/wp-json\/wp\/v2\/types\/product"}],"replies":[{"embeddable":true,"href":"https:\/\/uj.adatbank.ro\/lexikon\/wp-json\/wp\/v2\/comments?post=11997"}],"wp:attachment":[{"href":"https:\/\/uj.adatbank.ro\/lexikon\/wp-json\/wp\/v2\/media?parent=11997"}],"wp:term":[{"taxonomy":"product_brand","embeddable":true,"href":"https:\/\/uj.adatbank.ro\/lexikon\/wp-json\/wp\/v2\/product_brand?post=11997"},{"taxonomy":"product_cat","embeddable":true,"href":"https:\/\/uj.adatbank.ro\/lexikon\/wp-json\/wp\/v2\/product_cat?post=11997"},{"taxonomy":"product_tag","embeddable":true,"href":"https:\/\/uj.adatbank.ro\/lexikon\/wp-json\/wp\/v2\/product_tag?post=11997"}],"curies":[{"name":"wp","href":"https:\/\/api.w.org\/{rel}","templated":true}]}}