{"id":12002,"date":"2025-06-29T14:12:11","date_gmt":"2025-06-29T12:12:11","guid":{"rendered":"https:\/\/uj.adatbank.ro\/lexikon\/termek\/kis-zoltan-2\/"},"modified":"2025-06-29T14:12:11","modified_gmt":"2025-06-29T12:12:11","slug":"kis-zoltan-2","status":"publish","type":"product","link":"https:\/\/uj.adatbank.ro\/lexikon\/termek\/kis-zoltan-2\/","title":{"rendered":"KIS Zolt\u00e1n"},"content":{"rendered":"<p>Radn\u00f3tf\u00e1ja, 1929. szept. 6., \u2020 Kv., 1992. nov. 9.: biol\u00f3gus, \u00e9lettani szak\u00edr\u00f3, egyetemi tan\u00e1r. \u2013 \u00c9retts\u00e9gizett a sz\u00e1szr\u00e9geni tan\u00edt\u00f3k\u00e9pz\u0151ben (1949) ; a kv.-i Mez\u0151gazdas\u00e1gi F\u0151iskola hallgat\u00f3ja (1950\u201352), majd a BTE-en szerzett biol\u00f3gia szakos tan\u00e1ri diplom\u00e1t (1954); a BBTE \u00c9lettani Tansz\u00e9k\u00e9n dolgozott (1969\u201491) el\u0151bb mint gyakorlatvezet\u0151 majd el\u0151ad\u00f3 adjunktus. Rom\u00e1n, magyar, n\u00e9met \u00e9s angol nyelv\u0171 tanulm\u00e1nyai t\u00e9m\u00e1ja: sug\u00e1rbiol\u00f3gia, n\u00f6veked\u00e9si hormonok, a stressz \u00e9lettani hat\u00e1sai, biol\u00f3gia \u00e9s anat\u00f3mia tank\u00f6nyveket ford\u00edtott magyarra liceumok sz\u00e1m\u00e1ra (1976\u201386); ismeretterjeszt\u0151 \u00edr\u00e1sai A H\u00e9t, Igazs\u00e1g, Munk\u00e1s\u00e9let, Tan\u00fcgyi \u00dajs\u00e1g, M\u0171vel\u0151d\u00e9s, Hargita, Megyei T\u00fck\u00f6r has\u00e1bjain jelentek meg. Sz\u00e1mos felfedez\u00e9s\u00e9t \u00e9s \u00faj\u00edt\u00e1s\u00e1t szabadalmazt\u00e1k, k\u00f6zt\u00fck a mikroszk\u00f3pikus terjedelmek pontosabb meghat\u00e1roz\u00e1s\u00e1t szolg\u00e1l\u00f3 f\u00e9nyk\u00e9pez\u00e9si m\u00f3dszerekre, valamint a toj\u00e1sh\u00e9j ellen\u00e1ll\u00f3k\u00e9pes\u00e9g\u00e9t fokoz\u00f3 elj\u00e1r\u00e1sra vonatkoz\u00f3 kutat\u00e1sainak eredm\u00e9ny\u00e9t. Eml\u00e9k\u00e9re sz\u00fcl\u0151faluj\u00e1ban a kult\u00farcsoport vette fel a nev\u00e9t (1994\u2013). \u2013 <strong>F. m.:<\/strong> Ember- Term\u00e9szet- XX. sz\u00e1zad (Buk., 1976); A magatart\u00e1s \u00e9lettani alapjai (Buk., 1981); <strong>t\u00e1rssz.:<\/strong> Ember \u00e9s eg\u00e9szs\u00e9g (Kislexikon; Holicska Dezs\u0151, Vit\u00e1lyos Andr\u00e1ssal; Buk., 1974); Dic\u0163ionarul s\u0103n\u0103t\u0103\u0163ii (Buc., 1978). <br \/><strong>Irod.:<\/strong> KKACs; [Nekrol\u00f3g] (N\u00fa., 1992. nov. 11.); RMIL<\/br><\/p>\n","protected":false},"excerpt":{"rendered":"<p>Radn\u00f3tf\u00e1ja, 1929. szept. 6., \u2020 Kv., 1992. nov. 9.: biol\u00f3gus, \u00e9lettani szak\u00edr\u00f3, egyetemi tan\u00e1r. \u2013 \u00c9retts\u00e9gizett a sz\u00e1szr\u00e9geni tan\u00edt\u00f3k\u00e9pz\u0151ben (1949) ; a kv.-i Mez\u0151gazdas\u00e1gi F\u0151iskola hallgat\u00f3ja (1950\u201352), majd a BTE-en szerzett biol\u00f3gia szakos tan\u00e1ri diplom\u00e1t (1954); a BBTE \u00c9lettani Tansz\u00e9k\u00e9n dolgozott (1969\u201491) el\u0151bb mint gyakorlatvezet\u0151 majd el\u0151ad\u00f3 adjunktus. Rom\u00e1n, magyar, n\u00e9met \u00e9s angol nyelv\u0171 tanulm\u00e1nyai [&hellip;]<\/p>\n","protected":false},"featured_media":0,"comment_status":"open","ping_status":"closed","template":"","meta":[],"product_brand":[],"product_cat":[137],"product_tag":[],"class_list":{"0":"post-12002","1":"product","2":"type-product","3":"status-publish","5":"product_cat-maros-megyei-eletrajzi-lexikon","7":"first","8":"instock","9":"shipping-taxable","10":"product-type-simple"},"_links":{"self":[{"href":"https:\/\/uj.adatbank.ro\/lexikon\/wp-json\/wp\/v2\/product\/12002","targetHints":{"allow":["GET"]}}],"collection":[{"href":"https:\/\/uj.adatbank.ro\/lexikon\/wp-json\/wp\/v2\/product"}],"about":[{"href":"https:\/\/uj.adatbank.ro\/lexikon\/wp-json\/wp\/v2\/types\/product"}],"replies":[{"embeddable":true,"href":"https:\/\/uj.adatbank.ro\/lexikon\/wp-json\/wp\/v2\/comments?post=12002"}],"wp:attachment":[{"href":"https:\/\/uj.adatbank.ro\/lexikon\/wp-json\/wp\/v2\/media?parent=12002"}],"wp:term":[{"taxonomy":"product_brand","embeddable":true,"href":"https:\/\/uj.adatbank.ro\/lexikon\/wp-json\/wp\/v2\/product_brand?post=12002"},{"taxonomy":"product_cat","embeddable":true,"href":"https:\/\/uj.adatbank.ro\/lexikon\/wp-json\/wp\/v2\/product_cat?post=12002"},{"taxonomy":"product_tag","embeddable":true,"href":"https:\/\/uj.adatbank.ro\/lexikon\/wp-json\/wp\/v2\/product_tag?post=12002"}],"curies":[{"name":"wp","href":"https:\/\/api.w.org\/{rel}","templated":true}]}}