{"id":12008,"date":"2025-06-29T14:12:21","date_gmt":"2025-06-29T12:12:21","guid":{"rendered":"https:\/\/uj.adatbank.ro\/lexikon\/termek\/kis-backamadarasi\/"},"modified":"2025-06-29T14:12:21","modified_gmt":"2025-06-29T12:12:21","slug":"kis-backamadarasi","status":"publish","type":"product","link":"https:\/\/uj.adatbank.ro\/lexikon\/termek\/kis-backamadarasi\/","title":{"rendered":"KIS, backamadarasi"},"content":{"rendered":"<p>A csal\u00e1db\u00f3l K. P\u00e9ter nyert nemeslevelet (l\u00f3f\u0151s\u00e9get) Bethlen G\u00e1bort\u00f3l (1615. m\u00e1j. 9.); Gergely k\u00fclf\u00f6ldi egyetemekb\u0151l haza t\u00e9rve, 1768-ban udvarhelyi tan\u00e1r lett, \u00e9s ott az ev. -ref. f\u0151tanoda nagyszer\u0171 \u00e9pit\u00e9s\u00e9t tev\u00e9kenyen el\u0151segitette. Fiai Ferenc F. -Fej\u00e9r megye t\u00e1blabir\u00e1ja s 1834-ben orsz\u00e1ggy\u00fcl\u00e9si k\u00f6vete volt; \u2013 \u00e9s J\u00f3zsef Als\u00f3-Fej\u00e9r megy\u00e9nek jeles tudom\u00e1ny\u00fa f\u0151jegyz\u0151je \u00e9s ut\u00f3bb alisp\u00e1nja; egyenes \u00f6r\u00f6k\u00f6se nem l\u00e9v\u00e9n, minden vagyon\u00e1t szerzem\u00e9nyeivel egy\u00fctt rokon\u00e1nak Kiss S\u00e1muelnak hagyta, ugy hogy ez 80 ezer forintot volt fizetend\u0151 ez\u00e9rt a sz. -udvarhelyi f\u0151tanoda r\u00e9sz\u00e9re. Ezen S\u00e1muel Als\u00f3-Fej\u00e9r megye p\u00e9nzt\u00e1rnoka volt 1848. el\u0151tt; fia B\u00e1lint. S\u00e1muelnek testv\u00e9re Gergely Als\u00f3-Fej\u00e9r megyei \u00e1rvasz\u00e9ki \u00fcln\u00f6k, 1848-ban a rom\u00e1nok meg\u00f6lt\u00e9k. \u00d6zvegye Vas Katalin. Gergely 1760. \u00e9vi c\u00edmerpecs\u00e9tje a gr. Teleki-lev\u00e9lt\u00e1rban Mv. <br \/><strong>Irod.:<\/strong> Kempelen; Nagy Iv\u00e1n; P\u00e1lmay<\/br><\/p>\n","protected":false},"excerpt":{"rendered":"<p>A csal\u00e1db\u00f3l K. P\u00e9ter nyert nemeslevelet (l\u00f3f\u0151s\u00e9get) Bethlen G\u00e1bort\u00f3l (1615. m\u00e1j. 9.); Gergely k\u00fclf\u00f6ldi egyetemekb\u0151l haza t\u00e9rve, 1768-ban udvarhelyi tan\u00e1r lett, \u00e9s ott az ev. -ref. f\u0151tanoda nagyszer\u0171 \u00e9pit\u00e9s\u00e9t tev\u00e9kenyen el\u0151segitette. Fiai Ferenc F. -Fej\u00e9r megye t\u00e1blabir\u00e1ja s 1834-ben orsz\u00e1ggy\u00fcl\u00e9si k\u00f6vete volt; \u2013 \u00e9s J\u00f3zsef Als\u00f3-Fej\u00e9r megy\u00e9nek jeles tudom\u00e1ny\u00fa f\u0151jegyz\u0151je \u00e9s ut\u00f3bb alisp\u00e1nja; egyenes \u00f6r\u00f6k\u00f6se [&hellip;]<\/p>\n","protected":false},"featured_media":0,"comment_status":"open","ping_status":"closed","template":"","meta":[],"product_brand":[],"product_cat":[137],"product_tag":[],"class_list":{"0":"post-12008","1":"product","2":"type-product","3":"status-publish","5":"product_cat-maros-megyei-eletrajzi-lexikon","7":"first","8":"instock","9":"shipping-taxable","10":"product-type-simple"},"_links":{"self":[{"href":"https:\/\/uj.adatbank.ro\/lexikon\/wp-json\/wp\/v2\/product\/12008","targetHints":{"allow":["GET"]}}],"collection":[{"href":"https:\/\/uj.adatbank.ro\/lexikon\/wp-json\/wp\/v2\/product"}],"about":[{"href":"https:\/\/uj.adatbank.ro\/lexikon\/wp-json\/wp\/v2\/types\/product"}],"replies":[{"embeddable":true,"href":"https:\/\/uj.adatbank.ro\/lexikon\/wp-json\/wp\/v2\/comments?post=12008"}],"wp:attachment":[{"href":"https:\/\/uj.adatbank.ro\/lexikon\/wp-json\/wp\/v2\/media?parent=12008"}],"wp:term":[{"taxonomy":"product_brand","embeddable":true,"href":"https:\/\/uj.adatbank.ro\/lexikon\/wp-json\/wp\/v2\/product_brand?post=12008"},{"taxonomy":"product_cat","embeddable":true,"href":"https:\/\/uj.adatbank.ro\/lexikon\/wp-json\/wp\/v2\/product_cat?post=12008"},{"taxonomy":"product_tag","embeddable":true,"href":"https:\/\/uj.adatbank.ro\/lexikon\/wp-json\/wp\/v2\/product_tag?post=12008"}],"curies":[{"name":"wp","href":"https:\/\/api.w.org\/{rel}","templated":true}]}}