{"id":12030,"date":"2025-06-29T14:13:05","date_gmt":"2025-06-29T12:13:05","guid":{"rendered":"https:\/\/uj.adatbank.ro\/lexikon\/termek\/kisfaludi-balint\/"},"modified":"2025-06-29T14:13:05","modified_gmt":"2025-06-29T12:13:05","slug":"kisfaludi-balint","status":"publish","type":"product","link":"https:\/\/uj.adatbank.ro\/lexikon\/termek\/kisfaludi-balint\/","title":{"rendered":"KISFALUDI B\u00e1lint"},"content":{"rendered":"<p>? \u2020 ?: nemes. \u2013 Nemesi h\u00e1z\u00e1t \u00e9s \u00d6kr\u00f6snek nevezett erd\u0151j\u00e9t eladta R\u00e1kosi G\u00e1sp\u00e1rnak (1488). <br \/><strong>Irod.:<\/strong> Giulu\u015f<\/br><\/p>\n","protected":false},"excerpt":{"rendered":"<p>? \u2020 ?: nemes. \u2013 Nemesi h\u00e1z\u00e1t \u00e9s \u00d6kr\u00f6snek nevezett erd\u0151j\u00e9t eladta R\u00e1kosi G\u00e1sp\u00e1rnak (1488). Irod.: Giulu\u015f<\/p>\n","protected":false},"featured_media":0,"comment_status":"open","ping_status":"closed","template":"","meta":[],"product_brand":[],"product_cat":[137],"product_tag":[],"class_list":{"0":"post-12030","1":"product","2":"type-product","3":"status-publish","5":"product_cat-maros-megyei-eletrajzi-lexikon","7":"first","8":"instock","9":"shipping-taxable","10":"product-type-simple"},"_links":{"self":[{"href":"https:\/\/uj.adatbank.ro\/lexikon\/wp-json\/wp\/v2\/product\/12030","targetHints":{"allow":["GET"]}}],"collection":[{"href":"https:\/\/uj.adatbank.ro\/lexikon\/wp-json\/wp\/v2\/product"}],"about":[{"href":"https:\/\/uj.adatbank.ro\/lexikon\/wp-json\/wp\/v2\/types\/product"}],"replies":[{"embeddable":true,"href":"https:\/\/uj.adatbank.ro\/lexikon\/wp-json\/wp\/v2\/comments?post=12030"}],"wp:attachment":[{"href":"https:\/\/uj.adatbank.ro\/lexikon\/wp-json\/wp\/v2\/media?parent=12030"}],"wp:term":[{"taxonomy":"product_brand","embeddable":true,"href":"https:\/\/uj.adatbank.ro\/lexikon\/wp-json\/wp\/v2\/product_brand?post=12030"},{"taxonomy":"product_cat","embeddable":true,"href":"https:\/\/uj.adatbank.ro\/lexikon\/wp-json\/wp\/v2\/product_cat?post=12030"},{"taxonomy":"product_tag","embeddable":true,"href":"https:\/\/uj.adatbank.ro\/lexikon\/wp-json\/wp\/v2\/product_tag?post=12030"}],"curies":[{"name":"wp","href":"https:\/\/api.w.org\/{rel}","templated":true}]}}