{"id":12031,"date":"2025-06-29T14:13:07","date_gmt":"2025-06-29T12:13:07","guid":{"rendered":"https:\/\/uj.adatbank.ro\/lexikon\/termek\/kisgorgenyi-nagyvaradi-janos\/"},"modified":"2025-06-29T14:13:07","modified_gmt":"2025-06-29T12:13:07","slug":"kisgorgenyi-nagyvaradi-janos","status":"publish","type":"product","link":"https:\/\/uj.adatbank.ro\/lexikon\/termek\/kisgorgenyi-nagyvaradi-janos\/","title":{"rendered":"KISG\u00d6RG\u00c9NYI NAGYV\u00c1RADI J\u00e1nos"},"content":{"rendered":"<p>? \u2020 ?: fest\u0151asztalos. \u2013 Nagyerny\u00e9n dolgozott (1784, 1788). <br \/><strong>Irod.:<\/strong> Moln\u00e1r; P\u00e9terfy 2005<\/br><\/p>\n","protected":false},"excerpt":{"rendered":"<p>? \u2020 ?: fest\u0151asztalos. \u2013 Nagyerny\u00e9n dolgozott (1784, 1788). Irod.: Moln\u00e1r; P\u00e9terfy 2005<\/p>\n","protected":false},"featured_media":0,"comment_status":"open","ping_status":"closed","template":"","meta":[],"product_brand":[],"product_cat":[137],"product_tag":[],"class_list":{"0":"post-12031","1":"product","2":"type-product","3":"status-publish","5":"product_cat-maros-megyei-eletrajzi-lexikon","7":"first","8":"instock","9":"shipping-taxable","10":"product-type-simple"},"_links":{"self":[{"href":"https:\/\/uj.adatbank.ro\/lexikon\/wp-json\/wp\/v2\/product\/12031","targetHints":{"allow":["GET"]}}],"collection":[{"href":"https:\/\/uj.adatbank.ro\/lexikon\/wp-json\/wp\/v2\/product"}],"about":[{"href":"https:\/\/uj.adatbank.ro\/lexikon\/wp-json\/wp\/v2\/types\/product"}],"replies":[{"embeddable":true,"href":"https:\/\/uj.adatbank.ro\/lexikon\/wp-json\/wp\/v2\/comments?post=12031"}],"wp:attachment":[{"href":"https:\/\/uj.adatbank.ro\/lexikon\/wp-json\/wp\/v2\/media?parent=12031"}],"wp:term":[{"taxonomy":"product_brand","embeddable":true,"href":"https:\/\/uj.adatbank.ro\/lexikon\/wp-json\/wp\/v2\/product_brand?post=12031"},{"taxonomy":"product_cat","embeddable":true,"href":"https:\/\/uj.adatbank.ro\/lexikon\/wp-json\/wp\/v2\/product_cat?post=12031"},{"taxonomy":"product_tag","embeddable":true,"href":"https:\/\/uj.adatbank.ro\/lexikon\/wp-json\/wp\/v2\/product_tag?post=12031"}],"curies":[{"name":"wp","href":"https:\/\/api.w.org\/{rel}","templated":true}]}}