{"id":12032,"date":"2025-06-29T14:13:09","date_gmt":"2025-06-29T12:13:09","guid":{"rendered":"https:\/\/uj.adatbank.ro\/lexikon\/termek\/kisgyorgy-arpad\/"},"modified":"2025-06-29T14:13:09","modified_gmt":"2025-06-29T12:13:09","slug":"kisgyorgy-arpad","status":"publish","type":"product","link":"https:\/\/uj.adatbank.ro\/lexikon\/termek\/kisgyorgy-arpad\/","title":{"rendered":"KISGY\u00d6RGY \u00c1rp\u00e1d,"},"content":{"rendered":"<p>Nagyajta, 1931. j\u00fal. 28. \u2020 Mv., 2011.?.: orvos. \u2013 K. D\u00e1vid f\u00f6ldm\u0171ves \u00e9s Roz\u00e1lia fia. Feles\u00e9ge. Kis Emilia, gy\u00f3gyszer\u00e9sz (Kv., 1933. febr. 2. &#8211; Mv., 2019. j\u00fal. 12). A Nagyajta temet\u0151j\u00e9ben nyugszanak. \u2013 L\u00e1nyaik: Enik\u0151 (1958) technikus \u00e9s \u00c1gnes (1961) gy\u00f3gyszer\u00e9sz. \u2013 A MOGYI orvosi kar\u00e1n v\u00e9gzett (1957). K\u00f6rzeti orvos Gyimesk\u00f6z\u00e9plokon (1957\u201362). Idegseb\u00e9sz a mv.-i Idegseb\u00e9szeti Klinik\u00e1n (1962\u2013), ahol a klinika vezet\u0151 ir\u00e1ny\u00edt\u00f3ja nyugd\u00edjaz\u00e1s\u00e1ig (1994\u20131997-ig). G\u00e1sp\u00e1r S\u00e1ndorral az id\u0151skori v\u00e9r\u00f6ml\u00e9nyek klinikai saj\u00e1toss\u00e1gait kutatta. Dolgozatai hazai \u00e1s k\u00fclf\u00f6ldi szaklapokban jelentek meg. Az unit\u00e1rius egyh\u00e1z f\u0151tan\u00e1csi, az EMKE \u00e9s EME tagja volt. <br \/><strong>Irod.:<\/strong> EMKK 2000; P\u00e9terffy \u00c1. &#8211; P. P.<\/br><\/p>\n","protected":false},"excerpt":{"rendered":"<p>Nagyajta, 1931. j\u00fal. 28. \u2020 Mv., 2011.?.: orvos. \u2013 K. D\u00e1vid f\u00f6ldm\u0171ves \u00e9s Roz\u00e1lia fia. Feles\u00e9ge. Kis Emilia, gy\u00f3gyszer\u00e9sz (Kv., 1933. febr. 2. &#8211; Mv., 2019. j\u00fal. 12). A Nagyajta temet\u0151j\u00e9ben nyugszanak. \u2013 L\u00e1nyaik: Enik\u0151 (1958) technikus \u00e9s \u00c1gnes (1961) gy\u00f3gyszer\u00e9sz. \u2013 A MOGYI orvosi kar\u00e1n v\u00e9gzett (1957). K\u00f6rzeti orvos Gyimesk\u00f6z\u00e9plokon (1957\u201362). Idegseb\u00e9sz a mv.-i [&hellip;]<\/p>\n","protected":false},"featured_media":0,"comment_status":"open","ping_status":"closed","template":"","meta":[],"product_brand":[],"product_cat":[137],"product_tag":[],"class_list":{"0":"post-12032","1":"product","2":"type-product","3":"status-publish","5":"product_cat-maros-megyei-eletrajzi-lexikon","7":"first","8":"instock","9":"shipping-taxable","10":"product-type-simple"},"_links":{"self":[{"href":"https:\/\/uj.adatbank.ro\/lexikon\/wp-json\/wp\/v2\/product\/12032","targetHints":{"allow":["GET"]}}],"collection":[{"href":"https:\/\/uj.adatbank.ro\/lexikon\/wp-json\/wp\/v2\/product"}],"about":[{"href":"https:\/\/uj.adatbank.ro\/lexikon\/wp-json\/wp\/v2\/types\/product"}],"replies":[{"embeddable":true,"href":"https:\/\/uj.adatbank.ro\/lexikon\/wp-json\/wp\/v2\/comments?post=12032"}],"wp:attachment":[{"href":"https:\/\/uj.adatbank.ro\/lexikon\/wp-json\/wp\/v2\/media?parent=12032"}],"wp:term":[{"taxonomy":"product_brand","embeddable":true,"href":"https:\/\/uj.adatbank.ro\/lexikon\/wp-json\/wp\/v2\/product_brand?post=12032"},{"taxonomy":"product_cat","embeddable":true,"href":"https:\/\/uj.adatbank.ro\/lexikon\/wp-json\/wp\/v2\/product_cat?post=12032"},{"taxonomy":"product_tag","embeddable":true,"href":"https:\/\/uj.adatbank.ro\/lexikon\/wp-json\/wp\/v2\/product_tag?post=12032"}],"curies":[{"name":"wp","href":"https:\/\/api.w.org\/{rel}","templated":true}]}}