{"id":12033,"date":"2025-06-29T14:13:13","date_gmt":"2025-06-29T12:13:13","guid":{"rendered":"https:\/\/uj.adatbank.ro\/lexikon\/termek\/kisgyorgy-ferenc-kusgyorgy\/"},"modified":"2025-06-29T14:13:13","modified_gmt":"2025-06-29T12:13:13","slug":"kisgyorgy-ferenc-kusgyorgy","status":"publish","type":"product","link":"https:\/\/uj.adatbank.ro\/lexikon\/termek\/kisgyorgy-ferenc-kusgyorgy\/","title":{"rendered":"KISGY\u00d6RGY Ferenc, K\u00fcsgy\u00f6rgy"},"content":{"rendered":"<p>? \u2020 ?: unit. lelk\u00e9sz. \u2013 Tan\u00edt\u00f3 Szentgeric\u00e9n (1781\u201391). Rav\u00e1ban volt lelk\u00e9sz (1789- 93). Az \u0151 idej\u00e9ben \u00e9p\u00fclt fel a papi lak. Vadad lelk\u00e9sze (1830\u201346). <br \/><strong>Irod.:<\/strong> Cs\u00edkfalva; Kelemen; Rava; Szentgerice<\/br><\/p>\n","protected":false},"excerpt":{"rendered":"<p>? \u2020 ?: unit. lelk\u00e9sz. \u2013 Tan\u00edt\u00f3 Szentgeric\u00e9n (1781\u201391). Rav\u00e1ban volt lelk\u00e9sz (1789- 93). Az \u0151 idej\u00e9ben \u00e9p\u00fclt fel a papi lak. Vadad lelk\u00e9sze (1830\u201346). Irod.: Cs\u00edkfalva; Kelemen; Rava; Szentgerice<\/p>\n","protected":false},"featured_media":0,"comment_status":"open","ping_status":"closed","template":"","meta":[],"product_brand":[],"product_cat":[137],"product_tag":[],"class_list":{"0":"post-12033","1":"product","2":"type-product","3":"status-publish","5":"product_cat-maros-megyei-eletrajzi-lexikon","7":"first","8":"instock","9":"shipping-taxable","10":"product-type-simple"},"_links":{"self":[{"href":"https:\/\/uj.adatbank.ro\/lexikon\/wp-json\/wp\/v2\/product\/12033","targetHints":{"allow":["GET"]}}],"collection":[{"href":"https:\/\/uj.adatbank.ro\/lexikon\/wp-json\/wp\/v2\/product"}],"about":[{"href":"https:\/\/uj.adatbank.ro\/lexikon\/wp-json\/wp\/v2\/types\/product"}],"replies":[{"embeddable":true,"href":"https:\/\/uj.adatbank.ro\/lexikon\/wp-json\/wp\/v2\/comments?post=12033"}],"wp:attachment":[{"href":"https:\/\/uj.adatbank.ro\/lexikon\/wp-json\/wp\/v2\/media?parent=12033"}],"wp:term":[{"taxonomy":"product_brand","embeddable":true,"href":"https:\/\/uj.adatbank.ro\/lexikon\/wp-json\/wp\/v2\/product_brand?post=12033"},{"taxonomy":"product_cat","embeddable":true,"href":"https:\/\/uj.adatbank.ro\/lexikon\/wp-json\/wp\/v2\/product_cat?post=12033"},{"taxonomy":"product_tag","embeddable":true,"href":"https:\/\/uj.adatbank.ro\/lexikon\/wp-json\/wp\/v2\/product_tag?post=12033"}],"curies":[{"name":"wp","href":"https:\/\/api.w.org\/{rel}","templated":true}]}}