{"id":12036,"date":"2025-06-29T14:13:18","date_gmt":"2025-06-29T12:13:18","guid":{"rendered":"https:\/\/uj.adatbank.ro\/lexikon\/termek\/kisgyorgy-jozsef\/"},"modified":"2025-06-29T14:13:18","modified_gmt":"2025-06-29T12:13:18","slug":"kisgyorgy-jozsef","status":"publish","type":"product","link":"https:\/\/uj.adatbank.ro\/lexikon\/termek\/kisgyorgy-jozsef\/","title":{"rendered":"KISGY\u00d6RGY J\u00f3zsef"},"content":{"rendered":"<p>K\u00f6vend, 1818. \u2020 ?, 1893.: tan\u00edt\u00f3, \u00e9nekvez\u00e9r. \u2013 Tord\u00e1n \u00e9sKv.-on tanult. K\u00fck\u00fcll\u0151domb\u00f3n volt tan\u00edt\u00f3 (1842\u20131890). Munk\u00e1ja eredm\u00e9nyek\u00e9ppen el\u00f4bb csak h\u00e9t ifj\u00fa tanulja meg a bet\u0171vet\u00e9st, 47 \u00e9vi szorgoskod\u00e1sa azonban be\u00e9rik: nem marad analfab\u00e9ta a gy\u00fclekezetbe. Szolg\u00e1lata ideje alatt \u00e9p\u00fclt a korszer\u0171 iskola, \u00f3v\u00f3da \u00e9s a tan\u00edt\u00f3i lak\u00e1s (1844). J\u00f3t\u00e9kony hat\u00e1s\u00fa m\u0171vel\u0151d\u00e9si \u00e9letet szervezett: megalak\u00edtotta az Olvas\u00f3 \u00e9s \u00c9nekl\u0151 T\u00e1rsulatot (1841 v\u00e9g\u00e9n), n\u00e9gy sz\u00f3lamban \u00e9nekl\u00f4 f\u00e9rfi dalkart m\u0171k\u00f6dtetett szervezett keretek k\u00f6z\u00f6tt, \u00fajj\u00e1alak\u00edtotta a Domb\u00f3i \u00f6nk\u00e9pz\u0151k\u00f6rt (1850), h\u00edrlapokat j\u00e1ratott, h. a falu lakoss\u00e1ga megfelel\u0151 olvasm\u00e1nyokhoz jusson, sz\u00edndarabos el\u0151ad\u00e1sokat \u00e9s t\u00e1ncest\u00e9lyeket szervezett. Az olvas\u00e1s \u00e9s dalol\u00e1s napjainkig szok\u00e1ss\u00e1 \u00e9s hagyom\u00e1nny\u00e1 v\u00e1lt. Foglalkozott gy\u00fcm\u00f6lcsfa nemes\u00edt\u00e9ssel is. Papi c\u00edmmel t\u00fcntett\u00e9k ki (1862). Tisztelet\u00e9re a Kisk\u00fck\u00fcll\u0151 megyei Tan\u00edt\u00f3 Egyes\u00fclet Kisgy\u00f6rgy \u00fcnnep\u00e9lyt rendezett. <br \/><strong>Irod.:<\/strong> Kelemen; N\u00fa (2000. m\u00e1j. 3); Szab\u00f3 Mikl\u00f3s: Egy mulaszt\u00e1s\u00e9rt megk\u00f6vetem K\u00fck\u00fcll\u0151domb\u00f3t (N\u00fa., 1994. dec. 15.); Szab\u00f3 Mikl\u00f3s<\/br><\/p>\n","protected":false},"excerpt":{"rendered":"<p>K\u00f6vend, 1818. \u2020 ?, 1893.: tan\u00edt\u00f3, \u00e9nekvez\u00e9r. \u2013 Tord\u00e1n \u00e9sKv.-on tanult. K\u00fck\u00fcll\u0151domb\u00f3n volt tan\u00edt\u00f3 (1842\u20131890). Munk\u00e1ja eredm\u00e9nyek\u00e9ppen el\u00f4bb csak h\u00e9t ifj\u00fa tanulja meg a bet\u0171vet\u00e9st, 47 \u00e9vi szorgoskod\u00e1sa azonban be\u00e9rik: nem marad analfab\u00e9ta a gy\u00fclekezetbe. Szolg\u00e1lata ideje alatt \u00e9p\u00fclt a korszer\u0171 iskola, \u00f3v\u00f3da \u00e9s a tan\u00edt\u00f3i lak\u00e1s (1844). J\u00f3t\u00e9kony hat\u00e1s\u00fa m\u0171vel\u0151d\u00e9si \u00e9letet szervezett: megalak\u00edtotta az [&hellip;]<\/p>\n","protected":false},"featured_media":0,"comment_status":"open","ping_status":"closed","template":"","meta":[],"product_brand":[],"product_cat":[137],"product_tag":[],"class_list":{"0":"post-12036","1":"product","2":"type-product","3":"status-publish","5":"product_cat-maros-megyei-eletrajzi-lexikon","7":"first","8":"instock","9":"shipping-taxable","10":"product-type-simple"},"_links":{"self":[{"href":"https:\/\/uj.adatbank.ro\/lexikon\/wp-json\/wp\/v2\/product\/12036","targetHints":{"allow":["GET"]}}],"collection":[{"href":"https:\/\/uj.adatbank.ro\/lexikon\/wp-json\/wp\/v2\/product"}],"about":[{"href":"https:\/\/uj.adatbank.ro\/lexikon\/wp-json\/wp\/v2\/types\/product"}],"replies":[{"embeddable":true,"href":"https:\/\/uj.adatbank.ro\/lexikon\/wp-json\/wp\/v2\/comments?post=12036"}],"wp:attachment":[{"href":"https:\/\/uj.adatbank.ro\/lexikon\/wp-json\/wp\/v2\/media?parent=12036"}],"wp:term":[{"taxonomy":"product_brand","embeddable":true,"href":"https:\/\/uj.adatbank.ro\/lexikon\/wp-json\/wp\/v2\/product_brand?post=12036"},{"taxonomy":"product_cat","embeddable":true,"href":"https:\/\/uj.adatbank.ro\/lexikon\/wp-json\/wp\/v2\/product_cat?post=12036"},{"taxonomy":"product_tag","embeddable":true,"href":"https:\/\/uj.adatbank.ro\/lexikon\/wp-json\/wp\/v2\/product_tag?post=12036"}],"curies":[{"name":"wp","href":"https:\/\/api.w.org\/{rel}","templated":true}]}}