{"id":12038,"date":"2025-06-29T14:13:22","date_gmt":"2025-06-29T12:13:22","guid":{"rendered":"https:\/\/uj.adatbank.ro\/lexikon\/termek\/kisgyorgy-zoltan\/"},"modified":"2025-06-29T14:13:22","modified_gmt":"2025-06-29T12:13:22","slug":"kisgyorgy-zoltan","status":"publish","type":"product","link":"https:\/\/uj.adatbank.ro\/lexikon\/termek\/kisgyorgy-zoltan\/","title":{"rendered":"KISGY\u00d6RGY Zolt\u00e1n"},"content":{"rendered":"<p>Nagyajta, 1929. m\u00e1rc. 31., \u2020 Mv., 2005. szept. 28 : biol\u00f3gus, egyetemi tan\u00e1r. \u2013 K\u00f6z\u00e9piskol\u00e1it Sepsiszentgy\u00f6rgy\u00f6n a Sz\u00e9kely Mik\u00f3 Koll.-ban (1948), az egyetemet Kv.-on a BTE-en v\u00e9gezte (1953); a biol\u00f3giai tudom\u00e1nyok doktora (1971). P\u00e1ly\u00e1j\u00e1t Mv.-en kezdte mint az OGYI-n gyakornok (1953\u201354), tan\u00e1rseg\u00e9d (1955\u201374), majd adjunktus (1975\u201390), el\u0151ad\u00f3tan\u00e1r (1991\u201398), a gy\u00f3gyszer\u00e9szeti n\u00f6v\u00e9nytan magyar nyelv\u0171 oktat\u00f3ja; a MOGYI tudom\u00e1nyos kutat\u00f3ja (1986\u2013). A Sapientia kert\u00e9szm\u00e9rn\u00f6ki szak\u00e1n oktatott (?). A gy\u00f3gyn\u00f6v\u00e9nyek rom\u00e1niai lel\u0151helyeinek (Cs\u00edk, H\u00e1romsz\u00e9k, Barcas\u00e1g, Fogarasi-medence, Szatm\u00e1r \u00e9s r\u00e9szben Beszterce-Nasz\u00f3d) mennyis\u00e9gi viszonyair\u00f3l, valamint a hat\u00f3anyag \u00e9s a n\u00f6v\u00e9nyi test bels\u0151 szerkezet\u00e9nek \u00f6sszef\u00fcgg\u00e9s\u00e9r\u0151l t\u00f6bb k\u00f6zlem\u00e9nyben sz\u00e1molt be. Cikkei : Orvosi Szemle, Revista Medical\u0103, Farmacia, Comunic\u0103ri de Botanic\u0103, Comunic\u0103ri al Academiei RSR, Note Botanice, Industria Alimentar\u0103-Produse vegetale, Die Pharmazie, Acta Farmaceutica Hungarica. \u2013 <strong>F. m.:<\/strong> A gy\u00f3gyn\u00f6v\u00e9nyek felismer\u00e9s\u00e9r\u0151l (Mv., 1965); Gy\u00f3gyszer\u00e9szeti n\u00f6v\u00e9nytan 2 k\u00f6t: Organogr\u00e1fia; 3 k\u00f6t.: Rendszertan (Mv., 1986, 1991; 1994); Botanic\u0103 farmaceutic\u0103 (TgM., 1993); Botanic\u0103 farmaceutic\u0103: Lucr\u0103ri ptactice pentru recunoa\u015fterea plantelor medicale (TgM, 1993); \u00c9vfordul\u00f3s gondolatok = Ny\u00e1r\u00e1dszereda \u2013 Iskola; <strong>t\u00e1rssz.:<\/strong> Ghidul cursului de botanic\u0103 farmaceutic\u0103 (Tg. M, 1956); Recunoa\u015fterea plantelor medicale (TgM, 1965); Farmacopeea Rom\u00een\u0103 (Buc., 1965); Lucr\u0103ri practice de botanic\u0103 farmaceutic\u0103. Fasc. 2. Sistematic. (M\u00e1rton Aureliaval, Tg. M, 1965), Plante medicale din flora spontan\u0103 a Bazinului Ciuc (Cs\u00edkszereda, 1968); Sistematica plantelor (ghidul cursuluin de btanica farmeceutica; F\u00fczi J\u00f3zseffel; Tg. M. 1971); Kov\u00e1sznamegye gy\u00f3gyn\u00f6v\u00e9nyei (Sepsiszentgy\u00f6rgy, 1973); Plantele medicale din jud. Harghita (Tg. M, 1973); Rom\u00e1nia \u00e1sv\u00e1nyviei (Krist\u00f3 Andr\u00e1ssal; Buk., 1978); Gy\u00f3gyszer\u00e9szeti n\u00f6v\u00e9nytan (M\u00e1rton Arank\u00e1val; 1. k\u00f6t.: Sejttan \u00e9s sz\u00f6vettan; Mv., 1979; 3 k\u00f6t.: 1977, 1991, 1994); Plantele medicale \u015fi condimentare din jud. Harghita = Hargitamegye gy\u00f3gy- \u00e9s f\u0171szern\u00f6v\u00e9nyei (Mv., 1980); Facultatea de Farmacie din T\u00e2rgu Mure\u015f =. A Marosv\u00e1s\u00e1rhelyi Gy\u00f3gyszer\u00e9szeti Kar : 1948\u20131998 (Mv., 1999) <br \/><strong>Irod.:<\/strong> EMKK 2010; Facultatea de Farmacie; Genersich; KKACs; Mv.-i Gy\u00f3gyszer\u00e9szeti Kar; P\u00e9ter H. M. 2013; RMKK; RMIL<\/br><\/p>\n","protected":false},"excerpt":{"rendered":"<p>Nagyajta, 1929. m\u00e1rc. 31., \u2020 Mv., 2005. szept. 28 : biol\u00f3gus, egyetemi tan\u00e1r. \u2013 K\u00f6z\u00e9piskol\u00e1it Sepsiszentgy\u00f6rgy\u00f6n a Sz\u00e9kely Mik\u00f3 Koll.-ban (1948), az egyetemet Kv.-on a BTE-en v\u00e9gezte (1953); a biol\u00f3giai tudom\u00e1nyok doktora (1971). P\u00e1ly\u00e1j\u00e1t Mv.-en kezdte mint az OGYI-n gyakornok (1953\u201354), tan\u00e1rseg\u00e9d (1955\u201374), majd adjunktus (1975\u201390), el\u0151ad\u00f3tan\u00e1r (1991\u201398), a gy\u00f3gyszer\u00e9szeti n\u00f6v\u00e9nytan magyar nyelv\u0171 oktat\u00f3ja; a [&hellip;]<\/p>\n","protected":false},"featured_media":0,"comment_status":"open","ping_status":"closed","template":"","meta":[],"product_brand":[],"product_cat":[137],"product_tag":[],"class_list":{"0":"post-12038","1":"product","2":"type-product","3":"status-publish","5":"product_cat-maros-megyei-eletrajzi-lexikon","7":"first","8":"instock","9":"shipping-taxable","10":"product-type-simple"},"_links":{"self":[{"href":"https:\/\/uj.adatbank.ro\/lexikon\/wp-json\/wp\/v2\/product\/12038","targetHints":{"allow":["GET"]}}],"collection":[{"href":"https:\/\/uj.adatbank.ro\/lexikon\/wp-json\/wp\/v2\/product"}],"about":[{"href":"https:\/\/uj.adatbank.ro\/lexikon\/wp-json\/wp\/v2\/types\/product"}],"replies":[{"embeddable":true,"href":"https:\/\/uj.adatbank.ro\/lexikon\/wp-json\/wp\/v2\/comments?post=12038"}],"wp:attachment":[{"href":"https:\/\/uj.adatbank.ro\/lexikon\/wp-json\/wp\/v2\/media?parent=12038"}],"wp:term":[{"taxonomy":"product_brand","embeddable":true,"href":"https:\/\/uj.adatbank.ro\/lexikon\/wp-json\/wp\/v2\/product_brand?post=12038"},{"taxonomy":"product_cat","embeddable":true,"href":"https:\/\/uj.adatbank.ro\/lexikon\/wp-json\/wp\/v2\/product_cat?post=12038"},{"taxonomy":"product_tag","embeddable":true,"href":"https:\/\/uj.adatbank.ro\/lexikon\/wp-json\/wp\/v2\/product_tag?post=12038"}],"curies":[{"name":"wp","href":"https:\/\/api.w.org\/{rel}","templated":true}]}}