{"id":12043,"date":"2025-06-29T14:13:31","date_gmt":"2025-06-29T12:13:31","guid":{"rendered":"https:\/\/uj.adatbank.ro\/lexikon\/termek\/kiss-akos-kiss-arcadie\/"},"modified":"2025-06-29T14:13:31","modified_gmt":"2025-06-29T12:13:31","slug":"kiss-akos-kiss-arcadie","status":"publish","type":"product","link":"https:\/\/uj.adatbank.ro\/lexikon\/termek\/kiss-akos-kiss-arcadie\/","title":{"rendered":"KISS \u00c1kos, Kiss Arcadie"},"content":{"rendered":"<p>? \u2020 ?: labdar\u00fag\u00f3edz\u0151. \u2013 Az \u00fajj\u00e1szervezett Av\u00e2ntul \u2013 Reghin labdar\u00fag\u00f3csapat edz\u0151je (1949. j\u00fan. 16. \u2013 51 \u00e9s 1953- 55). Vezet\u00e9s\u00e9vel bejutott a csapat az A Divizi\u00f3ba (1955). T\u00e1voz\u00e1sa ut\u00e1n a csapat j\u00e1t\u00e9ka visszaesett. <br \/><strong>Irod.:<\/strong> Reghin \u2013 Av\u00e2ntul<\/br><\/p>\n","protected":false},"excerpt":{"rendered":"<p>? \u2020 ?: labdar\u00fag\u00f3edz\u0151. \u2013 Az \u00fajj\u00e1szervezett Av\u00e2ntul \u2013 Reghin labdar\u00fag\u00f3csapat edz\u0151je (1949. j\u00fan. 16. \u2013 51 \u00e9s 1953- 55). Vezet\u00e9s\u00e9vel bejutott a csapat az A Divizi\u00f3ba (1955). T\u00e1voz\u00e1sa ut\u00e1n a csapat j\u00e1t\u00e9ka visszaesett. Irod.: Reghin \u2013 Av\u00e2ntul<\/p>\n","protected":false},"featured_media":0,"comment_status":"open","ping_status":"closed","template":"","meta":[],"product_brand":[],"product_cat":[137],"product_tag":[],"class_list":{"0":"post-12043","1":"product","2":"type-product","3":"status-publish","5":"product_cat-maros-megyei-eletrajzi-lexikon","7":"first","8":"instock","9":"shipping-taxable","10":"product-type-simple"},"_links":{"self":[{"href":"https:\/\/uj.adatbank.ro\/lexikon\/wp-json\/wp\/v2\/product\/12043","targetHints":{"allow":["GET"]}}],"collection":[{"href":"https:\/\/uj.adatbank.ro\/lexikon\/wp-json\/wp\/v2\/product"}],"about":[{"href":"https:\/\/uj.adatbank.ro\/lexikon\/wp-json\/wp\/v2\/types\/product"}],"replies":[{"embeddable":true,"href":"https:\/\/uj.adatbank.ro\/lexikon\/wp-json\/wp\/v2\/comments?post=12043"}],"wp:attachment":[{"href":"https:\/\/uj.adatbank.ro\/lexikon\/wp-json\/wp\/v2\/media?parent=12043"}],"wp:term":[{"taxonomy":"product_brand","embeddable":true,"href":"https:\/\/uj.adatbank.ro\/lexikon\/wp-json\/wp\/v2\/product_brand?post=12043"},{"taxonomy":"product_cat","embeddable":true,"href":"https:\/\/uj.adatbank.ro\/lexikon\/wp-json\/wp\/v2\/product_cat?post=12043"},{"taxonomy":"product_tag","embeddable":true,"href":"https:\/\/uj.adatbank.ro\/lexikon\/wp-json\/wp\/v2\/product_tag?post=12043"}],"curies":[{"name":"wp","href":"https:\/\/api.w.org\/{rel}","templated":true}]}}