{"id":12045,"date":"2025-06-29T14:13:36","date_gmt":"2025-06-29T12:13:36","guid":{"rendered":"https:\/\/uj.adatbank.ro\/lexikon\/termek\/kiss-albert-2\/"},"modified":"2025-06-29T14:13:36","modified_gmt":"2025-06-29T12:13:36","slug":"kiss-albert-2","status":"publish","type":"product","link":"https:\/\/uj.adatbank.ro\/lexikon\/termek\/kiss-albert-2\/","title":{"rendered":"KISS Albert"},"content":{"rendered":"<p>1896., \u2020 Mv., 1990. jan. 26.: mester. \u2013 A mv.-i \u00c9p\u00edt\u00e9szeti iskola fest\u0151 tagozat\u00e1nak mester-oktat\u00f3ja volt. <br \/><strong>Irod.:<\/strong> [Nekrol\u00f3g] (N\u00fa., 1990. jan. 28.)<\/br><\/p>\n","protected":false},"excerpt":{"rendered":"<p>1896., \u2020 Mv., 1990. jan. 26.: mester. \u2013 A mv.-i \u00c9p\u00edt\u00e9szeti iskola fest\u0151 tagozat\u00e1nak mester-oktat\u00f3ja volt. Irod.: [Nekrol\u00f3g] (N\u00fa., 1990. jan. 28.)<\/p>\n","protected":false},"featured_media":0,"comment_status":"open","ping_status":"closed","template":"","meta":[],"product_brand":[],"product_cat":[137],"product_tag":[],"class_list":{"0":"post-12045","1":"product","2":"type-product","3":"status-publish","5":"product_cat-maros-megyei-eletrajzi-lexikon","7":"first","8":"instock","9":"shipping-taxable","10":"product-type-simple"},"_links":{"self":[{"href":"https:\/\/uj.adatbank.ro\/lexikon\/wp-json\/wp\/v2\/product\/12045","targetHints":{"allow":["GET"]}}],"collection":[{"href":"https:\/\/uj.adatbank.ro\/lexikon\/wp-json\/wp\/v2\/product"}],"about":[{"href":"https:\/\/uj.adatbank.ro\/lexikon\/wp-json\/wp\/v2\/types\/product"}],"replies":[{"embeddable":true,"href":"https:\/\/uj.adatbank.ro\/lexikon\/wp-json\/wp\/v2\/comments?post=12045"}],"wp:attachment":[{"href":"https:\/\/uj.adatbank.ro\/lexikon\/wp-json\/wp\/v2\/media?parent=12045"}],"wp:term":[{"taxonomy":"product_brand","embeddable":true,"href":"https:\/\/uj.adatbank.ro\/lexikon\/wp-json\/wp\/v2\/product_brand?post=12045"},{"taxonomy":"product_cat","embeddable":true,"href":"https:\/\/uj.adatbank.ro\/lexikon\/wp-json\/wp\/v2\/product_cat?post=12045"},{"taxonomy":"product_tag","embeddable":true,"href":"https:\/\/uj.adatbank.ro\/lexikon\/wp-json\/wp\/v2\/product_tag?post=12045"}],"curies":[{"name":"wp","href":"https:\/\/api.w.org\/{rel}","templated":true}]}}