{"id":12046,"date":"2025-06-29T14:13:37","date_gmt":"2025-06-29T12:13:37","guid":{"rendered":"https:\/\/uj.adatbank.ro\/lexikon\/termek\/kiss-albert-3\/"},"modified":"2025-06-29T14:13:37","modified_gmt":"2025-06-29T12:13:37","slug":"kiss-albert-3","status":"publish","type":"product","link":"https:\/\/uj.adatbank.ro\/lexikon\/termek\/kiss-albert-3\/","title":{"rendered":"KISS Albert"},"content":{"rendered":"<p>1916, \u2020 Mv., 1971. dec. 4.: munk\u00e1smozgalmi harcos. \u2013 A munk\u00e1smozgalom harcosa. Az illeg\u00e1lit\u00e1s \u00e9veiben a KISZ, az RKP tagja. Tev\u00e9kenys\u00e9g\u00e9\u00e9rt t\u00f6bbsz\u00f6r letart\u00f3ztatt\u00e1k, a kv.-i hadb\u00edr\u00f3s\u00e1g b\u00f6rt\u00f6nb\u00fcntet\u00e9sre it\u00e9lte (1934). Vezet\u0151s\u00e9gi tagja volt a MDSZ kv.-i megyei szervezet\u00e9nek \u00e9s tagja a V\u00f6r\u00f6s Seg\u00e9ly bizotts\u00e1gnak. P\u00e1rt \u00e9s \u00e1llami vezet\u0151 beoszt\u00e1sban dolgozott (1944 ut\u00e1n), tev\u00e9kenys\u00e9g\u00e9\u00e9rt az RSZK \u00c1llamtan\u00e1csa \u00e9rdemrendekkel \u00e9s \u00e9rmekkel t\u00fcntette ki. <br \/><strong>Irod.:<\/strong> K. A. [Nekrol\u00f3g] (V. Z., 1971. dec. 5.)<\/br><\/p>\n","protected":false},"excerpt":{"rendered":"<p>1916, \u2020 Mv., 1971. dec. 4.: munk\u00e1smozgalmi harcos. \u2013 A munk\u00e1smozgalom harcosa. Az illeg\u00e1lit\u00e1s \u00e9veiben a KISZ, az RKP tagja. Tev\u00e9kenys\u00e9g\u00e9\u00e9rt t\u00f6bbsz\u00f6r letart\u00f3ztatt\u00e1k, a kv.-i hadb\u00edr\u00f3s\u00e1g b\u00f6rt\u00f6nb\u00fcntet\u00e9sre it\u00e9lte (1934). Vezet\u0151s\u00e9gi tagja volt a MDSZ kv.-i megyei szervezet\u00e9nek \u00e9s tagja a V\u00f6r\u00f6s Seg\u00e9ly bizotts\u00e1gnak. P\u00e1rt \u00e9s \u00e1llami vezet\u0151 beoszt\u00e1sban dolgozott (1944 ut\u00e1n), tev\u00e9kenys\u00e9g\u00e9\u00e9rt az RSZK \u00c1llamtan\u00e1csa [&hellip;]<\/p>\n","protected":false},"featured_media":0,"comment_status":"open","ping_status":"closed","template":"","meta":[],"product_brand":[],"product_cat":[137],"product_tag":[],"class_list":{"0":"post-12046","1":"product","2":"type-product","3":"status-publish","5":"product_cat-maros-megyei-eletrajzi-lexikon","7":"first","8":"instock","9":"shipping-taxable","10":"product-type-simple"},"_links":{"self":[{"href":"https:\/\/uj.adatbank.ro\/lexikon\/wp-json\/wp\/v2\/product\/12046","targetHints":{"allow":["GET"]}}],"collection":[{"href":"https:\/\/uj.adatbank.ro\/lexikon\/wp-json\/wp\/v2\/product"}],"about":[{"href":"https:\/\/uj.adatbank.ro\/lexikon\/wp-json\/wp\/v2\/types\/product"}],"replies":[{"embeddable":true,"href":"https:\/\/uj.adatbank.ro\/lexikon\/wp-json\/wp\/v2\/comments?post=12046"}],"wp:attachment":[{"href":"https:\/\/uj.adatbank.ro\/lexikon\/wp-json\/wp\/v2\/media?parent=12046"}],"wp:term":[{"taxonomy":"product_brand","embeddable":true,"href":"https:\/\/uj.adatbank.ro\/lexikon\/wp-json\/wp\/v2\/product_brand?post=12046"},{"taxonomy":"product_cat","embeddable":true,"href":"https:\/\/uj.adatbank.ro\/lexikon\/wp-json\/wp\/v2\/product_cat?post=12046"},{"taxonomy":"product_tag","embeddable":true,"href":"https:\/\/uj.adatbank.ro\/lexikon\/wp-json\/wp\/v2\/product_tag?post=12046"}],"curies":[{"name":"wp","href":"https:\/\/api.w.org\/{rel}","templated":true}]}}