{"id":12048,"date":"2025-06-29T14:13:41","date_gmt":"2025-06-29T12:13:41","guid":{"rendered":"https:\/\/uj.adatbank.ro\/lexikon\/termek\/kiss-andor\/"},"modified":"2025-06-29T14:13:41","modified_gmt":"2025-06-29T12:13:41","slug":"kiss-andor","status":"publish","type":"product","link":"https:\/\/uj.adatbank.ro\/lexikon\/termek\/kiss-andor\/","title":{"rendered":"KISS Andor"},"content":{"rendered":"<p>Mv., 1916., \u2020 Mv., 1982. okt. 23.: \u00fasz\u00f3-edz\u0151, v\u00edzipol\u00f3 b\u00edr\u00f3, nemzetk\u00f6zi j\u00e1t\u00e9kvezet\u0151 keszty\u0171szab\u00e1sz. \u2013 Az EMS sz\u00edneiben vizilabd\u00e1zott (1945-ig). Nemzetk\u00f6zi b\u00edr\u00f3. A Voin\u0163a \/ Akarat sportegyes\u00fcletn\u00e9l tevkenykedett, hozz\u00e1\u00e9rt\u00e9ssel vezetett le t\u00f6bb jelent\u0151s \u00fasz\u00f3 \u00e9s v\u00edzilabdatorn\u00e1t. A rom\u00e1n szaksz\u00f6vrts\u00e9g vezet\u0151s\u00e9gi tagja, a Maros megyei sportmozgalom aktivist\u00e1ja, \u00fasz\u00f3- \u00e9s v\u00edzilabda sport\u00e1g szakoszt\u00e1ly\u00e1nak eln\u00f6ke. Tisztelet\u00e9re Mv.-en eml\u00e9k \u00fasz\u00f3versenyt szervezte (1995). <br \/><strong>Irod.:<\/strong> K. A. eml\u00e9kverseny N\u00fa., 1995. m\u00e1j. 23.); [Nekrol\u00f3g] (V. Z., 1982. okt. 24.)<\/br><\/p>\n","protected":false},"excerpt":{"rendered":"<p>Mv., 1916., \u2020 Mv., 1982. okt. 23.: \u00fasz\u00f3-edz\u0151, v\u00edzipol\u00f3 b\u00edr\u00f3, nemzetk\u00f6zi j\u00e1t\u00e9kvezet\u0151 keszty\u0171szab\u00e1sz. \u2013 Az EMS sz\u00edneiben vizilabd\u00e1zott (1945-ig). Nemzetk\u00f6zi b\u00edr\u00f3. A Voin\u0163a \/ Akarat sportegyes\u00fcletn\u00e9l tevkenykedett, hozz\u00e1\u00e9rt\u00e9ssel vezetett le t\u00f6bb jelent\u0151s \u00fasz\u00f3 \u00e9s v\u00edzilabdatorn\u00e1t. A rom\u00e1n szaksz\u00f6vrts\u00e9g vezet\u0151s\u00e9gi tagja, a Maros megyei sportmozgalom aktivist\u00e1ja, \u00fasz\u00f3- \u00e9s v\u00edzilabda sport\u00e1g szakoszt\u00e1ly\u00e1nak eln\u00f6ke. Tisztelet\u00e9re Mv.-en eml\u00e9k \u00fasz\u00f3versenyt [&hellip;]<\/p>\n","protected":false},"featured_media":0,"comment_status":"open","ping_status":"closed","template":"","meta":[],"product_brand":[],"product_cat":[137],"product_tag":[],"class_list":{"0":"post-12048","1":"product","2":"type-product","3":"status-publish","5":"product_cat-maros-megyei-eletrajzi-lexikon","7":"first","8":"instock","9":"shipping-taxable","10":"product-type-simple"},"_links":{"self":[{"href":"https:\/\/uj.adatbank.ro\/lexikon\/wp-json\/wp\/v2\/product\/12048","targetHints":{"allow":["GET"]}}],"collection":[{"href":"https:\/\/uj.adatbank.ro\/lexikon\/wp-json\/wp\/v2\/product"}],"about":[{"href":"https:\/\/uj.adatbank.ro\/lexikon\/wp-json\/wp\/v2\/types\/product"}],"replies":[{"embeddable":true,"href":"https:\/\/uj.adatbank.ro\/lexikon\/wp-json\/wp\/v2\/comments?post=12048"}],"wp:attachment":[{"href":"https:\/\/uj.adatbank.ro\/lexikon\/wp-json\/wp\/v2\/media?parent=12048"}],"wp:term":[{"taxonomy":"product_brand","embeddable":true,"href":"https:\/\/uj.adatbank.ro\/lexikon\/wp-json\/wp\/v2\/product_brand?post=12048"},{"taxonomy":"product_cat","embeddable":true,"href":"https:\/\/uj.adatbank.ro\/lexikon\/wp-json\/wp\/v2\/product_cat?post=12048"},{"taxonomy":"product_tag","embeddable":true,"href":"https:\/\/uj.adatbank.ro\/lexikon\/wp-json\/wp\/v2\/product_tag?post=12048"}],"curies":[{"name":"wp","href":"https:\/\/api.w.org\/{rel}","templated":true}]}}