{"id":12052,"date":"2025-06-29T14:13:49","date_gmt":"2025-06-29T12:13:49","guid":{"rendered":"https:\/\/uj.adatbank.ro\/lexikon\/termek\/kiss-andras-4\/"},"modified":"2025-06-29T14:13:49","modified_gmt":"2025-06-29T12:13:49","slug":"kiss-andras-4","status":"publish","type":"product","link":"https:\/\/uj.adatbank.ro\/lexikon\/termek\/kiss-andras-4\/","title":{"rendered":"KISS Andr\u00e1s"},"content":{"rendered":"<p>? \u2020 ?: orvos. \u2013 A MOGYE \u00c1lt Orvosi kar\u00e1n volt hallgat\u00f3 (1951\u20131957), de okl. -t csak k\u00e9s\u0151bb szerzett (1961). K\u00f6rorvos Nagys\u00e1rm\u00e1sban. <br \/><strong>Irod.:<\/strong> Dezs\u0151 Istv\u00e1n<\/br><\/p>\n","protected":false},"excerpt":{"rendered":"<p>? \u2020 ?: orvos. \u2013 A MOGYE \u00c1lt Orvosi kar\u00e1n volt hallgat\u00f3 (1951\u20131957), de okl. -t csak k\u00e9s\u0151bb szerzett (1961). K\u00f6rorvos Nagys\u00e1rm\u00e1sban. Irod.: Dezs\u0151 Istv\u00e1n<\/p>\n","protected":false},"featured_media":0,"comment_status":"open","ping_status":"closed","template":"","meta":[],"product_brand":[],"product_cat":[137],"product_tag":[],"class_list":{"0":"post-12052","1":"product","2":"type-product","3":"status-publish","5":"product_cat-maros-megyei-eletrajzi-lexikon","7":"first","8":"instock","9":"shipping-taxable","10":"product-type-simple"},"_links":{"self":[{"href":"https:\/\/uj.adatbank.ro\/lexikon\/wp-json\/wp\/v2\/product\/12052","targetHints":{"allow":["GET"]}}],"collection":[{"href":"https:\/\/uj.adatbank.ro\/lexikon\/wp-json\/wp\/v2\/product"}],"about":[{"href":"https:\/\/uj.adatbank.ro\/lexikon\/wp-json\/wp\/v2\/types\/product"}],"replies":[{"embeddable":true,"href":"https:\/\/uj.adatbank.ro\/lexikon\/wp-json\/wp\/v2\/comments?post=12052"}],"wp:attachment":[{"href":"https:\/\/uj.adatbank.ro\/lexikon\/wp-json\/wp\/v2\/media?parent=12052"}],"wp:term":[{"taxonomy":"product_brand","embeddable":true,"href":"https:\/\/uj.adatbank.ro\/lexikon\/wp-json\/wp\/v2\/product_brand?post=12052"},{"taxonomy":"product_cat","embeddable":true,"href":"https:\/\/uj.adatbank.ro\/lexikon\/wp-json\/wp\/v2\/product_cat?post=12052"},{"taxonomy":"product_tag","embeddable":true,"href":"https:\/\/uj.adatbank.ro\/lexikon\/wp-json\/wp\/v2\/product_tag?post=12052"}],"curies":[{"name":"wp","href":"https:\/\/api.w.org\/{rel}","templated":true}]}}