{"id":12054,"date":"2025-06-29T14:13:53","date_gmt":"2025-06-29T12:13:53","guid":{"rendered":"https:\/\/uj.adatbank.ro\/lexikon\/termek\/kiss-antal\/"},"modified":"2025-06-29T14:13:53","modified_gmt":"2025-06-29T12:13:53","slug":"kiss-antal","status":"publish","type":"product","link":"https:\/\/uj.adatbank.ro\/lexikon\/termek\/kiss-antal\/","title":{"rendered":"KISS Antal"},"content":{"rendered":"<p>Gyergy\u00f3szentmikl\u00f3s, 1823., \u2020 1885: ezredes. \u2013 Kiss Kajt\u00e1n (1793-?) fia. \u2013 R\u00e9sztvett az 1848\u201349-es szabads\u00e1gharcban mint \u0151rnagy, majd fogs\u00e1gban volt Kufsteinban. Honv\u00e9d-z\u00e1szl\u00f3alj parancsnok volt Sz\u00e1szr\u00e9genben (1868), majd a cs\u00edkszeredai z\u00e1szl\u00f3alj parancsnoka, nyugd\u00edjaz\u00e1sakor ezredes (1880). <br \/><strong>Irod.:<\/strong> Sz\u00e1va 2012<\/br><\/p>\n","protected":false},"excerpt":{"rendered":"<p>Gyergy\u00f3szentmikl\u00f3s, 1823., \u2020 1885: ezredes. \u2013 Kiss Kajt\u00e1n (1793-?) fia. \u2013 R\u00e9sztvett az 1848\u201349-es szabads\u00e1gharcban mint \u0151rnagy, majd fogs\u00e1gban volt Kufsteinban. Honv\u00e9d-z\u00e1szl\u00f3alj parancsnok volt Sz\u00e1szr\u00e9genben (1868), majd a cs\u00edkszeredai z\u00e1szl\u00f3alj parancsnoka, nyugd\u00edjaz\u00e1sakor ezredes (1880). Irod.: Sz\u00e1va 2012<\/p>\n","protected":false},"featured_media":0,"comment_status":"open","ping_status":"closed","template":"","meta":[],"product_brand":[],"product_cat":[137],"product_tag":[],"class_list":{"0":"post-12054","1":"product","2":"type-product","3":"status-publish","5":"product_cat-maros-megyei-eletrajzi-lexikon","7":"first","8":"instock","9":"shipping-taxable","10":"product-type-simple"},"_links":{"self":[{"href":"https:\/\/uj.adatbank.ro\/lexikon\/wp-json\/wp\/v2\/product\/12054","targetHints":{"allow":["GET"]}}],"collection":[{"href":"https:\/\/uj.adatbank.ro\/lexikon\/wp-json\/wp\/v2\/product"}],"about":[{"href":"https:\/\/uj.adatbank.ro\/lexikon\/wp-json\/wp\/v2\/types\/product"}],"replies":[{"embeddable":true,"href":"https:\/\/uj.adatbank.ro\/lexikon\/wp-json\/wp\/v2\/comments?post=12054"}],"wp:attachment":[{"href":"https:\/\/uj.adatbank.ro\/lexikon\/wp-json\/wp\/v2\/media?parent=12054"}],"wp:term":[{"taxonomy":"product_brand","embeddable":true,"href":"https:\/\/uj.adatbank.ro\/lexikon\/wp-json\/wp\/v2\/product_brand?post=12054"},{"taxonomy":"product_cat","embeddable":true,"href":"https:\/\/uj.adatbank.ro\/lexikon\/wp-json\/wp\/v2\/product_cat?post=12054"},{"taxonomy":"product_tag","embeddable":true,"href":"https:\/\/uj.adatbank.ro\/lexikon\/wp-json\/wp\/v2\/product_tag?post=12054"}],"curies":[{"name":"wp","href":"https:\/\/api.w.org\/{rel}","templated":true}]}}